{"id":7660,"date":"2022-01-23T22:57:48","date_gmt":"2022-01-23T21:57:48","guid":{"rendered":"https:\/\/www.hml-fetish.de\/shop\/lb-vest-en-cuir\/"},"modified":"2022-01-23T22:57:48","modified_gmt":"2022-01-23T21:57:48","slug":"lb-vest-en-cuir","status":"publish","type":"product","link":"https:\/\/www.hml-fetish.de\/shop\/fr\/lb-vest-en-cuir\/","title":{"rendered":"LB Vest en cuir"},"content":{"rendered":"<p>Inspir\u00e9 d&#8217;un gilet de charge tactique de l&#8217;arm\u00e9e &#8211; r\u00e9interpr\u00e9t\u00e9 pour la sc\u00e8ne f\u00e9tichiste : offrir beaucoup d&#8217;espace de rangement, mais couvrir peu de corps et avoir un look vraiment g\u00e9nial.<br \/>\n<BR><BR>Nappa de b\u0153uf robuste. Deux grandes, deux petites poches ext\u00e9rieures, deux poches int\u00e9rieures \u00e0 fermeture \u00e9clair. Boucles de ceinture r\u00e9glables, la\u00e7age par \u00e9lastique. Taille universelle.<br \/>\n<BR><BR>Ce gilet est peut-\u00eatre un peu extravagant, mais il est tr\u00e8s fonctionnel.<\/p>\n","protected":false},"excerpt":{"rendered":"<h4>LB Vest en cuir<\/h4>\n<p>Inspir\u00e9 d&#8217;un gilet de charge tactique de l&#8217;arm\u00e9e &#8211; r\u00e9interpr\u00e9t\u00e9 pour la sc\u00e8ne f\u00e9tichiste : offrir beaucoup d&#8217;espace de rangement, mais couvrir peu de corps et avoir un look vraiment g\u00e9nial.<\/p>\n","protected":false},"featured_media":7637,"comment_status":"open","ping_status":"closed","template":"","meta":[],"product_brand":[],"product_cat":[590,630],"product_tag":[4400],"class_list":{"0":"post-7660","1":"product","2":"type-product","3":"status-publish","4":"has-post-thumbnail","6":"product_cat-shirts-vestons","7":"product_cat-vetements-army","8":"product_tag-hml-fetish-original-fr","9":"product_shipping_class-colis-fr","11":"first","12":"instock","13":"taxable","14":"shipping-taxable","15":"purchasable","16":"product-type-simple"},"_links":{"self":[{"href":"https:\/\/www.hml-fetish.de\/shop\/fr\/wp-json\/wp\/v2\/product\/7660","targetHints":{"allow":["GET"]}}],"collection":[{"href":"https:\/\/www.hml-fetish.de\/shop\/fr\/wp-json\/wp\/v2\/product"}],"about":[{"href":"https:\/\/www.hml-fetish.de\/shop\/fr\/wp-json\/wp\/v2\/types\/product"}],"replies":[{"embeddable":true,"href":"https:\/\/www.hml-fetish.de\/shop\/fr\/wp-json\/wp\/v2\/comments?post=7660"}],"version-history":[{"count":0,"href":"https:\/\/www.hml-fetish.de\/shop\/fr\/wp-json\/wp\/v2\/product\/7660\/revisions"}],"wp:featuredmedia":[{"embeddable":true,"href":"https:\/\/www.hml-fetish.de\/shop\/fr\/wp-json\/wp\/v2\/media\/7637"}],"wp:attachment":[{"href":"https:\/\/www.hml-fetish.de\/shop\/fr\/wp-json\/wp\/v2\/media?parent=7660"}],"wp:term":[{"taxonomy":"product_brand","embeddable":true,"href":"https:\/\/www.hml-fetish.de\/shop\/fr\/wp-json\/wp\/v2\/product_brand?post=7660"},{"taxonomy":"product_cat","embeddable":true,"href":"https:\/\/www.hml-fetish.de\/shop\/fr\/wp-json\/wp\/v2\/product_cat?post=7660"},{"taxonomy":"product_tag","embeddable":true,"href":"https:\/\/www.hml-fetish.de\/shop\/fr\/wp-json\/wp\/v2\/product_tag?post=7660"}],"curies":[{"name":"wp","href":"https:\/\/api.w.org\/{rel}","templated":true}]}}