{"id":7509,"date":"2022-01-23T22:57:48","date_gmt":"2022-01-23T21:57:48","guid":{"rendered":"https:\/\/www.hml-fetish.de\/shop\/produkt\/leder-weste-titflash\/"},"modified":"2025-03-13T18:09:45","modified_gmt":"2025-03-13T17:09:45","slug":"gilet-en-cuir-titflash","status":"publish","type":"product","link":"https:\/\/www.hml-fetish.de\/shop\/fr\/gilet-en-cuir-titflash\/","title":{"rendered":"Gilet en cuir titflash"},"content":{"rendered":"<h4>Gilet en cuir titflash<\/h4>\n<p><P>Le gilet qu&#8217;on attendait: sexe et au prix imbattable. Travaill\u00e9 en nappa noir et mat avec une \u00e9paisseur d&#8217;environ 1,1 mm, solide et doux \u00e0 la fois. Deux poches int\u00e9rieures, invisibles de l\u2019ext\u00e9rieur offrent suffisamment de place pour tout ce dont on a besoin.<\/p>\n<p>La coupe est sexe et met en valeur ta poitrine pour un look viril \u00e0 tout moment. Sept tailles pour vraiment tout le monde.<\/p>\n<p><img decoding=\"async\" title=\"tableau des tailles\" src=\"https:\/\/www.hml-fetish.de\/GIF\/sizefr_unisex_up.gif\" alt=\"tableau des tailles\" width=\"114\" height=\"194\" border=\"0\" \/><\/P><br \/>\n<P><B>S\u00e9curit\u00e9 du produit:<\/B><BR>.<br \/>\nInformation sur les allergies : Mat\u00e9riau cuir de vachette, les parties m\u00e9talliques en contact avec la peau sont exemptes de rouille et de nickel<BR>.<br \/>\nPersonne responsable<BR><br \/>\nHML, propri\u00e9taire Dr. Detlef Moller<BR><br \/>\nNeukirchstra\u00dfe 18<BR><br \/>\n28215 Br\u00eame<BR><br \/>\nAllemagne<BR><br \/>\ninfo@hml-fetish.de<\/P><\/p>\n","protected":false},"excerpt":{"rendered":"<p>Le gilet qu&#8217;on attendait: sexe et au prix imbattable. Travaill\u00e9 en nappa noir et mat avec une \u00e9paisseur d&#8217;environ 1,1 mm, solide et doux \u00e0 la fois. Deux poches int\u00e9rieures, invisibles de l\u2019ext\u00e9rieur offrent suffisamment de place pour tout ce dont on a besoin.<\/p>\n","protected":false},"featured_media":7453,"comment_status":"open","ping_status":"closed","template":"","meta":[],"product_brand":[],"product_cat":[732,590],"product_tag":[4400],"class_list":{"0":"post-7509","1":"product","2":"type-product","3":"status-publish","4":"has-post-thumbnail","6":"product_cat-best-seller","7":"product_cat-shirts-vestons","8":"product_tag-hml-fetish-original-fr","10":"first","11":"instock","12":"taxable","13":"shipping-taxable","14":"purchasable","15":"product-type-variable"},"_links":{"self":[{"href":"https:\/\/www.hml-fetish.de\/shop\/fr\/wp-json\/wp\/v2\/product\/7509","targetHints":{"allow":["GET"]}}],"collection":[{"href":"https:\/\/www.hml-fetish.de\/shop\/fr\/wp-json\/wp\/v2\/product"}],"about":[{"href":"https:\/\/www.hml-fetish.de\/shop\/fr\/wp-json\/wp\/v2\/types\/product"}],"replies":[{"embeddable":true,"href":"https:\/\/www.hml-fetish.de\/shop\/fr\/wp-json\/wp\/v2\/comments?post=7509"}],"version-history":[{"count":0,"href":"https:\/\/www.hml-fetish.de\/shop\/fr\/wp-json\/wp\/v2\/product\/7509\/revisions"}],"wp:featuredmedia":[{"embeddable":true,"href":"https:\/\/www.hml-fetish.de\/shop\/fr\/wp-json\/wp\/v2\/media\/7453"}],"wp:attachment":[{"href":"https:\/\/www.hml-fetish.de\/shop\/fr\/wp-json\/wp\/v2\/media?parent=7509"}],"wp:term":[{"taxonomy":"product_brand","embeddable":true,"href":"https:\/\/www.hml-fetish.de\/shop\/fr\/wp-json\/wp\/v2\/product_brand?post=7509"},{"taxonomy":"product_cat","embeddable":true,"href":"https:\/\/www.hml-fetish.de\/shop\/fr\/wp-json\/wp\/v2\/product_cat?post=7509"},{"taxonomy":"product_tag","embeddable":true,"href":"https:\/\/www.hml-fetish.de\/shop\/fr\/wp-json\/wp\/v2\/product_tag?post=7509"}],"curies":[{"name":"wp","href":"https:\/\/api.w.org\/{rel}","templated":true}]}}