{"id":6978,"date":"2022-01-23T22:51:59","date_gmt":"2022-01-23T21:51:59","guid":{"rendered":"https:\/\/www.hml-fetish.de\/shop\/?post_type=product&#038;p=6978"},"modified":"2024-12-01T11:03:09","modified_gmt":"2024-12-01T10:03:09","slug":"mike-gorden-der-gefrorene-urknall","status":"publish","type":"product","link":"https:\/\/www.hml-fetish.de\/shop\/fr\/mike-gorden-der-gefrorene-urknall\/","title":{"rendered":"Mike Gorden-Der gefrorene Urknall"},"content":{"rendered":"<div>\n<h2>Der Mo\u00edra-Zyklus: Queer Mystery<\/h2>\n<h4>Klappentext:<\/h4>\n<p>Ein unbekannter Toter im Pariser Drogenmilieu. Der Markt wird mit billigem Heroin \u00fcberschwemmt. F\u00fcr Maurice Belloumi und seinen Kommissar eine neue Herausforderung.<\/p>\n<p>Am Genfer CERN befindet sich seit einiger Zeit eine Pforte in ein Paralleluniversum aus Antimaterie. Ist sie noch geschlossen? Die Institutsleitung sagt ja, doch r\u00e4tselhafte St\u00f6rungen im Umkreis sprechen eine andere Sprache.<\/p>\n<p>Wer steckt hinter diesen und anderen nur scheinbar unzusammenh\u00e4ngenden Ereignissen? Die F\u00e4den laufen in Paris bei Belloumis Freund Mike Peters zusammen. Die beiden m\u00fcssen all ihre Beziehungen spielen lassen, um der R\u00e4tsel L\u00f6sung zu finden.<\/p>\n<h3><a title=\"Darum geht&#039;s in \u00bbDer gefrorene Urknall\u00ab:\" href=\"https:\/\/www.mikegorden.de\/web\/der-gefrorene-urknall\/\" target=\"_blank\" rel=\"noopener\">Darum geht&#8217;s in \u00bbDer gefrorene Urknall\u00ab:<\/a><\/h3>\n<p>Mikes und Maurices Verh\u00e4ltnis hat sich nach der st\u00fcrmischen Affaire im ersten Band abgek\u00fchlt. Die neuen Ereignisse bringen sie aber wieder zusammen. Mike k\u00fcmmert sich um Maurice, als dieser schwer verletzt von einem Einsatz in den Banlieues zur\u00fcckkommt. Die R\u00e4tsel, die die neuen Ereignisse aufwerfen, k\u00f6nnen sie nur gemeinsam l\u00f6sen. Als Mike das Tagebuch des Ermordeten entdeckt, kommt Bewegung in die Ermittlungen und Maurice zeigt am Ende, da\u00df selbst er \u00fcber seinen Schatten springen kann.<\/p>\n<p>Der Autor verwendet alte Rechtschreibung.<\/p>\n<p>Autor: Mike Gorden<br \/>\n<a href=\"https:\/\/www.hml-verlag.de\/\" target=\"_blank\" rel=\"noopener\">HML Verlag<\/a> Neuauflage von 2023<br \/>\nFormat: 13,5 cm x 20,5 cm.<br \/>\nSprache: Deutsch<br \/>\n588 Seiten; Paperback<br \/>\nISBN 9783754685235<br \/>\nPreis: 25,99 \u20ac<b><\/b><\/p>\n<\/div>\n","protected":false},"excerpt":{"rendered":"<h4>Mike Gorden-Der gefrorene Urknall<\/h4>\n<p><P>Der zweite Band des Mo\u00edra-Zyklus. Es handelt sich um einen Thriller mit Elementen aus den Genres Wissenschaftliche Science-Fiction, Mystery und Romance.<\/P><br \/>\n<P><B>Bestelle B\u00fccher versandkostenfrei mit dem Gutscheincode &#8220;versandkostenfrei-b\u00fccher&#8221;!<\/B><\/P><\/p>\n","protected":false},"featured_media":17038,"comment_status":"open","ping_status":"closed","template":"","meta":[],"product_brand":[],"product_cat":[109,124],"product_tag":[],"class_list":{"0":"post-6978","1":"product","2":"type-product","3":"status-publish","4":"has-post-thumbnail","6":"product_cat-autorenecke-mike-gorden","7":"product_cat-buecher-kalender","8":"product_shipping_class-paket","10":"first","11":"instock","12":"sale","13":"taxable","14":"shipping-taxable","15":"purchasable","16":"product-type-variable"},"_links":{"self":[{"href":"https:\/\/www.hml-fetish.de\/shop\/fr\/wp-json\/wp\/v2\/product\/6978","targetHints":{"allow":["GET"]}}],"collection":[{"href":"https:\/\/www.hml-fetish.de\/shop\/fr\/wp-json\/wp\/v2\/product"}],"about":[{"href":"https:\/\/www.hml-fetish.de\/shop\/fr\/wp-json\/wp\/v2\/types\/product"}],"replies":[{"embeddable":true,"href":"https:\/\/www.hml-fetish.de\/shop\/fr\/wp-json\/wp\/v2\/comments?post=6978"}],"version-history":[{"count":0,"href":"https:\/\/www.hml-fetish.de\/shop\/fr\/wp-json\/wp\/v2\/product\/6978\/revisions"}],"wp:featuredmedia":[{"embeddable":true,"href":"https:\/\/www.hml-fetish.de\/shop\/fr\/wp-json\/wp\/v2\/media\/17038"}],"wp:attachment":[{"href":"https:\/\/www.hml-fetish.de\/shop\/fr\/wp-json\/wp\/v2\/media?parent=6978"}],"wp:term":[{"taxonomy":"product_brand","embeddable":true,"href":"https:\/\/www.hml-fetish.de\/shop\/fr\/wp-json\/wp\/v2\/product_brand?post=6978"},{"taxonomy":"product_cat","embeddable":true,"href":"https:\/\/www.hml-fetish.de\/shop\/fr\/wp-json\/wp\/v2\/product_cat?post=6978"},{"taxonomy":"product_tag","embeddable":true,"href":"https:\/\/www.hml-fetish.de\/shop\/fr\/wp-json\/wp\/v2\/product_tag?post=6978"}],"curies":[{"name":"wp","href":"https:\/\/api.w.org\/{rel}","templated":true}]}}