{"id":6923,"date":"2022-01-23T22:51:25","date_gmt":"2022-01-23T21:51:25","guid":{"rendered":"https:\/\/www.hml-fetish.de\/shop\/?post_type=product&#038;p=6923"},"modified":"2024-10-19T15:04:42","modified_gmt":"2024-10-19T13:04:42","slug":"pauls-handbuch-fuer-sklaven","status":"publish","type":"product","link":"https:\/\/www.hml-fetish.de\/shop\/fr\/pauls-handbuch-fuer-sklaven\/","title":{"rendered":"Pauls Handbuch f\u00fcr Sklaven"},"content":{"rendered":"<p>M\u00e4nnerschwarm Skript<br \/>\nDieses Handbuch f\u00fcr Sklaven ist aus Pauls langj\u00e4hrigen Erfahrungen entstanden: Es vermittelt erstmals in deutscher Sprache praxisorientierte Erl\u00e4uterungen zum Lernprozess des Sklaven, zum richtigen Rollenverst\u00e4ndnis und zu g\u00e4ngigen Praktiken. Der Ratgeber wird abgerundet durch Briefe von Sklaven, die Schwierigkeiten und Erfolge schildern. \u00bbPaul\u00ab wurde Ende der vierziger Jahre in Hamburg geboren. Er lebt als selbstst\u00e4ndiger Kaufmann in S\u00fcddeutschland.<\/p>\n","protected":false},"excerpt":{"rendered":"<h4>Pauls Handbuch f\u00fcr Sklaven<\/h4>\n<p><P>Dieses Handbuch f\u00fcr Sklaven ist aus Pauls langj\u00e4hrigen Erfahrungen entstanden: Es vermittelt erstmals in deutscher Sprache praxisorientierte Erl\u00e4uterungen zum Lernprozess des Sklaven, zum richtigen Rollenverst\u00e4ndnis und zu g\u00e4ngigen Praktiken. Der Ratgeber wird abgerundet durch Briefe von Sklaven, die Schwierigkeiten und Erfolge schildern.<\/P><br \/>\n<P><B>Bestelle B\u00fccher versandkostenfrei mit dem Gutscheincode &#8220;versandkostenfrei-b\u00fccher&#8221;!<\/B><\/P><\/p>\n","protected":false},"featured_media":17971,"comment_status":"open","ping_status":"closed","template":"","meta":[],"product_brand":[],"product_cat":[124],"product_tag":[],"class_list":{"0":"post-6923","1":"product","2":"type-product","3":"status-publish","4":"has-post-thumbnail","6":"product_cat-buecher-kalender","7":"product_shipping_class-brief","9":"first","10":"instock","11":"taxable","12":"shipping-taxable","13":"purchasable","14":"product-type-simple"},"_links":{"self":[{"href":"https:\/\/www.hml-fetish.de\/shop\/fr\/wp-json\/wp\/v2\/product\/6923","targetHints":{"allow":["GET"]}}],"collection":[{"href":"https:\/\/www.hml-fetish.de\/shop\/fr\/wp-json\/wp\/v2\/product"}],"about":[{"href":"https:\/\/www.hml-fetish.de\/shop\/fr\/wp-json\/wp\/v2\/types\/product"}],"replies":[{"embeddable":true,"href":"https:\/\/www.hml-fetish.de\/shop\/fr\/wp-json\/wp\/v2\/comments?post=6923"}],"version-history":[{"count":0,"href":"https:\/\/www.hml-fetish.de\/shop\/fr\/wp-json\/wp\/v2\/product\/6923\/revisions"}],"wp:featuredmedia":[{"embeddable":true,"href":"https:\/\/www.hml-fetish.de\/shop\/fr\/wp-json\/wp\/v2\/media\/17971"}],"wp:attachment":[{"href":"https:\/\/www.hml-fetish.de\/shop\/fr\/wp-json\/wp\/v2\/media?parent=6923"}],"wp:term":[{"taxonomy":"product_brand","embeddable":true,"href":"https:\/\/www.hml-fetish.de\/shop\/fr\/wp-json\/wp\/v2\/product_brand?post=6923"},{"taxonomy":"product_cat","embeddable":true,"href":"https:\/\/www.hml-fetish.de\/shop\/fr\/wp-json\/wp\/v2\/product_cat?post=6923"},{"taxonomy":"product_tag","embeddable":true,"href":"https:\/\/www.hml-fetish.de\/shop\/fr\/wp-json\/wp\/v2\/product_tag?post=6923"}],"curies":[{"name":"wp","href":"https:\/\/api.w.org\/{rel}","templated":true}]}}