{"id":6921,"date":"2022-01-23T22:51:24","date_gmt":"2022-01-23T21:51:24","guid":{"rendered":"https:\/\/www.hml-fetish.de\/shop\/?post_type=product&#038;p=6921"},"modified":"2024-10-19T15:07:49","modified_gmt":"2024-10-19T13:07:49","slug":"die-entwicklung","status":"publish","type":"product","link":"https:\/\/www.hml-fetish.de\/shop\/fr\/die-entwicklung\/","title":{"rendered":"Die Entwicklung"},"content":{"rendered":"<p>Pauls B\u00fccher &#8211; Die Entwicklung<\/p>\n<p>Tagebuch einer SM-Beziehung; erster Teil.<\/p>\n<p>M\u00e4nnerschwarm Skript<\/p>\n<p>Hardcover, gebunden, 189 Seiten.<\/p>\n<p>\u00bbPaul zieht die Verschn\u00fcrung der Ledermaske stramm. Ich tauche in die Welt meiner Gef\u00fchle ein. Sp\u00fcre von der Umgebung nur noch die Fesseln, die mich meiner Bewegungsfreiheit berauben, mich zwingen, mich nur auf mein Innerstes, das Leder und Metall an H\u00e4nden und F\u00fcssen zu konzentrieren. Die Hand, die ich nicht mehr als Hand f\u00fchle, sondern als den Ursprung der Reize in meinem Schwanz. Die F\u00fcsse zum Kopf hochgezogen, s\u00fcchtig darauf warten, was kommt, und schon das Warten geniessen. Die Schmerzen an den Handgelenken setzen sich um in Geilheit. Mein Kopf unter Druck in Leder, es sp\u00fcren, riechen.\u00ab<\/p>\n","protected":false},"excerpt":{"rendered":"<h4>Die Entwicklung<\/h4>\n<p><P>\u00bbPaul zieht die Verschn\u00fcrung der Ledermaske stramm. Ich tauche in die Welt meiner Gef\u00fchle ein. Sp\u00fcre von der Umgebung nur noch die Fesseln, die mich meiner Bewegungsfreiheit berauben, mich zwingen, mich nur auf mein Innerstes, das Leder und Metall an H\u00e4nden und F\u00fcssen zu konzentrieren. Die Hand, die ich nicht mehr als Hand f\u00fchle, sondern als den Ursprung der Reize in meinem Schwanz. Die F\u00fcsse zum Kopf hochgezogen, s\u00fcchtig darauf warten, was kommt, und schon das Warten geniessen. Die Schmerzen an den Handgelenken setzen sich um in Geilheit. Mein Kopf unter Druck in Leder, es sp\u00fcren, riechen.\u00ab<\/P><br \/>\n<P><B>Bestelle B\u00fccher versandkostenfrei mit dem Gutscheincode &#8220;versandkostenfrei-b\u00fccher&#8221;!<\/B><\/P><\/p>\n","protected":false},"featured_media":17997,"comment_status":"open","ping_status":"closed","template":"","meta":[],"product_brand":[],"product_cat":[124],"product_tag":[],"class_list":{"0":"post-6921","1":"product","2":"type-product","3":"status-publish","4":"has-post-thumbnail","6":"product_cat-buecher-kalender","7":"product_shipping_class-brief","9":"first","10":"instock","11":"taxable","12":"shipping-taxable","13":"purchasable","14":"product-type-simple"},"_links":{"self":[{"href":"https:\/\/www.hml-fetish.de\/shop\/fr\/wp-json\/wp\/v2\/product\/6921","targetHints":{"allow":["GET"]}}],"collection":[{"href":"https:\/\/www.hml-fetish.de\/shop\/fr\/wp-json\/wp\/v2\/product"}],"about":[{"href":"https:\/\/www.hml-fetish.de\/shop\/fr\/wp-json\/wp\/v2\/types\/product"}],"replies":[{"embeddable":true,"href":"https:\/\/www.hml-fetish.de\/shop\/fr\/wp-json\/wp\/v2\/comments?post=6921"}],"version-history":[{"count":0,"href":"https:\/\/www.hml-fetish.de\/shop\/fr\/wp-json\/wp\/v2\/product\/6921\/revisions"}],"wp:featuredmedia":[{"embeddable":true,"href":"https:\/\/www.hml-fetish.de\/shop\/fr\/wp-json\/wp\/v2\/media\/17997"}],"wp:attachment":[{"href":"https:\/\/www.hml-fetish.de\/shop\/fr\/wp-json\/wp\/v2\/media?parent=6921"}],"wp:term":[{"taxonomy":"product_brand","embeddable":true,"href":"https:\/\/www.hml-fetish.de\/shop\/fr\/wp-json\/wp\/v2\/product_brand?post=6921"},{"taxonomy":"product_cat","embeddable":true,"href":"https:\/\/www.hml-fetish.de\/shop\/fr\/wp-json\/wp\/v2\/product_cat?post=6921"},{"taxonomy":"product_tag","embeddable":true,"href":"https:\/\/www.hml-fetish.de\/shop\/fr\/wp-json\/wp\/v2\/product_tag?post=6921"}],"curies":[{"name":"wp","href":"https:\/\/api.w.org\/{rel}","templated":true}]}}