{"id":39954,"date":"2026-05-11T16:48:59","date_gmt":"2026-05-11T14:48:59","guid":{"rendered":"https:\/\/www.hml-fetish.de\/shop\/?post_type=product&#038;p=39954"},"modified":"2026-05-11T17:04:10","modified_gmt":"2026-05-11T15:04:10","slug":"chaines-anales","status":"publish","type":"product","link":"https:\/\/www.hml-fetish.de\/shop\/fr\/chaines-anales\/","title":{"rendered":"Cha\u00eenes anales"},"content":{"rendered":"<p>Pour une s\u00e9ance d&#8217;entra\u00eenement rapide. Ces longs compagnons sont tr\u00e8s discrets, mais ils p\u00e9n\u00e8trent vraiment en profondeur. Ils sont suffisamment souples pour \u00e9pouser les contours naturels de l&#8217;int\u00e9rieur, tout en \u00e9tant r\u00e9sistants et robustes. Tu vas vraiment t&#8217;\u00e9clater avec eux !<\/p>\n<p>Nous avons en stock deux versions de ces plugs en PVC ultra-r\u00e9sistant : l&#8217;une mesure 32 cm de long pour une boule de 35 mm de diam\u00e8tre, et l&#8217;autre mesure 41,5 cm de long avec une boule de 45 mm de diam\u00e8tre.<\/p>\n","protected":false},"excerpt":{"rendered":"<h4>Cha\u00eenes anales 32 cm et 41,5 cm longueur<\/h4>\n<p>Pour une s\u00e9ance d&#8217;entra\u00eenement rapide. Ces longs dildo-plugs sont tr\u00e8s discrets, mais ils p\u00e9n\u00e8trent vraiment en profondeur. Ils sont suffisamment souples pour \u00e9pouser les contours naturels de l&#8217;int\u00e9rieur, tout en \u00e9tant r\u00e9sistants et robustes. Tu vas vraiment t&#8217;\u00e9clater avec eux !<\/p>\n","protected":false},"featured_media":39929,"comment_status":"open","ping_status":"closed","template":"","meta":[],"product_brand":[],"product_cat":[684,736,686],"product_tag":[],"class_list":{"0":"post-39954","1":"product","2":"type-product","3":"status-publish","4":"has-post-thumbnail","6":"product_cat-godes","7":"product_cat-nouveau-hml","8":"product_cat-plugs-fr","9":"product_shipping_class-colis-fr","11":"first","12":"outofstock","13":"taxable","14":"shipping-taxable","15":"purchasable","16":"product-type-variable"},"_links":{"self":[{"href":"https:\/\/www.hml-fetish.de\/shop\/fr\/wp-json\/wp\/v2\/product\/39954","targetHints":{"allow":["GET"]}}],"collection":[{"href":"https:\/\/www.hml-fetish.de\/shop\/fr\/wp-json\/wp\/v2\/product"}],"about":[{"href":"https:\/\/www.hml-fetish.de\/shop\/fr\/wp-json\/wp\/v2\/types\/product"}],"replies":[{"embeddable":true,"href":"https:\/\/www.hml-fetish.de\/shop\/fr\/wp-json\/wp\/v2\/comments?post=39954"}],"version-history":[{"count":1,"href":"https:\/\/www.hml-fetish.de\/shop\/fr\/wp-json\/wp\/v2\/product\/39954\/revisions"}],"predecessor-version":[{"id":39957,"href":"https:\/\/www.hml-fetish.de\/shop\/fr\/wp-json\/wp\/v2\/product\/39954\/revisions\/39957"}],"wp:featuredmedia":[{"embeddable":true,"href":"https:\/\/www.hml-fetish.de\/shop\/fr\/wp-json\/wp\/v2\/media\/39929"}],"wp:attachment":[{"href":"https:\/\/www.hml-fetish.de\/shop\/fr\/wp-json\/wp\/v2\/media?parent=39954"}],"wp:term":[{"taxonomy":"product_brand","embeddable":true,"href":"https:\/\/www.hml-fetish.de\/shop\/fr\/wp-json\/wp\/v2\/product_brand?post=39954"},{"taxonomy":"product_cat","embeddable":true,"href":"https:\/\/www.hml-fetish.de\/shop\/fr\/wp-json\/wp\/v2\/product_cat?post=39954"},{"taxonomy":"product_tag","embeddable":true,"href":"https:\/\/www.hml-fetish.de\/shop\/fr\/wp-json\/wp\/v2\/product_tag?post=39954"}],"curies":[{"name":"wp","href":"https:\/\/api.w.org\/{rel}","templated":true}]}}