{"id":39817,"date":"2026-04-09T15:31:15","date_gmt":"2026-04-09T13:31:15","guid":{"rendered":"https:\/\/www.hml-fetish.de\/shop\/?post_type=product&#038;p=39817"},"modified":"2026-04-09T16:21:51","modified_gmt":"2026-04-09T14:21:51","slug":"preservatives-exs","status":"publish","type":"product","link":"https:\/\/www.hml-fetish.de\/shop\/fr\/preservatives-exs\/","title":{"rendered":"Pr\u00e9servatives EXS"},"content":{"rendered":"<p>Les pr\u00e9servatifs EXS sans cette odeur de caoutchouc aga\u00e7ante. Lubrifi\u00e9s et sans alcool, ils sont compatibles avec les lubrifiants \u00e0 base de silicone, mais aussi avec ceux \u00e0 base d&#8217;eau. On les propose en plusieurs versions.<\/p>\n<p>1) Extra \u00e9pais : comme les pr\u00e9servatifs HT Spezial qui ne sont plus disponibles, ils sont particuli\u00e8rement \u00e9pais (0,083 mm) et mesurent 53 mm x 194 mm \u00e0 plat, soit une taille normale.<\/p>\n<p>2) Grande taille pour les gar\u00e7ons un peu mieux \u00e9quip\u00e9s : d&#8217;\u00e9paisseur normale (0,073 mm) et de dimensions \u00e0 plat de 60 mm x 212 mm.<\/p>\n","protected":false},"excerpt":{"rendered":"<h4>Pr\u00e9servatives EXS<\/h4>\n<p>Les pr\u00e9servatifs en latex d&#8217;EXS sans cette odeur de caoutchouc aga\u00e7ante. Lubrifi\u00e9s et sans alcool, ils sont compatibles avec les lubrifiants \u00e0 base de silicone, mais aussi avec ceux \u00e0 base d&#8217;eau. On les propose en plusieurs versions.<\/p>\n","protected":false},"featured_media":39796,"comment_status":"open","ping_status":"closed","template":"","meta":[],"product_brand":[],"product_cat":[702,736],"product_tag":[],"class_list":{"0":"post-39817","1":"product","2":"type-product","3":"status-publish","4":"has-post-thumbnail","6":"product_cat-preservatifs-gels","7":"product_cat-nouveau-hml","8":"product_shipping_class-lettre","10":"first","11":"outofstock","12":"taxable","13":"shipping-taxable","14":"purchasable","15":"product-type-variable"},"_links":{"self":[{"href":"https:\/\/www.hml-fetish.de\/shop\/fr\/wp-json\/wp\/v2\/product\/39817","targetHints":{"allow":["GET"]}}],"collection":[{"href":"https:\/\/www.hml-fetish.de\/shop\/fr\/wp-json\/wp\/v2\/product"}],"about":[{"href":"https:\/\/www.hml-fetish.de\/shop\/fr\/wp-json\/wp\/v2\/types\/product"}],"replies":[{"embeddable":true,"href":"https:\/\/www.hml-fetish.de\/shop\/fr\/wp-json\/wp\/v2\/comments?post=39817"}],"version-history":[{"count":1,"href":"https:\/\/www.hml-fetish.de\/shop\/fr\/wp-json\/wp\/v2\/product\/39817\/revisions"}],"predecessor-version":[{"id":39822,"href":"https:\/\/www.hml-fetish.de\/shop\/fr\/wp-json\/wp\/v2\/product\/39817\/revisions\/39822"}],"wp:featuredmedia":[{"embeddable":true,"href":"https:\/\/www.hml-fetish.de\/shop\/fr\/wp-json\/wp\/v2\/media\/39796"}],"wp:attachment":[{"href":"https:\/\/www.hml-fetish.de\/shop\/fr\/wp-json\/wp\/v2\/media?parent=39817"}],"wp:term":[{"taxonomy":"product_brand","embeddable":true,"href":"https:\/\/www.hml-fetish.de\/shop\/fr\/wp-json\/wp\/v2\/product_brand?post=39817"},{"taxonomy":"product_cat","embeddable":true,"href":"https:\/\/www.hml-fetish.de\/shop\/fr\/wp-json\/wp\/v2\/product_cat?post=39817"},{"taxonomy":"product_tag","embeddable":true,"href":"https:\/\/www.hml-fetish.de\/shop\/fr\/wp-json\/wp\/v2\/product_tag?post=39817"}],"curies":[{"name":"wp","href":"https:\/\/api.w.org\/{rel}","templated":true}]}}