{"id":39210,"date":"2026-01-12T11:49:08","date_gmt":"2026-01-12T10:49:08","guid":{"rendered":"https:\/\/www.hml-fetish.de\/shop\/?post_type=product&#038;p=39210"},"modified":"2026-01-12T11:58:40","modified_gmt":"2026-01-12T10:58:40","slug":"gant-de-fisting-texture","status":"publish","type":"product","link":"https:\/\/www.hml-fetish.de\/shop\/fr\/gant-de-fisting-texture\/","title":{"rendered":"Gant de fisting textur\u00e9"},"content":{"rendered":"<p>Il donne de la texture \u00e0 la main pour le fisting. Mais ce gant textur\u00e9 peut faire encore plus ! Il est tr\u00e8s extensible et convient \u00e0 toutes les tailles de main. Chaque doigt a une texture diff\u00e9rente : lisse et effil\u00e9, nervures prononc\u00e9es, en forme de p\u00e9nis, picots en relief ou nervures subtiles bomb\u00e9es. C&#8217;est sympa quand tu joues en solo ou que vous vous entra\u00eenez \u00e0 la d\u00e9floration anale. La paume a un profil en zigzag qui rend la masturbation tr\u00e8s agr\u00e9able, et l&#8217;avant-bras est lisse et nervur\u00e9 pour une stimulation accrue lorsque tu enfonces toute la main plus profond\u00e9ment !<\/p>\n<p>Couleur : noir. Longueur : 393 mm. \u00c9paisseur du mat\u00e9riau non \u00e9tir\u00e9 : 3 \u00e0 4 mm. Va aux deux mains. Mat\u00e9riau : TPR\/PVC. Compatible avec les lubrifiants \u00e0 base de silicone ou d&#8217;eau. Nettoie-le \u00e0 l&#8217;eau ti\u00e8de et au savon doux. Astuce : saupoudre ta main et ton avant-bras de poudre ou frotte-les g\u00e9n\u00e9reusement avec de l&#8217;huile de silicone avant de les enfiler, afin d&#8217;\u00e9viter que le mat\u00e9riau ne colle.<\/p>\n","protected":false},"excerpt":{"rendered":"<h4>Gant de fisting textur\u00e9<\/h4>\n<p>Il donne de la texture \u00e0 la main pour le fisting. Mais ce gant textur\u00e9 peut faire encore plus ! Il est tr\u00e8s extensible et convient \u00e0 toutes les tailles de main. Chaque doigt a une texture diff\u00e9rente : lisse et effil\u00e9, nervures prononc\u00e9es, en forme de p\u00e9nis, picots en relief ou nervures subtiles bomb\u00e9es.<\/p>\n","protected":false},"featured_media":39197,"comment_status":"open","ping_status":"closed","template":"","meta":[],"product_brand":[],"product_cat":[619,714,684,694,736],"product_tag":[],"class_list":{"0":"post-39210","1":"product","2":"type-product","3":"status-publish","4":"has-post-thumbnail","6":"product_cat-gants-en-latex","7":"product_cat-dungeon-fr","8":"product_cat-godes","9":"product_cat-medical","10":"product_cat-nouveau-hml","11":"product_shipping_class-colis-fr","13":"first","14":"instock","15":"taxable","16":"shipping-taxable","17":"purchasable","18":"product-type-simple"},"_links":{"self":[{"href":"https:\/\/www.hml-fetish.de\/shop\/fr\/wp-json\/wp\/v2\/product\/39210","targetHints":{"allow":["GET"]}}],"collection":[{"href":"https:\/\/www.hml-fetish.de\/shop\/fr\/wp-json\/wp\/v2\/product"}],"about":[{"href":"https:\/\/www.hml-fetish.de\/shop\/fr\/wp-json\/wp\/v2\/types\/product"}],"replies":[{"embeddable":true,"href":"https:\/\/www.hml-fetish.de\/shop\/fr\/wp-json\/wp\/v2\/comments?post=39210"}],"version-history":[{"count":0,"href":"https:\/\/www.hml-fetish.de\/shop\/fr\/wp-json\/wp\/v2\/product\/39210\/revisions"}],"wp:featuredmedia":[{"embeddable":true,"href":"https:\/\/www.hml-fetish.de\/shop\/fr\/wp-json\/wp\/v2\/media\/39197"}],"wp:attachment":[{"href":"https:\/\/www.hml-fetish.de\/shop\/fr\/wp-json\/wp\/v2\/media?parent=39210"}],"wp:term":[{"taxonomy":"product_brand","embeddable":true,"href":"https:\/\/www.hml-fetish.de\/shop\/fr\/wp-json\/wp\/v2\/product_brand?post=39210"},{"taxonomy":"product_cat","embeddable":true,"href":"https:\/\/www.hml-fetish.de\/shop\/fr\/wp-json\/wp\/v2\/product_cat?post=39210"},{"taxonomy":"product_tag","embeddable":true,"href":"https:\/\/www.hml-fetish.de\/shop\/fr\/wp-json\/wp\/v2\/product_tag?post=39210"}],"curies":[{"name":"wp","href":"https:\/\/api.w.org\/{rel}","templated":true}]}}