{"id":38625,"date":"2025-11-15T11:42:44","date_gmt":"2025-11-15T10:42:44","guid":{"rendered":"https:\/\/www.hml-fetish.de\/shop\/?post_type=product&#038;p=38625"},"modified":"2025-11-15T12:06:31","modified_gmt":"2025-11-15T11:06:31","slug":"puppy-plug-en-silicone","status":"publish","type":"product","link":"https:\/\/www.hml-fetish.de\/shop\/fr\/puppy-plug-en-silicone\/","title":{"rendered":"Puppy-Plug en silicone"},"content":{"rendered":"<p>Tu veux passer \u00e0 la vitesse sup\u00e9rieure dans tes jeux de meute ? Alors cette queue de chien hardcore au design mignon est exactement ce qu&#8217;il te faut pour que ton puppy compagnon sache o\u00f9 est sa place. La t\u00eate de 3,4 cm assure un maintien parfait dans l&#8217;arri\u00e8re-train, afin que ton chiot \u00e0 deux pattes puisse remuer joyeusement la queue toute la journ\u00e9e avec un confort maximal !<\/p>\n<p>Jouet anal courb\u00e9 de haute qualit\u00e9 avec extr\u00e9mit\u00e9 effil\u00e9e pour un maximum de plaisir !<\/p>\n<p>Mat\u00e9riau : silicone imperm\u00e9able. Il est 100 % compatible avec le corps et procure une sensation ultra-agr\u00e9able.<\/p>\n<p>Deux versions : queue simple ou avec des boules de diam\u00e8tre croissant<\/p>\n<p>Couleur : noir<br \/>\nLongueur totale : 180 mm \/ 310 mmbr\/><br \/>\nLargeur maximale : \u2205 18-23 mm<br \/>\nPoids : 93 g \/ 68 g<\/p>\n","protected":false},"excerpt":{"rendered":"<h4>Puppy-Plug en silicone avec des boules de diam\u00e8tre croissant<\/h4>\n<p>Tu veux passer \u00e0 la vitesse sup\u00e9rieure dans tes jeux de meute ? Alors cette queue de chien hardcore au design mignon est exactement ce qu&#8217;il te faut pour que ton petit puppy \u00e0 quatre pattes sache o\u00f9 est sa place. La t\u00eate de 3,4 cm assure un maintien parfait dans l&#8217;arri\u00e8re-train, afin que ton chiot \u00e0 deux pattes puisse remuer joyeusement la queue toute la journ\u00e9e avec un confort maximal !<\/p>\n","protected":false},"featured_media":38605,"comment_status":"open","ping_status":"closed","template":"","meta":[],"product_brand":[],"product_cat":[686,736,712],"product_tag":[],"class_list":{"0":"post-38625","1":"product","2":"type-product","3":"status-publish","4":"has-post-thumbnail","6":"product_cat-plugs-fr","7":"product_cat-nouveau-hml","8":"product_cat-pet-play-fr","9":"product_shipping_class-colis-fr","11":"first","12":"instock","13":"taxable","14":"shipping-taxable","15":"purchasable","16":"product-type-variable"},"_links":{"self":[{"href":"https:\/\/www.hml-fetish.de\/shop\/fr\/wp-json\/wp\/v2\/product\/38625","targetHints":{"allow":["GET"]}}],"collection":[{"href":"https:\/\/www.hml-fetish.de\/shop\/fr\/wp-json\/wp\/v2\/product"}],"about":[{"href":"https:\/\/www.hml-fetish.de\/shop\/fr\/wp-json\/wp\/v2\/types\/product"}],"replies":[{"embeddable":true,"href":"https:\/\/www.hml-fetish.de\/shop\/fr\/wp-json\/wp\/v2\/comments?post=38625"}],"version-history":[{"count":0,"href":"https:\/\/www.hml-fetish.de\/shop\/fr\/wp-json\/wp\/v2\/product\/38625\/revisions"}],"wp:featuredmedia":[{"embeddable":true,"href":"https:\/\/www.hml-fetish.de\/shop\/fr\/wp-json\/wp\/v2\/media\/38605"}],"wp:attachment":[{"href":"https:\/\/www.hml-fetish.de\/shop\/fr\/wp-json\/wp\/v2\/media?parent=38625"}],"wp:term":[{"taxonomy":"product_brand","embeddable":true,"href":"https:\/\/www.hml-fetish.de\/shop\/fr\/wp-json\/wp\/v2\/product_brand?post=38625"},{"taxonomy":"product_cat","embeddable":true,"href":"https:\/\/www.hml-fetish.de\/shop\/fr\/wp-json\/wp\/v2\/product_cat?post=38625"},{"taxonomy":"product_tag","embeddable":true,"href":"https:\/\/www.hml-fetish.de\/shop\/fr\/wp-json\/wp\/v2\/product_tag?post=38625"}],"curies":[{"name":"wp","href":"https:\/\/api.w.org\/{rel}","templated":true}]}}