{"id":38492,"date":"2025-10-25T14:11:02","date_gmt":"2025-10-25T12:11:02","guid":{"rendered":"https:\/\/www.hml-fetish.de\/shop\/?post_type=product&#038;p=38492"},"modified":"2025-10-26T13:31:52","modified_gmt":"2025-10-26T12:31:52","slug":"bovivet-gel-1-000-ml-fr","status":"publish","type":"product","link":"https:\/\/www.hml-fetish.de\/shop\/fr\/bovivet-gel-1-000-ml-fr\/","title":{"rendered":"Bovivet Gel 1.000 ml"},"content":{"rendered":"<p><b>Bovivet Gel | Le Lubrifiant Haute Performance<\/b><\/p>\n<p><b>Fini le m\u00e9lange !<\/b> Ne perdez plus de temps \u00e0 pr\u00e9parer des poudres compliqu\u00e9es comme J-Lube, X-Lube ou FistPowder, et ne jetez plus les restes qui se g\u00e2tent. Le <b>BOVIVET Gel<\/b> est la solution pr\u00eate \u00e0 l&#8217;emploi pour toutes vos sessions intenses !<\/p>\n<p>Le g\u00e9n\u00e9reux flacon distributeur de 1 000 ml est parfait pour celles et ceux qui ont besoin de grandes quantit\u00e9s de lubrifiant. Ce gel est inodore et se caract\u00e9rise par une viscosit\u00e9 plus \u00e9lev\u00e9e que les lubrifiants classiques \u00e0 base d&#8217;eau.<\/p>\n<p><b>Particuli\u00e8rement adapt\u00e9 aux jeux exigeants :<\/b> Gr\u00e2ce \u00e0 sa consistance \u00e9paisse et son excellent pouvoir lubrifiant, il est id\u00e9al pour le fisting ou l&#8217;utilisation de godemich\u00e9s et jouets sexuels surdimensionn\u00e9s.<\/p>\n<p>Il enduit efficacement les mains, les bras, tout le corps, ou n&#8217;importe quel jouet, et forme un film protecteur efficace. M\u00eame lors d&#8217;\u00e9tirements anaux ou vaginaux intenses et prolong\u00e9s, BOVIVET assure confort, s\u00e9curit\u00e9 et plaisir maximal. \u00c9conomique \u00e0 l&#8217;usage, simple \u00e0 manipuler \u2013 pour une r\u00e9alisation fluide de vos aventures les plus imaginatives.<\/p>\n<p><b>Information sur la s\u00e9curit\u00e9 du produit :<\/b> Comme le J-Lube, le BOVIVET Gel est approuv\u00e9 <b>uniquement pour un usage v\u00e9t\u00e9rinaire<\/b> !<\/p>\n<p><b>Contact<\/b> J\u00f8rgen Kruuse A\/S Havretoften 4 DK-5550 Langeskov Denmark SE No.: 35243216 e-mail: export@kruuse.com<\/p>\n","protected":false},"excerpt":{"rendered":"<h4>Bovivet Gel 1.000 ml<\/h4>\n<p>Tu utilises du J-Lube, du X-Lube ou du FistPowder, mais tu n&#8217;as pas envie de passer du temps \u00e0 m\u00e9langer et de jeter la plupart du produit ensuite, parce qu&#8217;il se g\u00e2te tr\u00e8s vite ? Alors, tu vas adorer BOVIVET Gel ! Ce flacon doseur de 1 000 ml est pr\u00eat \u00e0 l&#8217;emploi en toutes circonstances. Inodore et plus visqueux que les autres lubrifiants \u00e0 base d&#8217;eau, il est particuli\u00e8rement efficace pour le fist ou les godes surdimensionn\u00e9s !<\/p>\n","protected":false},"featured_media":38484,"comment_status":"open","ping_status":"closed","template":"","meta":[],"product_brand":[],"product_cat":[702],"product_tag":[],"class_list":{"0":"post-38492","1":"product","2":"type-product","3":"status-publish","4":"has-post-thumbnail","6":"product_cat-preservatifs-gels","7":"product_shipping_class-colis-fr","9":"first","10":"instock","11":"taxable","12":"shipping-taxable","13":"purchasable","14":"product-type-simple"},"_links":{"self":[{"href":"https:\/\/www.hml-fetish.de\/shop\/fr\/wp-json\/wp\/v2\/product\/38492","targetHints":{"allow":["GET"]}}],"collection":[{"href":"https:\/\/www.hml-fetish.de\/shop\/fr\/wp-json\/wp\/v2\/product"}],"about":[{"href":"https:\/\/www.hml-fetish.de\/shop\/fr\/wp-json\/wp\/v2\/types\/product"}],"replies":[{"embeddable":true,"href":"https:\/\/www.hml-fetish.de\/shop\/fr\/wp-json\/wp\/v2\/comments?post=38492"}],"version-history":[{"count":0,"href":"https:\/\/www.hml-fetish.de\/shop\/fr\/wp-json\/wp\/v2\/product\/38492\/revisions"}],"wp:featuredmedia":[{"embeddable":true,"href":"https:\/\/www.hml-fetish.de\/shop\/fr\/wp-json\/wp\/v2\/media\/38484"}],"wp:attachment":[{"href":"https:\/\/www.hml-fetish.de\/shop\/fr\/wp-json\/wp\/v2\/media?parent=38492"}],"wp:term":[{"taxonomy":"product_brand","embeddable":true,"href":"https:\/\/www.hml-fetish.de\/shop\/fr\/wp-json\/wp\/v2\/product_brand?post=38492"},{"taxonomy":"product_cat","embeddable":true,"href":"https:\/\/www.hml-fetish.de\/shop\/fr\/wp-json\/wp\/v2\/product_cat?post=38492"},{"taxonomy":"product_tag","embeddable":true,"href":"https:\/\/www.hml-fetish.de\/shop\/fr\/wp-json\/wp\/v2\/product_tag?post=38492"}],"curies":[{"name":"wp","href":"https:\/\/api.w.org\/{rel}","templated":true}]}}