{"id":38395,"date":"2025-10-22T11:16:28","date_gmt":"2025-10-22T09:16:28","guid":{"rendered":"https:\/\/www.hml-fetish.de\/shop\/?post_type=product&#038;p=38395"},"modified":"2025-10-22T12:40:32","modified_gmt":"2025-10-22T10:40:32","slug":"hml-pique-polo-shirt-fr","status":"publish","type":"product","link":"https:\/\/www.hml-fetish.de\/shop\/fr\/hml-pique-polo-shirt-fr\/","title":{"rendered":"HML Piqu\u00e9 Polo Shirt"},"content":{"rendered":"<p><P>Notre polo \u00e0 logo avec col chemise et manches courtes \u00e0 prix sp\u00e9cial subventionn\u00e9. Un polo piqu\u00e9 de haute qualit\u00e9 disponible en plusieurs couleurs avec le logo HML imprim\u00e9. Coutures doubles aux manches et \u00e0 l&#8217;ourlet.<\/P><br \/>\n<P>Mat\u00e9riau 100 % coton double tissage. Grammage 205 g\/m\u00b2. Lavable \u00e0 30 \u00b0C maximum. Laver avant la premi\u00e8re utilisation. Ne pas utiliser d&#8217;adoucissant ni nettoyer \u00e0 sec. Retourner avant le lavage\/repassage.<\/P><br \/>\n<P><img decoding=\"async\" src=\"\/GIF\/sizefr_unisex_sp.gif\" alt=\"tableau des tailles\" title=\"tableau des tailles\" border=\"0\" height=\"194\" width=\"114\"><\/P><br \/>\n<P><B>S\u00e9curit\u00e9 du produit :<\/B><BR><br \/>\nResponsable<BR><br \/>\nHML, propri\u00e9taire Dr Detlef Moller<BR><br \/>\nNeukirchstra\u00dfe 18<BR><br \/>\n28215 Br\u00eame<BR><br \/>\nAllemagne<BR><br \/>\ninfo@hml-fetish.de<\/P><\/p>\n","protected":false},"excerpt":{"rendered":"<h4>HML Piqu\u00e9 Polo Shirt avec Logo<\/h4>\n<p><P>Notre polo \u00e0 logo avec col chemise et manches courtes \u00e0 prix sp\u00e9cial subventionn\u00e9. Un polo piqu\u00e9 de haute qualit\u00e9 disponible en plusieurs couleurs avec le logo HML imprim\u00e9. Coutures doubles aux manches et \u00e0 l&#8217;ourlet.<\/P><\/p>\n","protected":false},"featured_media":39567,"comment_status":"open","ping_status":"closed","template":"","meta":[],"product_brand":[],"product_cat":[658,732,736,734],"product_tag":[],"class_list":{"0":"post-38395","1":"product","2":"type-product","3":"status-publish","4":"has-post-thumbnail","6":"product_cat-t-shirts-debardeurs","7":"product_cat-best-seller","8":"product_cat-nouveau-hml","9":"product_cat-promotion","10":"product_shipping_class-lettre","12":"first","13":"instock","14":"taxable","15":"shipping-taxable","16":"purchasable","17":"product-type-variable"},"_links":{"self":[{"href":"https:\/\/www.hml-fetish.de\/shop\/fr\/wp-json\/wp\/v2\/product\/38395","targetHints":{"allow":["GET"]}}],"collection":[{"href":"https:\/\/www.hml-fetish.de\/shop\/fr\/wp-json\/wp\/v2\/product"}],"about":[{"href":"https:\/\/www.hml-fetish.de\/shop\/fr\/wp-json\/wp\/v2\/types\/product"}],"replies":[{"embeddable":true,"href":"https:\/\/www.hml-fetish.de\/shop\/fr\/wp-json\/wp\/v2\/comments?post=38395"}],"version-history":[{"count":0,"href":"https:\/\/www.hml-fetish.de\/shop\/fr\/wp-json\/wp\/v2\/product\/38395\/revisions"}],"wp:featuredmedia":[{"embeddable":true,"href":"https:\/\/www.hml-fetish.de\/shop\/fr\/wp-json\/wp\/v2\/media\/39567"}],"wp:attachment":[{"href":"https:\/\/www.hml-fetish.de\/shop\/fr\/wp-json\/wp\/v2\/media?parent=38395"}],"wp:term":[{"taxonomy":"product_brand","embeddable":true,"href":"https:\/\/www.hml-fetish.de\/shop\/fr\/wp-json\/wp\/v2\/product_brand?post=38395"},{"taxonomy":"product_cat","embeddable":true,"href":"https:\/\/www.hml-fetish.de\/shop\/fr\/wp-json\/wp\/v2\/product_cat?post=38395"},{"taxonomy":"product_tag","embeddable":true,"href":"https:\/\/www.hml-fetish.de\/shop\/fr\/wp-json\/wp\/v2\/product_tag?post=38395"}],"curies":[{"name":"wp","href":"https:\/\/api.w.org\/{rel}","templated":true}]}}