{"id":38305,"date":"2025-10-22T10:38:53","date_gmt":"2025-10-22T08:38:53","guid":{"rendered":"https:\/\/www.hml-fetish.de\/shop\/?post_type=product&#038;p=38305"},"modified":"2026-03-19T13:44:41","modified_gmt":"2026-03-19T12:44:41","slug":"hml-t-shirt-avec-logo","status":"publish","type":"product","link":"https:\/\/www.hml-fetish.de\/shop\/fr\/hml-t-shirt-avec-logo\/","title":{"rendered":"HML T-Shirt avec Logo"},"content":{"rendered":"<p><P>Notre t-shirt \u00e0 logo \u00e0 prix sp\u00e9cial subventionn\u00e9. Un t-shirt \u00e0 col-rond de haute qualit\u00e9, disponible en noir, blanc, rouge feu, jaune sol et bleu royale, avec le logo HML imprim\u00e9. Coutures doubles aux manches et \u00e0 l&#8217;ourlet. Le col c\u00f4tel\u00e9 \u00e0 double \u00e9paisseur conserve sa forme. <\/P><br \/>\n<P>Mat\u00e9riau 100 % coton ring-spun. Grammage 185 g\/m\u00b2. Lavable \u00e0 30 \u00b0C maximum. Laver avant la premi\u00e8re utilisation. Ne pas utiliser d&#8217;adoucissant ni nettoyer \u00e0 sec. Retourner avant le lavage\/repassage.<\/P><br \/>\n<P><img decoding=\"async\" src=\"\/GIF\/sizefr_unisex_sp.gif\" alt=\"tableau des tailles\" title=\"tableau des tailles\" border=\"0\" height=\"194\" width=\"114\"><\/P><br \/>\n<P><B>S\u00e9curit\u00e9 du produit :<\/B><BR><br \/>\nResponsable<BR><br \/>\nHML, propri\u00e9taire Dr Detlef Moller<BR><br \/>\nNeukirchstra\u00dfe 18<BR><br \/>\n28215 Br\u00eame<BR><br \/>\nAllemagne<BR><br \/>\ninfo@hml-fetish.de<\/P><\/p>\n","protected":false},"excerpt":{"rendered":"<h4>HML T-Shirt avec Logo<\/h4>\n<p><P>Notre t-shirt \u00e0 logo \u00e0 prix sp\u00e9cial subventionn\u00e9. Un t-shirt \u00e0 col rond de haute qualit\u00e9, disponible en noir, blanc, rouge feu, jaune sol et bleu royale, avec le logo HML imprim\u00e9. Coutures doubles aux manches et \u00e0 l&#8217;ourlet. Le col c\u00f4tel\u00e9 \u00e0 double \u00e9paisseur conserve sa forme.<\/P><\/p>\n","protected":false},"featured_media":39570,"comment_status":"open","ping_status":"closed","template":"","meta":[],"product_brand":[],"product_cat":[658,732,736,734],"product_tag":[],"class_list":{"0":"post-38305","1":"product","2":"type-product","3":"status-publish","4":"has-post-thumbnail","6":"product_cat-t-shirts-debardeurs","7":"product_cat-best-seller","8":"product_cat-nouveau-hml","9":"product_cat-promotion","10":"product_shipping_class-lettre","12":"first","13":"instock","14":"sale","15":"taxable","16":"shipping-taxable","17":"purchasable","18":"product-type-variable"},"_links":{"self":[{"href":"https:\/\/www.hml-fetish.de\/shop\/fr\/wp-json\/wp\/v2\/product\/38305","targetHints":{"allow":["GET"]}}],"collection":[{"href":"https:\/\/www.hml-fetish.de\/shop\/fr\/wp-json\/wp\/v2\/product"}],"about":[{"href":"https:\/\/www.hml-fetish.de\/shop\/fr\/wp-json\/wp\/v2\/types\/product"}],"replies":[{"embeddable":true,"href":"https:\/\/www.hml-fetish.de\/shop\/fr\/wp-json\/wp\/v2\/comments?post=38305"}],"version-history":[{"count":2,"href":"https:\/\/www.hml-fetish.de\/shop\/fr\/wp-json\/wp\/v2\/product\/38305\/revisions"}],"predecessor-version":[{"id":39668,"href":"https:\/\/www.hml-fetish.de\/shop\/fr\/wp-json\/wp\/v2\/product\/38305\/revisions\/39668"}],"wp:featuredmedia":[{"embeddable":true,"href":"https:\/\/www.hml-fetish.de\/shop\/fr\/wp-json\/wp\/v2\/media\/39570"}],"wp:attachment":[{"href":"https:\/\/www.hml-fetish.de\/shop\/fr\/wp-json\/wp\/v2\/media?parent=38305"}],"wp:term":[{"taxonomy":"product_brand","embeddable":true,"href":"https:\/\/www.hml-fetish.de\/shop\/fr\/wp-json\/wp\/v2\/product_brand?post=38305"},{"taxonomy":"product_cat","embeddable":true,"href":"https:\/\/www.hml-fetish.de\/shop\/fr\/wp-json\/wp\/v2\/product_cat?post=38305"},{"taxonomy":"product_tag","embeddable":true,"href":"https:\/\/www.hml-fetish.de\/shop\/fr\/wp-json\/wp\/v2\/product_tag?post=38305"}],"curies":[{"name":"wp","href":"https:\/\/api.w.org\/{rel}","templated":true}]}}