{"id":37654,"date":"2025-06-20T17:50:45","date_gmt":"2025-06-20T15:50:45","guid":{"rendered":"https:\/\/www.hml-fetish.de\/shop\/?post_type=product&#038;p=37654"},"modified":"2025-06-25T15:30:41","modified_gmt":"2025-06-25T13:30:41","slug":"bracelet-musculaire-avec-rivets-tueurs","status":"publish","type":"product","link":"https:\/\/www.hml-fetish.de\/shop\/fr\/bracelet-musculaire-avec-rivets-tueurs\/","title":{"rendered":"Bracelet musculaire avec rivets tueurs"},"content":{"rendered":"<p><P>\u00c0 l&#8217;origine, ils \u00e9taient associ\u00e9s \u00e0 la sc\u00e8ne punk et gothique. Longtemps, on ne les trouvait que dans les foires ou pas du tout : les rivets tueurs. Aujourd&#8217;hui, tu peux de nouveau en trouver de temps en temps dans les magasins sp\u00e9cialis\u00e9s en mat\u00e9riel m\u00e9di\u00e9val. Ils sont devenus nobles et ne sont plus aussi effrayants qu&#8217;aux ann\u00e9es 90.<\/P><br \/>\n<P>Nous te proposons une version un peu plus petite en laiton nickel\u00e9. Nous sommes en train d&#8217;assembler une s\u00e9rie de produits et nous te pr\u00e9sentons ici les premiers exemplaires : pourquoi pas un bracelet pour hommes au niveau du haut du bras ? Nos rivets tueurs mesurent 12 mm de haut et sont certes pointus, mais le sang ne coulera pas imm\u00e9diatement si tu passes ton doigt dessus.<\/P><br \/>\n<P>Ces pi\u00e8ces inhabituellement lourdes sont disponibles dans nos tailles habituelles (voir ci-dessous). Les boutons-pression vous permettent de les fermer et de les ajuster. Nous fabriquons chacun de ces articles raffin\u00e9s sp\u00e9cialement pour toi. Chacun de ces rivets est en effet martel\u00e9 individuellement et avec soin. Nous vous prions donc de nous accorder un d\u00e9lai de quelques jours avant la livraison (une semaine maximum).<br \/>\n<BR\/><img decoding=\"async\" src=\"\/GIF\/sizefr_OA.gif\" alt=\"tableau des tailles\" title=\"tableau des tailles\" border=\"0\" height=\"225\" width=\"153\"><\/P><br \/>\n<P><B>S\u00e9curit\u00e9 du produit :<\/B><BR><br \/>\nIndication d&#8217;allergie : mat\u00e9riau cuir de b\u0153uf, les parties m\u00e9talliques en contact avec la peau sont exemptes de rouille et de nickel<BR><br \/>\nPersonne responsable<BR><br \/>\nHML, propri\u00e9taire Dr. Detlef Moller<BR><br \/>\nNeukirchstra\u00dfe 18<BR><br \/>\n28215 Bremen<BR><br \/>\nAllemagne<BR><br \/>\ninfo@hml-fetish.de<\/P><\/p>\n","protected":false},"excerpt":{"rendered":"<h4>Bracelet musculaire avec rivets tueurs<\/h4>\n<p><P>\u00c0 l&#8217;origine, ils \u00e9taient associ\u00e9s \u00e0 la sc\u00e8ne punk et gothique. Longtemps, on ne les trouvait que dans les foires ou pas du tout : les rivets tueurs. Aujourd&#8217;hui, tu peux de nouveau en trouver de temps en temps dans les magasins sp\u00e9cialis\u00e9s en mat\u00e9riel m\u00e9di\u00e9val. Ils sont devenus nobles et ne sont plus aussi effrayants qu&#8217;aux ann\u00e9es 90.<\/P><\/p>\n","protected":false},"featured_media":37594,"comment_status":"open","ping_status":"closed","template":"","meta":[],"product_brand":[],"product_cat":[604,736],"product_tag":[],"class_list":{"0":"post-37654","1":"product","2":"type-product","3":"status-publish","4":"has-post-thumbnail","6":"product_cat-bracelets","7":"product_cat-nouveau-hml","8":"product_shipping_class-colis-fr","10":"first","11":"instock","12":"taxable","13":"shipping-taxable","14":"purchasable","15":"product-type-variable"},"_links":{"self":[{"href":"https:\/\/www.hml-fetish.de\/shop\/fr\/wp-json\/wp\/v2\/product\/37654","targetHints":{"allow":["GET"]}}],"collection":[{"href":"https:\/\/www.hml-fetish.de\/shop\/fr\/wp-json\/wp\/v2\/product"}],"about":[{"href":"https:\/\/www.hml-fetish.de\/shop\/fr\/wp-json\/wp\/v2\/types\/product"}],"replies":[{"embeddable":true,"href":"https:\/\/www.hml-fetish.de\/shop\/fr\/wp-json\/wp\/v2\/comments?post=37654"}],"version-history":[{"count":0,"href":"https:\/\/www.hml-fetish.de\/shop\/fr\/wp-json\/wp\/v2\/product\/37654\/revisions"}],"wp:featuredmedia":[{"embeddable":true,"href":"https:\/\/www.hml-fetish.de\/shop\/fr\/wp-json\/wp\/v2\/media\/37594"}],"wp:attachment":[{"href":"https:\/\/www.hml-fetish.de\/shop\/fr\/wp-json\/wp\/v2\/media?parent=37654"}],"wp:term":[{"taxonomy":"product_brand","embeddable":true,"href":"https:\/\/www.hml-fetish.de\/shop\/fr\/wp-json\/wp\/v2\/product_brand?post=37654"},{"taxonomy":"product_cat","embeddable":true,"href":"https:\/\/www.hml-fetish.de\/shop\/fr\/wp-json\/wp\/v2\/product_cat?post=37654"},{"taxonomy":"product_tag","embeddable":true,"href":"https:\/\/www.hml-fetish.de\/shop\/fr\/wp-json\/wp\/v2\/product_tag?post=37654"}],"curies":[{"name":"wp","href":"https:\/\/api.w.org\/{rel}","templated":true}]}}