{"id":37164,"date":"2025-03-25T12:51:55","date_gmt":"2025-03-25T11:51:55","guid":{"rendered":"https:\/\/www.hml-fetish.de\/shop\/quilted-leatherjeans\/"},"modified":"2025-12-30T08:48:07","modified_gmt":"2025-12-30T07:48:07","slug":"jeans-en-cuir-pique","status":"publish","type":"product","link":"https:\/\/www.hml-fetish.de\/shop\/fr\/jeans-en-cuir-pique\/","title":{"rendered":"Jeans en cuir piqu\u00e9"},"content":{"rendered":"<p><P>Ce pantalon en cuir, dans le style des classiques de Langlitz, est le compl\u00e9ment id\u00e9al de ta tenue. Sa coupe de jean tendance avec une taille plut\u00f4t basse te conviendra aussi bien pour une sortie en moto que pour un d\u00eener BLUF \u00e0 la Folsom Parade. Une fois que tu l&#8217;auras enfil\u00e9, tu ne voudras plus jamais le quitter.<\/P><br \/>\n<P>L&#8217;\u00e9paisseur du cuir est d&#8217;environ 1,2 mm et la pi\u00e8ce est bien entendu sans doublure. Les grandes surpiq\u00fbres au niveau des genoux sont caract\u00e9ristiques de ce mod\u00e8le. Il est confortable pour faire du v\u00e9lo et si tu ressens le besoin de t&#8217;agenouiller devant un homme, c&#8217;est tr\u00e8s agr\u00e9able. Comme pour nos autres jeans en cuir, il n&#8217;y a pas de coutures aux genoux \u00e0 l&#8217;arri\u00e8re.<\/P><br \/>\n<P>Comme pour nos autres jeans en cuir, il n&#8217;y a pas de coutures aux genoux \u00e0 l&#8217;arri\u00e8re. Tu peux fermer deux poches pratiques \u00e0 l&#8217;avant avec des fermetures \u00e9clair. Les poches arri\u00e8re sont \u00e9galement ouvertes et surpiqu\u00e9es. Il se ferme \u00e0 l&#8217;avant avec une autre fermeture \u00e0 glissi\u00e8re et deux gros boutons-pression. <\/P><br \/>\n<P>La longueur int\u00e9rieure de la jambe est de 91 cm (36 pouces). Coupe-la \u00e0 ta longueur avec des ciseaux bien aiguis\u00e9s, scelle les fils avec un briquet et colle un petit morceau en bas. Nous pouvons aussi le faire gratuitement pour toi si tu nous donnes la longueur int\u00e9rieure de ta jambe. Le droit d&#8217;\u00e9change s&#8217;\u00e9teint alors !<\/P><br \/>\n<P><a href=\"\/fr\/pages\/hilfe0010a.htm\"><img decoding=\"async\" src=\"\/GIF\/sizefr_bund.gif\" alt=\"tableau des tailles\" title=\"tableau des tailles\" border=\"0\" height=\"194\" width=\"134\"><\/a><\/P><br \/>\n<P>S\u00e9curit\u00e9 du produit :<BR>.<br \/>\nInformation sur les allergies : mat\u00e9riau en cuir de vache, les parties m\u00e9talliques en contact avec la peau sont exemptes de rouille et de nickel.<BR><br \/>\nPersonne responsable :<BR><br \/>\nHML, propri\u00e9taire Dr. Detlef Moller<BR><br \/>\n28215 Br\u00eame, Allemagne<BR><br \/>\nAllemagne<BR><br \/>\ninfo@hml-fetish.de<\/P><\/p>\n","protected":false},"excerpt":{"rendered":"<p><H4>Jeans en cuir piqu\u00e9<\/H4><br \/>\n<P>Ce pantalon en cuir, dans le style des classiques de Langlitz, est le compl\u00e9ment id\u00e9al de ta tenue. Sa coupe de jean tendance avec une taille plut\u00f4t basse te conviendra aussi bien pour une sortie en moto que pour un d\u00eener BLUF \u00e0 la Folsom Parade. Une fois que tu l&#8217;auras enfil\u00e9, tu ne voudras plus jamais le quitter.<\/P><\/p>\n","protected":false},"featured_media":37742,"comment_status":"open","ping_status":"closed","template":"","meta":[],"product_brand":[],"product_cat":[585,736,642],"product_tag":[],"class_list":{"0":"post-37164","1":"product","2":"type-product","3":"status-publish","4":"has-post-thumbnail","6":"product_cat-pantalons-chaps","7":"product_cat-nouveau-hml","8":"product_cat-vetements-fr","9":"product_shipping_class-colis-fr","11":"first","12":"instock","13":"taxable","14":"shipping-taxable","15":"purchasable","16":"product-type-variable"},"_links":{"self":[{"href":"https:\/\/www.hml-fetish.de\/shop\/fr\/wp-json\/wp\/v2\/product\/37164","targetHints":{"allow":["GET"]}}],"collection":[{"href":"https:\/\/www.hml-fetish.de\/shop\/fr\/wp-json\/wp\/v2\/product"}],"about":[{"href":"https:\/\/www.hml-fetish.de\/shop\/fr\/wp-json\/wp\/v2\/types\/product"}],"replies":[{"embeddable":true,"href":"https:\/\/www.hml-fetish.de\/shop\/fr\/wp-json\/wp\/v2\/comments?post=37164"}],"version-history":[{"count":0,"href":"https:\/\/www.hml-fetish.de\/shop\/fr\/wp-json\/wp\/v2\/product\/37164\/revisions"}],"wp:featuredmedia":[{"embeddable":true,"href":"https:\/\/www.hml-fetish.de\/shop\/fr\/wp-json\/wp\/v2\/media\/37742"}],"wp:attachment":[{"href":"https:\/\/www.hml-fetish.de\/shop\/fr\/wp-json\/wp\/v2\/media?parent=37164"}],"wp:term":[{"taxonomy":"product_brand","embeddable":true,"href":"https:\/\/www.hml-fetish.de\/shop\/fr\/wp-json\/wp\/v2\/product_brand?post=37164"},{"taxonomy":"product_cat","embeddable":true,"href":"https:\/\/www.hml-fetish.de\/shop\/fr\/wp-json\/wp\/v2\/product_cat?post=37164"},{"taxonomy":"product_tag","embeddable":true,"href":"https:\/\/www.hml-fetish.de\/shop\/fr\/wp-json\/wp\/v2\/product_tag?post=37164"}],"curies":[{"name":"wp","href":"https:\/\/api.w.org\/{rel}","templated":true}]}}