{"id":36947,"date":"2025-03-10T17:10:48","date_gmt":"2025-03-10T16:10:48","guid":{"rendered":"https:\/\/www.hml-fetish.de\/shop\/?post_type=product&#038;p=36947"},"modified":"2025-03-21T17:07:38","modified_gmt":"2025-03-21T16:07:38","slug":"cravate-en-cuir-pique","status":"publish","type":"product","link":"https:\/\/www.hml-fetish.de\/shop\/fr\/cravate-en-cuir-pique\/","title":{"rendered":"Cravate en cuir piqu\u00e9"},"content":{"rendered":"<p><P>Cravates en cuir fin et souple. Elles sont maintenant disponibles en version piqu\u00e9e dans le style BLUF. Que tu portes une tenue officielle, une chemise ou que tu danses torse nu : ce lien unique te donne ce petit quelque chose en plus !<\/P><br \/>\n<P>Tu ne peux pas faire de n\u0153ud avec le tissu \u00e9pais. La cravate est livr\u00e9e toute nou\u00e9e et se ferme dans la nuque avec du velcro. Les vrais flics adorent \u00e7a, car un gangster que tu veux arr\u00eater ne peut pas t&#8217;\u00e9trangler avec ta propre cravate.<\/P><br \/>\n<P>Cette cravate sp\u00e9ciale est disponible chez nous en sept couleurs vives : noir, rouge feu, bleu roi, jaune citron, blanc neige, olive arm\u00e9e ou gris argent\u00e9.<\/P><br \/>\n<P><B>S\u00e9curit\u00e9 du produit:<\/B><BR><br \/>\nIndication d&#8217;allergie : mat\u00e9riau cuir de b\u0153uf, les parties m\u00e9talliques en contact avec la peau sont exemptes de rouille et de nickel<BR><br \/>\nPersonne responsable<BR><br \/>\nHML, propri\u00e9taire Dr. Detlef Moller<BR><br \/>\nNeukirchstra\u00dfe 18<BR><br \/>\n28215 Br\u00eame<BR><br \/>\nAllemagne<BR><br \/>\ninfo@hml-fetish.de<\/P><\/p>\n","protected":false},"excerpt":{"rendered":"<h4>Cravate en cuir piqu\u00e9<\/h4>\n<p>Cravates en cuir fin et souple. Elles sont maintenant disponibles en version piqu\u00e9e dans le style BLUF. Que tu portes une tenue officielle, une chemise ou que tu danses torse nu : ce lien unique te donne ce petit quelque chose en plus !<\/p>\n","protected":false},"featured_media":36955,"comment_status":"open","ping_status":"closed","template":"","meta":[],"product_brand":[],"product_cat":[606,732,636,736,734,590],"product_tag":[4400],"class_list":{"0":"post-36947","1":"product","2":"type-product","3":"status-publish","4":"has-post-thumbnail","6":"product_cat-accessoires-fr-2-fr","7":"product_cat-best-seller","8":"product_cat-cravates","9":"product_cat-nouveau-hml","10":"product_cat-promotion","11":"product_cat-shirts-vestons","12":"product_tag-hml-fetish-original-fr","13":"product_shipping_class-colis-fr","15":"first","16":"instock","17":"sale","18":"taxable","19":"shipping-taxable","20":"purchasable","21":"product-type-variable"},"_links":{"self":[{"href":"https:\/\/www.hml-fetish.de\/shop\/fr\/wp-json\/wp\/v2\/product\/36947","targetHints":{"allow":["GET"]}}],"collection":[{"href":"https:\/\/www.hml-fetish.de\/shop\/fr\/wp-json\/wp\/v2\/product"}],"about":[{"href":"https:\/\/www.hml-fetish.de\/shop\/fr\/wp-json\/wp\/v2\/types\/product"}],"replies":[{"embeddable":true,"href":"https:\/\/www.hml-fetish.de\/shop\/fr\/wp-json\/wp\/v2\/comments?post=36947"}],"version-history":[{"count":0,"href":"https:\/\/www.hml-fetish.de\/shop\/fr\/wp-json\/wp\/v2\/product\/36947\/revisions"}],"wp:featuredmedia":[{"embeddable":true,"href":"https:\/\/www.hml-fetish.de\/shop\/fr\/wp-json\/wp\/v2\/media\/36955"}],"wp:attachment":[{"href":"https:\/\/www.hml-fetish.de\/shop\/fr\/wp-json\/wp\/v2\/media?parent=36947"}],"wp:term":[{"taxonomy":"product_brand","embeddable":true,"href":"https:\/\/www.hml-fetish.de\/shop\/fr\/wp-json\/wp\/v2\/product_brand?post=36947"},{"taxonomy":"product_cat","embeddable":true,"href":"https:\/\/www.hml-fetish.de\/shop\/fr\/wp-json\/wp\/v2\/product_cat?post=36947"},{"taxonomy":"product_tag","embeddable":true,"href":"https:\/\/www.hml-fetish.de\/shop\/fr\/wp-json\/wp\/v2\/product_tag?post=36947"}],"curies":[{"name":"wp","href":"https:\/\/api.w.org\/{rel}","templated":true}]}}