{"id":36789,"date":"2025-01-30T13:25:05","date_gmt":"2025-01-30T12:25:05","guid":{"rendered":"https:\/\/www.hml-fetish.de\/shop\/?post_type=product&#038;p=36789"},"modified":"2025-01-30T13:39:20","modified_gmt":"2025-01-30T12:39:20","slug":"rasoir-a-usage-unique","status":"publish","type":"product","link":"https:\/\/www.hml-fetish.de\/shop\/fr\/rasoir-a-usage-unique\/","title":{"rendered":"Rasoir \u00e0 usage unique noir (10 pi\u00e8ces)"},"content":{"rendered":"<p><P>Si tu veux te raser \u00e0 sec et qu&#8217;un rasoir est trop cher pour toi, nous avons la solution pour toi. C&#8217;est la solution la plus rapide pour les poils des aisselles, de la poitrine, des parties intimes et des jambes. Le rasoir jetable \u00e0 un seul tranchant est ferm\u00e9 en toute s\u00e9curit\u00e9 par un capuchon de protection.<\/P><br \/>\n<P>Le rasoir jetable \u00e0 un seul tranchant est ferm\u00e9 en toute s\u00e9curit\u00e9 par un capuchon de protection. Ce produit non st\u00e9rile convient parfaitement pour enlever les poils mouill\u00e9s ou secs. Si vous aimez ce genre de jeux, vous pouvez attacher votre partenaire et lui bander les yeux avant de le raser.<\/P><br \/>\n<P>Informations sur la s\u00e9curit\u00e9 du produit :<BR><br \/>\nFabricant : UNIGLOVES\u00ae Arzt- und Klinikbedarf Handelsgesellschaft mbH | Camp-Spich-Stra\u00dfe 71 | 53842 Troisdorf-Spich<BR><br \/>\nContact : unigloves@unigloves.de<\/P><\/p>\n","protected":false},"excerpt":{"rendered":"<p><H4>Rasoir \u00e0 usage unique noir (10 pi\u00e8ces)<\/H4><br \/>\n<P>Si tu veux te raser \u00e0 sec et qu&#8217;un rasoir est trop cher pour toi, nous avons la solution pour toi. C&#8217;est la solution la plus rapide pour les poils des aisselles, de la poitrine, des parties intimes et des jambes. Le rasoir jetable \u00e0 un seul tranchant est ferm\u00e9 en toute s\u00e9curit\u00e9 par un capuchon de protection.<\/P><\/p>\n","protected":false},"featured_media":36782,"comment_status":"open","ping_status":"closed","template":"","meta":[],"product_brand":[],"product_cat":[697,694,736],"product_tag":[],"class_list":{"0":"post-36789","1":"product","2":"type-product","3":"status-publish","4":"has-post-thumbnail","6":"product_cat-cbt-fr","7":"product_cat-medical","8":"product_cat-nouveau-hml","9":"product_shipping_class-colis-fr","11":"first","12":"instock","13":"taxable","14":"shipping-taxable","15":"purchasable","16":"product-type-simple"},"_links":{"self":[{"href":"https:\/\/www.hml-fetish.de\/shop\/fr\/wp-json\/wp\/v2\/product\/36789","targetHints":{"allow":["GET"]}}],"collection":[{"href":"https:\/\/www.hml-fetish.de\/shop\/fr\/wp-json\/wp\/v2\/product"}],"about":[{"href":"https:\/\/www.hml-fetish.de\/shop\/fr\/wp-json\/wp\/v2\/types\/product"}],"replies":[{"embeddable":true,"href":"https:\/\/www.hml-fetish.de\/shop\/fr\/wp-json\/wp\/v2\/comments?post=36789"}],"version-history":[{"count":0,"href":"https:\/\/www.hml-fetish.de\/shop\/fr\/wp-json\/wp\/v2\/product\/36789\/revisions"}],"wp:featuredmedia":[{"embeddable":true,"href":"https:\/\/www.hml-fetish.de\/shop\/fr\/wp-json\/wp\/v2\/media\/36782"}],"wp:attachment":[{"href":"https:\/\/www.hml-fetish.de\/shop\/fr\/wp-json\/wp\/v2\/media?parent=36789"}],"wp:term":[{"taxonomy":"product_brand","embeddable":true,"href":"https:\/\/www.hml-fetish.de\/shop\/fr\/wp-json\/wp\/v2\/product_brand?post=36789"},{"taxonomy":"product_cat","embeddable":true,"href":"https:\/\/www.hml-fetish.de\/shop\/fr\/wp-json\/wp\/v2\/product_cat?post=36789"},{"taxonomy":"product_tag","embeddable":true,"href":"https:\/\/www.hml-fetish.de\/shop\/fr\/wp-json\/wp\/v2\/product_tag?post=36789"}],"curies":[{"name":"wp","href":"https:\/\/api.w.org\/{rel}","templated":true}]}}