{"id":36357,"date":"2024-11-30T15:32:30","date_gmt":"2024-11-30T14:32:30","guid":{"rendered":"https:\/\/www.hml-fetish.de\/shop\/?post_type=product&#038;p=36357"},"modified":"2025-01-16T16:33:25","modified_gmt":"2025-01-16T15:33:25","slug":"manchette-16-cm-avec-porte-monnaie","status":"publish","type":"product","link":"https:\/\/www.hml-fetish.de\/shop\/fr\/manchette-16-cm-avec-porte-monnaie\/","title":{"rendered":"Manchette 16 cm avec porte-monnaie"},"content":{"rendered":"<p><P>Nouveau dans notre programme en raison d&#8217;une forte demande : dans cette manchettes \u00e0 monnaie de notre propre production, tu peux garder les plus gros billets de banque des pays exotiques sans les plier ! Le bracelet est large de 16 cm et de forme conique, il s&#8217;adapte donc \u00e0 la forme de ton avant-bras.<\/P><br \/>\n<P>Ce porte-monnaie de poignet est fabriqu\u00e9 en cuir de b\u0153uf nappa fin mais r\u00e9sistant et doubl\u00e9 de cuir de b\u0153uf nappa \u00e0 l&#8217;int\u00e9rieur ! Ainsi, les quatre boutons-pression inoxydables ne sont pas en contact avec la peau et tu as une sensation de cuir incomparablement doux sur ta peau. \u00c9paisseur totale d&#8217;environ 3 mm.<br \/>\n<BR><BR><img decoding=\"async\" src=\"\/GIF\/sizefr_UA.gif\" alt=\"tableau des tailles\" title=\"tableau des tailles\" border=\"0\" height=\"189\" width=\"122\"><\/P><br \/>\n<P><B>S\u00e9curit\u00e9 du produit:<\/B><BR><br \/>\nIndication d&#8217;allergie : Mat\u00e9riau cuir de vachette, les parties m\u00e9talliques en contact avec la peau sont exemptes de rouille et de nickel<BR>.<br \/>\nPersonne responsable<BR><br \/>\nHML, propri\u00e9taire Dr. Detlef Moller<BR><br \/>\nNeukirchstra\u00dfe 18<BR><br \/>\n28215 Br\u00eame<BR><br \/>\nAllemagne<BR><br \/>\ninfo@hml-fetish.de<\/P><\/p>\n","protected":false},"excerpt":{"rendered":"<h4>Manchette 16 cm avec porte-monnaie<\/h4>\n<p><P>Nouveau dans notre programme en raison d&#8217;une forte demande : dans cette manchettes \u00e0 monnaie de notre propre production, tu peux garder les plus gros billets de banque des pays exotiques sans les plier ! Le bracelet est large de 16 cm et de forme conique, il s&#8217;adapte donc \u00e0 la forme de ton avant-bras.<\/P><\/p>\n","protected":false},"featured_media":36364,"comment_status":"open","ping_status":"closed","template":"","meta":[],"product_brand":[],"product_cat":[606,604,736],"product_tag":[4400],"class_list":{"0":"post-36357","1":"product","2":"type-product","3":"status-publish","4":"has-post-thumbnail","6":"product_cat-accessoires-fr-2-fr","7":"product_cat-bracelets","8":"product_cat-nouveau-hml","9":"product_tag-hml-fetish-original-fr","10":"product_shipping_class-lettre","12":"first","13":"instock","14":"taxable","15":"shipping-taxable","16":"purchasable","17":"product-type-variable"},"_links":{"self":[{"href":"https:\/\/www.hml-fetish.de\/shop\/fr\/wp-json\/wp\/v2\/product\/36357","targetHints":{"allow":["GET"]}}],"collection":[{"href":"https:\/\/www.hml-fetish.de\/shop\/fr\/wp-json\/wp\/v2\/product"}],"about":[{"href":"https:\/\/www.hml-fetish.de\/shop\/fr\/wp-json\/wp\/v2\/types\/product"}],"replies":[{"embeddable":true,"href":"https:\/\/www.hml-fetish.de\/shop\/fr\/wp-json\/wp\/v2\/comments?post=36357"}],"version-history":[{"count":0,"href":"https:\/\/www.hml-fetish.de\/shop\/fr\/wp-json\/wp\/v2\/product\/36357\/revisions"}],"wp:featuredmedia":[{"embeddable":true,"href":"https:\/\/www.hml-fetish.de\/shop\/fr\/wp-json\/wp\/v2\/media\/36364"}],"wp:attachment":[{"href":"https:\/\/www.hml-fetish.de\/shop\/fr\/wp-json\/wp\/v2\/media?parent=36357"}],"wp:term":[{"taxonomy":"product_brand","embeddable":true,"href":"https:\/\/www.hml-fetish.de\/shop\/fr\/wp-json\/wp\/v2\/product_brand?post=36357"},{"taxonomy":"product_cat","embeddable":true,"href":"https:\/\/www.hml-fetish.de\/shop\/fr\/wp-json\/wp\/v2\/product_cat?post=36357"},{"taxonomy":"product_tag","embeddable":true,"href":"https:\/\/www.hml-fetish.de\/shop\/fr\/wp-json\/wp\/v2\/product_tag?post=36357"}],"curies":[{"name":"wp","href":"https:\/\/api.w.org\/{rel}","templated":true}]}}