{"id":36173,"date":"2024-10-16T17:05:41","date_gmt":"2024-10-16T15:05:41","guid":{"rendered":"https:\/\/www.hml-fetish.de\/shop\/?post_type=product&#038;p=36173"},"modified":"2024-10-16T17:11:56","modified_gmt":"2024-10-16T15:11:56","slug":"boules-anales-en-latex-kopie","status":"publish","type":"product","link":"https:\/\/www.hml-fetish.de\/shop\/fr\/boules-anales-en-latex-kopie\/","title":{"rendered":"Boules anales en latex 60 mm"},"content":{"rendered":"<p><P>Boules noires en 60 mm caoutchouc plein reli\u00e9es par un solide cordon en caoutchouc. Quatre boules de m\u00eame diam\u00e8tre. La sensation d&#8217;introduire une boule apr\u00e8s l&#8217;autre, de sentir la pression croissante &#8211; et plus tard de les retirer, l&#8217;une apr\u00e8s l&#8217;autre, lentement&#8230; Ne nous dis pas ensuite que tu as d\u00e9j\u00e0 v\u00e9cu une exp\u00e9rience similaire!<\/P><\/p>\n","protected":false},"excerpt":{"rendered":"<h4>Boules anales en latex<\/h4>\n<p><P>Boules noires en caoutchouc plein reli\u00e9es par un solide cordon en caoutchouc. Quatre boules de m\u00eame diam\u00e8tre. La sensation d&#8217;introduire une boule apr\u00e8s l&#8217;autre, de sentir la pression croissante &#8211; et plus tard de les retirer, l&#8217;une apr\u00e8s l&#8217;autre, lentement&#8230; Ne nous dis pas ensuite que tu as d\u00e9j\u00e0 v\u00e9cu une exp\u00e9rience similaire!<\/P><\/p>\n","protected":false},"featured_media":27032,"comment_status":"open","ping_status":"closed","template":"","meta":[],"product_brand":[],"product_cat":[752,688,686],"product_tag":[4372],"class_list":{"0":"post-36173","1":"product","2":"type-product","3":"status-publish","4":"has-post-thumbnail","6":"product_cat-fin-de-serie","7":"product_cat-matos","8":"product_cat-plugs-fr","9":"product_tag-best-seller-toys-bdsm","10":"product_shipping_class-colis-fr","12":"first","13":"instock","14":"taxable","15":"shipping-taxable","16":"purchasable","17":"product-type-simple"},"_links":{"self":[{"href":"https:\/\/www.hml-fetish.de\/shop\/fr\/wp-json\/wp\/v2\/product\/36173","targetHints":{"allow":["GET"]}}],"collection":[{"href":"https:\/\/www.hml-fetish.de\/shop\/fr\/wp-json\/wp\/v2\/product"}],"about":[{"href":"https:\/\/www.hml-fetish.de\/shop\/fr\/wp-json\/wp\/v2\/types\/product"}],"replies":[{"embeddable":true,"href":"https:\/\/www.hml-fetish.de\/shop\/fr\/wp-json\/wp\/v2\/comments?post=36173"}],"version-history":[{"count":0,"href":"https:\/\/www.hml-fetish.de\/shop\/fr\/wp-json\/wp\/v2\/product\/36173\/revisions"}],"wp:featuredmedia":[{"embeddable":true,"href":"https:\/\/www.hml-fetish.de\/shop\/fr\/wp-json\/wp\/v2\/media\/27032"}],"wp:attachment":[{"href":"https:\/\/www.hml-fetish.de\/shop\/fr\/wp-json\/wp\/v2\/media?parent=36173"}],"wp:term":[{"taxonomy":"product_brand","embeddable":true,"href":"https:\/\/www.hml-fetish.de\/shop\/fr\/wp-json\/wp\/v2\/product_brand?post=36173"},{"taxonomy":"product_cat","embeddable":true,"href":"https:\/\/www.hml-fetish.de\/shop\/fr\/wp-json\/wp\/v2\/product_cat?post=36173"},{"taxonomy":"product_tag","embeddable":true,"href":"https:\/\/www.hml-fetish.de\/shop\/fr\/wp-json\/wp\/v2\/product_tag?post=36173"}],"curies":[{"name":"wp","href":"https:\/\/api.w.org\/{rel}","templated":true}]}}