{"id":35711,"date":"2024-04-29T16:27:35","date_gmt":"2024-04-29T14:27:35","guid":{"rendered":"https:\/\/www.hml-fetish.de\/shop\/?post_type=product&#038;p=35711"},"modified":"2024-04-29T16:51:16","modified_gmt":"2024-04-29T14:51:16","slug":"connecteur-pour-masque-a-gaz-iii","status":"publish","type":"product","link":"https:\/\/www.hml-fetish.de\/shop\/fr\/connecteur-pour-masque-a-gaz-iii\/","title":{"rendered":"Connecteur pour masque \u00e0 gaz III"},"content":{"rendered":"<p><P>Un outil tr\u00e8s excitant pour les jeux chauds : avec ce connecteur, vous pouvez coupler deux masques \u00e0 gaz via des tuyaux pliss\u00e9s. Si vous \u00eates sous le masque et attach\u00e9 en m\u00eame temps, votre partenaire peut vous faire de vilaines choses, car vous allez aussi vous faire respirer de force \u00e0 travers le tuyau ! Si un troisi\u00e8me homme est pr\u00e9sent, vous pouvez intensifier ces jeux. Il n&#8217;y a pas de limites \u00e0 votre imagination.<\/P><P>Les masques \u00e0 gaz et les jeux respiratoires sont chauds et excitants \u00e0 jouer, et avec ce petit jouet, vous pouvez facilement les rendre encore plus chauds ! Mais comme pour tous Breath Control, le jeu de respiration en solo est un tueur connu dans le milieu du kink. <B>Ne jouez jamais seul et ne laissez jamais le sub sans surveillance, m\u00eame pour une minute !<\/B><\/P><\/p>\n","protected":false},"excerpt":{"rendered":"<h4>Connecteur pour masque \u00e0 gaz III<\/h4>\n<p>Un outil tr\u00e8s excitant pour les jeux chauds : avec ce connecteur, vous pouvez coupler deux masques \u00e0 gaz via des tuyaux pliss\u00e9s. Si vous \u00eates sous le masque et attach\u00e9 en m\u00eame temps, votre partenaire peut vous faire de vilaines choses, car vous allez aussi vous faire respirer de force \u00e0 travers le tuyau ! Si un troisi\u00e8me homme est pr\u00e9sent, vous pouvez intensifier ces jeux. Il n&#8217;y a pas de limites \u00e0 votre imagination.<\/p>\n","protected":false},"featured_media":35699,"comment_status":"open","ping_status":"closed","template":"","meta":[],"product_brand":[],"product_cat":[700],"product_tag":[4421],"class_list":{"0":"post-35711","1":"product","2":"type-product","3":"status-publish","4":"has-post-thumbnail","6":"product_cat-cagoules-etc","7":"product_tag-breath-control-fr","8":"product_shipping_class-colis-fr","10":"first","11":"instock","12":"taxable","13":"shipping-taxable","14":"purchasable","15":"product-type-simple"},"_links":{"self":[{"href":"https:\/\/www.hml-fetish.de\/shop\/fr\/wp-json\/wp\/v2\/product\/35711","targetHints":{"allow":["GET"]}}],"collection":[{"href":"https:\/\/www.hml-fetish.de\/shop\/fr\/wp-json\/wp\/v2\/product"}],"about":[{"href":"https:\/\/www.hml-fetish.de\/shop\/fr\/wp-json\/wp\/v2\/types\/product"}],"replies":[{"embeddable":true,"href":"https:\/\/www.hml-fetish.de\/shop\/fr\/wp-json\/wp\/v2\/comments?post=35711"}],"version-history":[{"count":0,"href":"https:\/\/www.hml-fetish.de\/shop\/fr\/wp-json\/wp\/v2\/product\/35711\/revisions"}],"wp:featuredmedia":[{"embeddable":true,"href":"https:\/\/www.hml-fetish.de\/shop\/fr\/wp-json\/wp\/v2\/media\/35699"}],"wp:attachment":[{"href":"https:\/\/www.hml-fetish.de\/shop\/fr\/wp-json\/wp\/v2\/media?parent=35711"}],"wp:term":[{"taxonomy":"product_brand","embeddable":true,"href":"https:\/\/www.hml-fetish.de\/shop\/fr\/wp-json\/wp\/v2\/product_brand?post=35711"},{"taxonomy":"product_cat","embeddable":true,"href":"https:\/\/www.hml-fetish.de\/shop\/fr\/wp-json\/wp\/v2\/product_cat?post=35711"},{"taxonomy":"product_tag","embeddable":true,"href":"https:\/\/www.hml-fetish.de\/shop\/fr\/wp-json\/wp\/v2\/product_tag?post=35711"}],"curies":[{"name":"wp","href":"https:\/\/api.w.org\/{rel}","templated":true}]}}