{"id":35565,"date":"2024-04-11T18:14:44","date_gmt":"2024-04-11T16:14:44","guid":{"rendered":"https:\/\/www.hml-fetish.de\/shop\/?post_type=product&#038;p=35565"},"modified":"2024-04-11T18:34:17","modified_gmt":"2024-04-11T16:34:17","slug":"boules-anales-avec-cock-ring","status":"publish","type":"product","link":"https:\/\/www.hml-fetish.de\/shop\/fr\/boules-anales-avec-cock-ring\/","title":{"rendered":"Boules anales avec cock-ring"},"content":{"rendered":"<p><P>Cette cha\u00eene anale avec cockring de boules coniques est en silicone souple et hygi\u00e9nique. Trois boules d&#8217;un diam\u00e8tre identique de 44 mm chacune. Longueur totale de 255 mm et poids de 200 grammes. La boucle de maintien \u00e0 l&#8217;extr\u00e9mit\u00e9 est particuli\u00e8rement \u00e9l\u00e9gante comme cockring autour de votre b\u00e2ton. La sensation d&#8217;ins\u00e9rer une boule apr\u00e8s l&#8217;autre, de sentir la pression croissante, puis de la retirer lentement une par une \u2026 Ne nous dites pas ensuite que vous avez d\u00e9j\u00e0 v\u00e9cu une exp\u00e9rience similaire !<\/P><\/p>\n","protected":false},"excerpt":{"rendered":"<h4>Boules anales avec cock-ring<\/h4>\n<p><P>Cette cha\u00eene anale avec cockring de boules coniques est en silicone souple et hygi\u00e9nique. Trois boules d&#8217;un diam\u00e8tre identique de 44 mm chacune. Longueur totale de 255 mm et poids de 200 grammes. La boucle de maintien \u00e0 l&#8217;extr\u00e9mit\u00e9 est particuli\u00e8rement \u00e9l\u00e9gante comme cockring autour de votre b\u00e2ton. La sensation d&#8217;ins\u00e9rer une boule apr\u00e8s l&#8217;autre, de sentir la pression croissante, puis de la retirer lentement une par une \u2026 Ne nous dites pas ensuite que vous avez d\u00e9j\u00e0 v\u00e9cu une exp\u00e9rience similaire !<\/P><\/p>\n","protected":false},"featured_media":35550,"comment_status":"open","ping_status":"closed","template":"","meta":[],"product_brand":[],"product_cat":[674,736,686],"product_tag":[],"class_list":{"0":"post-35565","1":"product","2":"type-product","3":"status-publish","4":"has-post-thumbnail","6":"product_cat-cock-rings-fr","7":"product_cat-nouveau-hml","8":"product_cat-plugs-fr","9":"product_shipping_class-colis-fr","11":"first","12":"instock","13":"taxable","14":"shipping-taxable","15":"purchasable","16":"product-type-simple"},"_links":{"self":[{"href":"https:\/\/www.hml-fetish.de\/shop\/fr\/wp-json\/wp\/v2\/product\/35565","targetHints":{"allow":["GET"]}}],"collection":[{"href":"https:\/\/www.hml-fetish.de\/shop\/fr\/wp-json\/wp\/v2\/product"}],"about":[{"href":"https:\/\/www.hml-fetish.de\/shop\/fr\/wp-json\/wp\/v2\/types\/product"}],"replies":[{"embeddable":true,"href":"https:\/\/www.hml-fetish.de\/shop\/fr\/wp-json\/wp\/v2\/comments?post=35565"}],"version-history":[{"count":0,"href":"https:\/\/www.hml-fetish.de\/shop\/fr\/wp-json\/wp\/v2\/product\/35565\/revisions"}],"wp:featuredmedia":[{"embeddable":true,"href":"https:\/\/www.hml-fetish.de\/shop\/fr\/wp-json\/wp\/v2\/media\/35550"}],"wp:attachment":[{"href":"https:\/\/www.hml-fetish.de\/shop\/fr\/wp-json\/wp\/v2\/media?parent=35565"}],"wp:term":[{"taxonomy":"product_brand","embeddable":true,"href":"https:\/\/www.hml-fetish.de\/shop\/fr\/wp-json\/wp\/v2\/product_brand?post=35565"},{"taxonomy":"product_cat","embeddable":true,"href":"https:\/\/www.hml-fetish.de\/shop\/fr\/wp-json\/wp\/v2\/product_cat?post=35565"},{"taxonomy":"product_tag","embeddable":true,"href":"https:\/\/www.hml-fetish.de\/shop\/fr\/wp-json\/wp\/v2\/product_tag?post=35565"}],"curies":[{"name":"wp","href":"https:\/\/api.w.org\/{rel}","templated":true}]}}