{"id":35517,"date":"2024-04-11T12:50:57","date_gmt":"2024-04-11T10:50:57","guid":{"rendered":"https:\/\/www.hml-fetish.de\/shop\/?post_type=product&#038;p=35517"},"modified":"2024-04-11T13:15:53","modified_gmt":"2024-04-11T11:15:53","slug":"cage-de-chastete-2","status":"publish","type":"product","link":"https:\/\/www.hml-fetish.de\/shop\/fr\/cage-de-chastete-2\/","title":{"rendered":"Cage de Chastet\u00e9 avec 3 Cock-rings"},"content":{"rendered":"<p><P>Une nouveaut\u00e9 en acier inoxydable : une fois mise en place et scell\u00e9e avec le cadenas fourni, cette cage ne peut \u00eatre ouverte que par le propri\u00e9taire de la cl\u00e9. La branlette est impossible dans cette construction et le moindre soup\u00e7on d&#8217;\u00e9rection se fait imm\u00e9diatement sentir de mani\u00e8re si d\u00e9sagr\u00e9able que l&#8217;abstinence du porteur est garantie. Comme ce collier de chastet\u00e9 est inoxydable, les douches et l&#8217;hygi\u00e8ne ne posent aucun probl\u00e8me pendant plusieurs jours. Il vaut mieux \u00e9viter le d\u00e9tecteur de m\u00e9taux \u00e0 l&#8217;a\u00e9roport.<\/P><br \/>\n<P>Le cage de chastet\u00e9 lui-m\u00eame est travaill\u00e9 de mani\u00e8re particuli\u00e8rement petite &#8211; seulement environ 14 cm de longueur totale (c\u00f4t\u00e9 sup\u00e9rieur, c\u00f4t\u00e9 inf\u00e9rieur seulement 9 cm) pour un diam\u00e8tre de tube de 35 mm &#8211; et peut donc \u00eatre port\u00e9 de mani\u00e8re relativement discr\u00e8te sous un pantalon pas trop serr\u00e9. Le capuchon au-dessus du gland est ferm\u00e9, mais peut \u00eatre d\u00e9viss\u00e9 pour faire pipi ou se laver. Trois cock-rings sont fournis pour diff\u00e9rents calibres. Ils ont un diam\u00e8tre int\u00e9rieur de 40 mm, 45 mm et 50 mm. Le poids de l&#8217;ensemble est d&#8217;environ 150 g. La cage est en acier inoxydable et les anneaux sont en alliage de zinc.<\/P><\/p>\n","protected":false},"excerpt":{"rendered":"<h4>Cage de Chastet\u00e9 avec 3 Cock-rings<\/h4>\n<p><P>Une nouveaut\u00e9 en acier inoxydable : une fois mise en place et scell\u00e9e avec le cadenas fourni, cette cage ne peut \u00eatre ouverte que par le propri\u00e9taire de la cl\u00e9. La branlette est impossible dans cette construction et le moindre soup\u00e7on d&#8217;\u00e9rection se fait imm\u00e9diatement sentir de mani\u00e8re si d\u00e9sagr\u00e9able que l&#8217;abstinence du porteur est garantie. Comme ce collier de chastet\u00e9 est inoxydable, les douches et l&#8217;hygi\u00e8ne ne posent aucun probl\u00e8me pendant plusieurs jours. Il vaut mieux \u00e9viter le d\u00e9tecteur de m\u00e9taux \u00e0 l&#8217;a\u00e9roport.<\/P><\/p>\n","protected":false},"featured_media":35520,"comment_status":"open","ping_status":"closed","template":"","meta":[],"product_brand":[],"product_cat":[710,674,736],"product_tag":[],"class_list":{"0":"post-35517","1":"product","2":"type-product","3":"status-publish","4":"has-post-thumbnail","6":"product_cat-chastete","7":"product_cat-cock-rings-fr","8":"product_cat-nouveau-hml","9":"product_shipping_class-colis-fr","11":"first","12":"instock","13":"taxable","14":"shipping-taxable","15":"purchasable","16":"product-type-simple"},"_links":{"self":[{"href":"https:\/\/www.hml-fetish.de\/shop\/fr\/wp-json\/wp\/v2\/product\/35517","targetHints":{"allow":["GET"]}}],"collection":[{"href":"https:\/\/www.hml-fetish.de\/shop\/fr\/wp-json\/wp\/v2\/product"}],"about":[{"href":"https:\/\/www.hml-fetish.de\/shop\/fr\/wp-json\/wp\/v2\/types\/product"}],"replies":[{"embeddable":true,"href":"https:\/\/www.hml-fetish.de\/shop\/fr\/wp-json\/wp\/v2\/comments?post=35517"}],"version-history":[{"count":0,"href":"https:\/\/www.hml-fetish.de\/shop\/fr\/wp-json\/wp\/v2\/product\/35517\/revisions"}],"wp:featuredmedia":[{"embeddable":true,"href":"https:\/\/www.hml-fetish.de\/shop\/fr\/wp-json\/wp\/v2\/media\/35520"}],"wp:attachment":[{"href":"https:\/\/www.hml-fetish.de\/shop\/fr\/wp-json\/wp\/v2\/media?parent=35517"}],"wp:term":[{"taxonomy":"product_brand","embeddable":true,"href":"https:\/\/www.hml-fetish.de\/shop\/fr\/wp-json\/wp\/v2\/product_brand?post=35517"},{"taxonomy":"product_cat","embeddable":true,"href":"https:\/\/www.hml-fetish.de\/shop\/fr\/wp-json\/wp\/v2\/product_cat?post=35517"},{"taxonomy":"product_tag","embeddable":true,"href":"https:\/\/www.hml-fetish.de\/shop\/fr\/wp-json\/wp\/v2\/product_tag?post=35517"}],"curies":[{"name":"wp","href":"https:\/\/api.w.org\/{rel}","templated":true}]}}