{"id":35512,"date":"2024-04-10T16:35:54","date_gmt":"2024-04-10T14:35:54","guid":{"rendered":"https:\/\/www.hml-fetish.de\/shop\/?post_type=product&#038;p=35512"},"modified":"2025-07-02T16:18:04","modified_gmt":"2025-07-02T14:18:04","slug":"harnais-de-chastete","status":"publish","type":"product","link":"https:\/\/www.hml-fetish.de\/shop\/fr\/harnais-de-chastete\/","title":{"rendered":"Harnais de chastet\u00e9"},"content":{"rendered":"<p><P>Une nouvelle construction d&#8217;anneaux en acier inoxydable soud\u00e9s : une fois mis en place et scell\u00e9 avec le cadenas fourni, le harnais de chastet\u00e9 ne peut \u00eatre ouvert que par le propri\u00e9taire de la cl\u00e9. La branlette est impossible dans cette construction et tout soup\u00e7on d&#8217;\u00e9rection se fait imm\u00e9diatement sentir de mani\u00e8re si d\u00e9sagr\u00e9able que l&#8217;abstinence du porteur est garantie. Comme ce collier de chastet\u00e9 est inoxydable, les douches et l&#8217;hygi\u00e8ne ne posent aucun probl\u00e8me pendant plusieurs jours. Il vaut mieux \u00e9viter le d\u00e9tecteur de m\u00e9taux dans les a\u00e9roports.<\/P><br \/>\n<P>Le harnais lui-m\u00eame est particuli\u00e8rement petit &#8211; seulement 9,6 cm de longueur totale avec un cockring de 50 mm. Les anneaux soud\u00e9s de la cage ne mesurent que 38 mm \u00e0 40 mm de diam\u00e8tre int\u00e9rieur et l&#8217;ensemble ne p\u00e8se que 200 grammes environ. Vous pouvez donc porter l&#8217;appareil de mani\u00e8re relativement discr\u00e8te sous un pantalon pas trop serr\u00e9.<\/P><\/p>\n","protected":false},"excerpt":{"rendered":"<h4>Harnais de chastet\u00e9<\/h4>\n<p><P>Le harnais lui-m\u00eame est particuli\u00e8rement petit &#8211; seulement 9,6 cm de longueur totale avec un cockring de 50 mm. Les anneaux soud\u00e9s de la cage ne mesurent que 38 mm \u00e0 40 mm de diam\u00e8tre int\u00e9rieur et l&#8217;ensemble ne p\u00e8se que 200 grammes environ. Vous pouvez donc porter l&#8217;appareil de mani\u00e8re relativement discr\u00e8te sous un pantalon pas trop serr\u00e9.<\/P><\/p>\n","protected":false},"featured_media":35495,"comment_status":"open","ping_status":"closed","template":"","meta":[],"product_brand":[],"product_cat":[674,710,752],"product_tag":[],"class_list":{"0":"post-35512","1":"product","2":"type-product","3":"status-publish","4":"has-post-thumbnail","6":"product_cat-cock-rings-fr","7":"product_cat-chastete","8":"product_cat-fin-de-serie","9":"product_shipping_class-colis-fr","11":"first","12":"instock","13":"taxable","14":"shipping-taxable","15":"purchasable","16":"product-type-variable"},"_links":{"self":[{"href":"https:\/\/www.hml-fetish.de\/shop\/fr\/wp-json\/wp\/v2\/product\/35512","targetHints":{"allow":["GET"]}}],"collection":[{"href":"https:\/\/www.hml-fetish.de\/shop\/fr\/wp-json\/wp\/v2\/product"}],"about":[{"href":"https:\/\/www.hml-fetish.de\/shop\/fr\/wp-json\/wp\/v2\/types\/product"}],"replies":[{"embeddable":true,"href":"https:\/\/www.hml-fetish.de\/shop\/fr\/wp-json\/wp\/v2\/comments?post=35512"}],"version-history":[{"count":0,"href":"https:\/\/www.hml-fetish.de\/shop\/fr\/wp-json\/wp\/v2\/product\/35512\/revisions"}],"wp:featuredmedia":[{"embeddable":true,"href":"https:\/\/www.hml-fetish.de\/shop\/fr\/wp-json\/wp\/v2\/media\/35495"}],"wp:attachment":[{"href":"https:\/\/www.hml-fetish.de\/shop\/fr\/wp-json\/wp\/v2\/media?parent=35512"}],"wp:term":[{"taxonomy":"product_brand","embeddable":true,"href":"https:\/\/www.hml-fetish.de\/shop\/fr\/wp-json\/wp\/v2\/product_brand?post=35512"},{"taxonomy":"product_cat","embeddable":true,"href":"https:\/\/www.hml-fetish.de\/shop\/fr\/wp-json\/wp\/v2\/product_cat?post=35512"},{"taxonomy":"product_tag","embeddable":true,"href":"https:\/\/www.hml-fetish.de\/shop\/fr\/wp-json\/wp\/v2\/product_tag?post=35512"}],"curies":[{"name":"wp","href":"https:\/\/api.w.org\/{rel}","templated":true}]}}