{"id":35490,"date":"2024-04-09T15:40:02","date_gmt":"2024-04-09T13:40:02","guid":{"rendered":"https:\/\/www.hml-fetish.de\/shop\/?post_type=product&#038;p=35490"},"modified":"2024-04-09T15:57:25","modified_gmt":"2024-04-09T13:57:25","slug":"pinces-etaux","status":"publish","type":"product","link":"https:\/\/www.hml-fetish.de\/shop\/fr\/pinces-etaux\/","title":{"rendered":"Pinces etaux avec cha\u00eene"},"content":{"rendered":"<p><P>Deux petits serre-joints reli\u00e9s par une cha\u00eene en acier. Tournez pour augmenter la pression \u2026 Ces pinces sont particuli\u00e8rement polyvalentes, car vous pouvez les r\u00e9gler aussi fort que vous le souhaitez, ce qui est id\u00e9al pour travailler la r\u00e9sistance. Une qualit\u00e9 simple, mais solide et abordable.<\/P><\/p>\n","protected":false},"excerpt":{"rendered":"<p><H4>Pinces etaux avec cha\u00eene<\/H4><br \/>\n<P>Deux petits serre-joints reli\u00e9s par une cha\u00eene en acier. Tournez pour augmenter la pression \u2026 Ces pinces sont particuli\u00e8rement polyvalentes, car vous pouvez les r\u00e9gler aussi fort que vous le souhaitez, ce qui est id\u00e9al pour travailler la r\u00e9sistance. Une qualit\u00e9 simple, mais solide et abordable.<\/P><\/p>\n","protected":false},"featured_media":35483,"comment_status":"open","ping_status":"closed","template":"","meta":[],"product_brand":[],"product_cat":[696],"product_tag":[],"class_list":{"0":"post-35490","1":"product","2":"type-product","3":"status-publish","4":"has-post-thumbnail","6":"product_cat-tetons","7":"product_shipping_class-lettre","9":"first","10":"instock","11":"taxable","12":"shipping-taxable","13":"purchasable","14":"product-type-simple"},"_links":{"self":[{"href":"https:\/\/www.hml-fetish.de\/shop\/fr\/wp-json\/wp\/v2\/product\/35490","targetHints":{"allow":["GET"]}}],"collection":[{"href":"https:\/\/www.hml-fetish.de\/shop\/fr\/wp-json\/wp\/v2\/product"}],"about":[{"href":"https:\/\/www.hml-fetish.de\/shop\/fr\/wp-json\/wp\/v2\/types\/product"}],"replies":[{"embeddable":true,"href":"https:\/\/www.hml-fetish.de\/shop\/fr\/wp-json\/wp\/v2\/comments?post=35490"}],"version-history":[{"count":0,"href":"https:\/\/www.hml-fetish.de\/shop\/fr\/wp-json\/wp\/v2\/product\/35490\/revisions"}],"wp:featuredmedia":[{"embeddable":true,"href":"https:\/\/www.hml-fetish.de\/shop\/fr\/wp-json\/wp\/v2\/media\/35483"}],"wp:attachment":[{"href":"https:\/\/www.hml-fetish.de\/shop\/fr\/wp-json\/wp\/v2\/media?parent=35490"}],"wp:term":[{"taxonomy":"product_brand","embeddable":true,"href":"https:\/\/www.hml-fetish.de\/shop\/fr\/wp-json\/wp\/v2\/product_brand?post=35490"},{"taxonomy":"product_cat","embeddable":true,"href":"https:\/\/www.hml-fetish.de\/shop\/fr\/wp-json\/wp\/v2\/product_cat?post=35490"},{"taxonomy":"product_tag","embeddable":true,"href":"https:\/\/www.hml-fetish.de\/shop\/fr\/wp-json\/wp\/v2\/product_tag?post=35490"}],"curies":[{"name":"wp","href":"https:\/\/api.w.org\/{rel}","templated":true}]}}