{"id":35198,"date":"2024-02-29T15:20:50","date_gmt":"2024-02-29T14:20:50","guid":{"rendered":"https:\/\/www.hml-fetish.de\/shop\/?post_type=product&#038;p=35198"},"modified":"2025-10-26T13:55:27","modified_gmt":"2025-10-26T12:55:27","slug":"perfecto-highway-premium-2fr","status":"publish","type":"product","link":"https:\/\/www.hml-fetish.de\/shop\/fr\/perfecto-highway-premium-2fr\/","title":{"rendered":"Perfecto Highway PREMIUM 2"},"content":{"rendered":"<p><b>Perfecto Highway Matelass\u00e9 PREMIUM (Nappa de Vachette)<\/b><\/p>\n<p><b>Notre nouveau mod\u00e8le phare pour les exigeants : La robustesse rencontre le design raffin\u00e9.<\/b><\/p>\n<p>Le <b>Perfecto Highway Matelass\u00e9 PREMIUM<\/b> est notre derni\u00e8re cr\u00e9ation pour tous ceux qui accordent de l&#8217;importance \u00e0 la plus haute qualit\u00e9 et \u00e0 une esth\u00e9tique marquante.<\/p>\n<p><b>Mat\u00e9riau &amp; Fabrication d&#8217;Exception :<\/b> Ce blouson est confectionn\u00e9 dans un <b>cuir Nappa de vachette ext\u00e9rieur stable et de tr\u00e8s haute qualit\u00e9<\/b> d&#8217;une \u00e9paisseur d&#8217;environ 1,3 mm. Le cuir se distingue par une surface douce, mais n\u00e9anmoins lisse.<\/p>\n<p><b>Point Fort du Design :<\/b> Le blouson impressionne par son <b>matelassage massif<\/b> sur les \u00e9paules, les coudes et dans le bas du dos, lui conf\u00e9rant un look robuste et inimitable dans le style des vestes de Langlitz.<\/p>\n<p><b>Parfait pour la Moto &amp; les Loisirs :<\/b> Avec sa coupe plut\u00f4t courte et l&#8217;absence de ceinture lombaire, ce Perfecto en cuir est id\u00e9al pour <b>rouler \u00e0 moto pendant la saison chaude<\/b>. Gr\u00e2ce \u00e0 son design simple et de haute qualit\u00e9, il \u00e9pouse le corps, vous habillant avec discr\u00e9tion et \u00e9l\u00e9gance \u2013 que ce soit lors d&#8217;une sortie au pub en soir\u00e9e ou \u00e0 une f\u00eate de rue, sans jamais para\u00eetre \u00ab too much \u00bb (trop habill\u00e9).<\/p>\n<p><b>\u00c9quipement &amp; D\u00e9tails :<\/b><\/p>\n<ul>\n<li><b>Doublure :<\/b> Doublure int\u00e9rieure matelass\u00e9e en soie artificielle pour un confort optimal.<\/li>\n<li><b>Fermetures :<\/b> Fermetures \u00e9clair argent\u00e9es \u00e0 l&#8217;avant et aux manches, ainsi que des boutons-pression assortis.<\/li>\n<li><b>Poches :<\/b> Quatre poches ext\u00e9rieures \u00e0 l&#8217;avant et une poche int\u00e9rieure pratique.<\/li>\n<li><b>Caract\u00e9ristiques Suppl\u00e9mentaires :<\/b> \u00c9paulettes et passants de ceinture tout autour, adapt\u00e9s \u00e0 la lourde ceinture Sam Browne.<\/li>\n<li><b>Disponibilit\u00e9 :<\/b> Disponible en diff\u00e9rentes tailles (XS \u00e0 XXXL).<\/li>\n<\/ul>\n<p><img decoding=\"async\" title=\"tableau des tailles\" src=\"\/GIF\/sizefr_unisex_up.gif\" alt=\"tableau des tailles\" width=\"114\" height=\"194\" border=\"0\" \/><\/p>\n<h4><b>S\u00e9curit\u00e9 du Produit &amp; Contact<\/b><\/h4>\n<p><b>Note d&#8217;Allergie :<\/b> Mat\u00e9riau : Cuir de vachette. Toutes les pi\u00e8ces m\u00e9talliques en contact avec la peau sont sans rouille et sans nickel.<\/p>\n<p><b>Personne Responsable :<\/b> HML, Propri\u00e9taire Dr. Detlef Moller Neukirchstra\u00dfe 18 28215 Bremen Allemagne info@hml-fetish.de<\/p>\n","protected":false},"excerpt":{"rendered":"<h4>Perfecto Highway PREMIUM<\/h4>\n<p>Cette veste est id\u00e9ale pour faire de la moto pendant la saison chaude. Simple, discret et pourtant de qualit\u00e9 : il reste pr\u00e8s du corps et vous habille m\u00eame pour aller au bar le soir ou \u00e0 une f\u00eate de rue, sans avoir l&#8217;air trop habill\u00e9!<\/p>\n","protected":false},"featured_media":35207,"comment_status":"open","ping_status":"closed","template":"","meta":[],"product_brand":[],"product_cat":[587,736],"product_tag":[],"class_list":{"0":"post-35198","1":"product","2":"type-product","3":"status-publish","4":"has-post-thumbnail","6":"product_cat-perfectos","7":"product_cat-nouveau-hml","8":"product_shipping_class-colis-fr","10":"first","11":"instock","12":"taxable","13":"shipping-taxable","14":"purchasable","15":"product-type-variable"},"_links":{"self":[{"href":"https:\/\/www.hml-fetish.de\/shop\/fr\/wp-json\/wp\/v2\/product\/35198","targetHints":{"allow":["GET"]}}],"collection":[{"href":"https:\/\/www.hml-fetish.de\/shop\/fr\/wp-json\/wp\/v2\/product"}],"about":[{"href":"https:\/\/www.hml-fetish.de\/shop\/fr\/wp-json\/wp\/v2\/types\/product"}],"replies":[{"embeddable":true,"href":"https:\/\/www.hml-fetish.de\/shop\/fr\/wp-json\/wp\/v2\/comments?post=35198"}],"version-history":[{"count":0,"href":"https:\/\/www.hml-fetish.de\/shop\/fr\/wp-json\/wp\/v2\/product\/35198\/revisions"}],"wp:featuredmedia":[{"embeddable":true,"href":"https:\/\/www.hml-fetish.de\/shop\/fr\/wp-json\/wp\/v2\/media\/35207"}],"wp:attachment":[{"href":"https:\/\/www.hml-fetish.de\/shop\/fr\/wp-json\/wp\/v2\/media?parent=35198"}],"wp:term":[{"taxonomy":"product_brand","embeddable":true,"href":"https:\/\/www.hml-fetish.de\/shop\/fr\/wp-json\/wp\/v2\/product_brand?post=35198"},{"taxonomy":"product_cat","embeddable":true,"href":"https:\/\/www.hml-fetish.de\/shop\/fr\/wp-json\/wp\/v2\/product_cat?post=35198"},{"taxonomy":"product_tag","embeddable":true,"href":"https:\/\/www.hml-fetish.de\/shop\/fr\/wp-json\/wp\/v2\/product_tag?post=35198"}],"curies":[{"name":"wp","href":"https:\/\/api.w.org\/{rel}","templated":true}]}}