{"id":35124,"date":"2024-01-26T14:01:11","date_gmt":"2024-01-26T13:01:11","guid":{"rendered":"https:\/\/www.hml-fetish.de\/shop\/?post_type=product&#038;p=35124"},"modified":"2024-01-26T15:15:25","modified_gmt":"2024-01-26T14:15:25","slug":"reducteur-de-respiration","status":"publish","type":"product","link":"https:\/\/www.hml-fetish.de\/shop\/fr\/reducteur-de-respiration\/","title":{"rendered":"R\u00e9ducteur de respiration"},"content":{"rendered":"<p><P>Ce R\u00e9ducteur de respiration pour masque \u00e0 gaz r\u00e9duit l&#8217;ouverture d&#8217;entr\u00e9e d&#8217;air de votre masque \u00e0 gaz. Il est simple mais tr\u00e8s efficace et augmente la r\u00e9sistance respiratoire et la tension du jeu respiratoire. Il est dot\u00e9 d&#8217;un filetage standard M40 pour masque \u00e0 gaz et est fabriqu\u00e9 en plastique ABS noir r\u00e9sistant. Augmentez l&#8217;excitation de votre jeu \u00e9rotique avec le masque \u00e0 gaz!<\/P><br \/>\n<P>Ce r\u00e9ducteur de souffle pour masque \u00e0 gaz r\u00e9duit l&#8217;ouverture de l&#8217;entr\u00e9e d&#8217;air de votre masque \u00e0 gaz \u00e0 seulement 6 mm, ce qui augmente la r\u00e9sistance respiratoire. La n\u00e9cessit\u00e9 de travailler plus dur et plus longtemps pour obtenir de l&#8217;air augmente \u00e9norm\u00e9ment la tension et l&#8217;excitation de votre exp\u00e9rience de jeu \u00e9rotique avec le masque \u00e0 gaz. De plus, il est maintenant beaucoup plus facile pour le haut de couper compl\u00e8tement l&#8217;arriv\u00e9e d&#8217;air &#8211; il suffit de mettre un doigt sur le trou!<\/P><P>Les masques \u00e0 gaz et les jeux respiratoires sont chauds et excitants \u00e0 jouer, et avec ce petit jouet, vous pouvez facilement les rendre encore plus chauds ! Mais comme pour tous Breath Control, le jeu de respiration en solo est un tueur connu dans le milieu du kink. <B>Ne jouez jamais seul et ne laissez jamais le sub sans surveillance, m\u00eame pour une minute !<\/B> Ce r\u00e9ducteur de souffle pour masque \u00e0 gaz est fabriqu\u00e9 en plastique ABS noir et poss\u00e8de un filetage standard M40 pour le tuyau du masque \u00e0 gaz.<\/P><\/p>\n","protected":false},"excerpt":{"rendered":"<h4>R\u00e9ducteur de respiration<\/h4>\n<p>Ce R\u00e9ducteur de respiration pour masque \u00e0 gaz r\u00e9duit l&#8217;ouverture d&#8217;entr\u00e9e d&#8217;air de votre masque \u00e0 gaz. Il est simple mais tr\u00e8s efficace et augmente la r\u00e9sistance respiratoire et la tension du jeu respiratoire. Il est dot\u00e9 d&#8217;un filetage standard M40 pour masque \u00e0 gaz et est fabriqu\u00e9 en plastique ABS noir r\u00e9sistant. Augmentez l&#8217;excitation de votre jeu \u00e9rotique avec le masque \u00e0 gaz!<\/p>\n","protected":false},"featured_media":35118,"comment_status":"open","ping_status":"closed","template":"","meta":[],"product_brand":[],"product_cat":[700],"product_tag":[4421],"class_list":{"0":"post-35124","1":"product","2":"type-product","3":"status-publish","4":"has-post-thumbnail","6":"product_cat-cagoules-etc","7":"product_tag-breath-control-fr","8":"product_shipping_class-colis-fr","10":"first","11":"instock","12":"taxable","13":"shipping-taxable","14":"purchasable","15":"product-type-simple"},"_links":{"self":[{"href":"https:\/\/www.hml-fetish.de\/shop\/fr\/wp-json\/wp\/v2\/product\/35124","targetHints":{"allow":["GET"]}}],"collection":[{"href":"https:\/\/www.hml-fetish.de\/shop\/fr\/wp-json\/wp\/v2\/product"}],"about":[{"href":"https:\/\/www.hml-fetish.de\/shop\/fr\/wp-json\/wp\/v2\/types\/product"}],"replies":[{"embeddable":true,"href":"https:\/\/www.hml-fetish.de\/shop\/fr\/wp-json\/wp\/v2\/comments?post=35124"}],"version-history":[{"count":0,"href":"https:\/\/www.hml-fetish.de\/shop\/fr\/wp-json\/wp\/v2\/product\/35124\/revisions"}],"wp:featuredmedia":[{"embeddable":true,"href":"https:\/\/www.hml-fetish.de\/shop\/fr\/wp-json\/wp\/v2\/media\/35118"}],"wp:attachment":[{"href":"https:\/\/www.hml-fetish.de\/shop\/fr\/wp-json\/wp\/v2\/media?parent=35124"}],"wp:term":[{"taxonomy":"product_brand","embeddable":true,"href":"https:\/\/www.hml-fetish.de\/shop\/fr\/wp-json\/wp\/v2\/product_brand?post=35124"},{"taxonomy":"product_cat","embeddable":true,"href":"https:\/\/www.hml-fetish.de\/shop\/fr\/wp-json\/wp\/v2\/product_cat?post=35124"},{"taxonomy":"product_tag","embeddable":true,"href":"https:\/\/www.hml-fetish.de\/shop\/fr\/wp-json\/wp\/v2\/product_tag?post=35124"}],"curies":[{"name":"wp","href":"https:\/\/api.w.org\/{rel}","templated":true}]}}