{"id":34130,"date":"2023-05-25T14:58:06","date_gmt":"2023-05-25T12:58:06","guid":{"rendered":"https:\/\/www.hml-fetish.de\/shop\/?post_type=product&#038;p=34130"},"modified":"2026-03-18T13:19:27","modified_gmt":"2026-03-18T12:19:27","slug":"das-universum-im-tautropfen","status":"publish","type":"product","link":"https:\/\/www.hml-fetish.de\/shop\/fr\/das-universum-im-tautropfen\/","title":{"rendered":"Mike Gorden: Das Universum im Tautropfen &#8211; Mo\u00edra-Zyklus Teil 1 (Print)"},"content":{"rendered":"<div>\n<h2>Der Mo\u00edra-Zyklus: Queer Sci-Fi<\/h2>\n<h2>Klappentext von Das Universum im Tautropfen:<\/h2>\n<div id=\"blurb\" class=\"break-word\">\n<p>Am Rand des Universums lauert eine Wahrheit, die unsere Welt f\u00fcr immer ver\u00e4ndern wird.<\/p>\n<p>Ein mysteri\u00f6ser Strahlungsausbruch am CERN, Anschl\u00e4ge in Paris und verschwundene Waffen \u2013 scheinbar zusammenhangslos, doch alles Teil einer dunklen Verschw\u00f6rung. Die Polizei tappt im Dunkeln. Die Antworten liegen tief verborgen in den Geheimnissen der Wissenschaft \u2013 und sie sind gef\u00e4hrlicher, als man je gedacht h\u00e4tte.<\/p>\n<p>Mike Peters, Journalist in Paris, st\u00f6\u00dft auf R\u00e4tsel um das das Verschwinden eines brillanten Professors \u2013 und ger\u00e4t dadurch ins Visier m\u00e4chtiger Feinde. Als sein bester Freund \u00fcberraschend ermordet wird, beginnt ein Wettlauf gegen die Zeit.<\/p>\n<p>Maurice Belloumi, ein Ermittler aus der Pariser Banlieue, wird zu seinem Schutz abgestellt. Zwei Welten prallen aufeinander: der rationale Kopf des Journalisten und der instinktive K\u00e4mpfer des Polizisten. Es macht Spa\u00df, den beiden so verschiedenen Pers\u00f6nlichkeiten zuzusehen, wie sie sich im Zuge der Ermittlungen zusammenraufen und gemeinsam eine Verschw\u00f6rung aufdecken, die alles in Frage stellt.<\/p>\n<p>Doch das ist nur der Anfang. Was Mike und Maurice herausfinden, sprengt jede Vorstellung: Ein fehlgeschlagenes Experiment am CERN hat ein Portal zu einem Paralleluniversum ge\u00f6ffnet \u2013 einer Welt aus Antimaterie. Diese Verbindung droht, unseren Planeten zu zerst\u00f6ren.<\/p>\n<p>W\u00e4hrend dunkle M\u00e4chte hinter den Kulissen agieren, steht mehr auf dem Spiel, als sie ahnen. Eine geheime Organisation namens Mo\u00edra wirft lange Schatten \u2013 und ihre wahren Absichten bleiben r\u00e4tselhaft.<\/p>\n<p>Spannung, Wissenschaft und Verschw\u00f6rung \u2013 dieser Thriller nimmt dich mit auf eine atemlose Reise durch Raum, Zeit und Dimensionen. Er wird Deinen Blick auf die Welt, wie Du sie kennst, ver\u00e4ndern!<\/p>\n<p>Bist du bereit, hinter den Vorhang des Universums zu blicken?<\/p>\n<\/div>\n<p>Zweite, \u00fcberarbeitete Auflage in neuer Rechtschreibung.<\/p>\n<p>Autor: Mike Gorden<\/p>\n<p><a href=\"https:\/\/www.hml-verlag.de\/\" target=\"_blank\" rel=\"noopener\">HML Verlag<\/a> 03.2026<\/p>\n<p>Format: Print<\/p>\n<p>Sprache: Deutsch<\/p>\n<p>624 Seiten<\/p>\n<p>ISBN 978-3-96851-025-5<\/p>\n<\/div>\n","protected":false},"excerpt":{"rendered":"<h4>Mike Gorden: Das Universum im Tautropfen<\/h4>\n<p>Der erste Band des Mo\u00edra-Zyklus. Es handelt sich um einen Thriller mit Elementen aus den Genres Wissenschaftliche Science-Fiction, Mystery und Gay Romance.<\/p>\n<h4>Klappentext:<\/h4>\n<p>Am Rand des Universums lauert eine Wahrheit, die unsere Welt f\u00fcr immer ver\u00e4ndern wird.<\/p>\n<p>Ein mysteri\u00f6ser Strahlungsausbruch am CERN, Anschl\u00e4ge in Paris und verschwundene Waffen \u2013 scheinbar zusammenhangslos, doch alles Teil einer dunklen Verschw\u00f6rung. Die Polizei tappt im Dunkeln. Die Antworten liegen tief verborgen in den Geheimnissen der Wissenschaft \u2013 und sie sind gef\u00e4hrlicher, als man je gedacht h\u00e4tte.<\/P><br \/>\n<P><B>Bestelle B\u00fccher versandkostenfrei mit dem Gutscheincode &#8220;versandkostenfrei-b\u00fccher&#8221;!<\/B><\/P><\/p>\n","protected":false},"featured_media":34131,"comment_status":"open","ping_status":"closed","template":"","meta":[],"product_brand":[],"product_cat":[109,124],"product_tag":[],"class_list":{"0":"post-34130","1":"product","2":"type-product","3":"status-publish","4":"has-post-thumbnail","6":"product_cat-autorenecke-mike-gorden","7":"product_cat-buecher-kalender","8":"product_shipping_class-paket","10":"first","11":"instock","12":"taxable","13":"shipping-taxable","14":"purchasable","15":"product-type-variable"},"_links":{"self":[{"href":"https:\/\/www.hml-fetish.de\/shop\/fr\/wp-json\/wp\/v2\/product\/34130","targetHints":{"allow":["GET"]}}],"collection":[{"href":"https:\/\/www.hml-fetish.de\/shop\/fr\/wp-json\/wp\/v2\/product"}],"about":[{"href":"https:\/\/www.hml-fetish.de\/shop\/fr\/wp-json\/wp\/v2\/types\/product"}],"replies":[{"embeddable":true,"href":"https:\/\/www.hml-fetish.de\/shop\/fr\/wp-json\/wp\/v2\/comments?post=34130"}],"version-history":[{"count":2,"href":"https:\/\/www.hml-fetish.de\/shop\/fr\/wp-json\/wp\/v2\/product\/34130\/revisions"}],"predecessor-version":[{"id":39588,"href":"https:\/\/www.hml-fetish.de\/shop\/fr\/wp-json\/wp\/v2\/product\/34130\/revisions\/39588"}],"wp:featuredmedia":[{"embeddable":true,"href":"https:\/\/www.hml-fetish.de\/shop\/fr\/wp-json\/wp\/v2\/media\/34131"}],"wp:attachment":[{"href":"https:\/\/www.hml-fetish.de\/shop\/fr\/wp-json\/wp\/v2\/media?parent=34130"}],"wp:term":[{"taxonomy":"product_brand","embeddable":true,"href":"https:\/\/www.hml-fetish.de\/shop\/fr\/wp-json\/wp\/v2\/product_brand?post=34130"},{"taxonomy":"product_cat","embeddable":true,"href":"https:\/\/www.hml-fetish.de\/shop\/fr\/wp-json\/wp\/v2\/product_cat?post=34130"},{"taxonomy":"product_tag","embeddable":true,"href":"https:\/\/www.hml-fetish.de\/shop\/fr\/wp-json\/wp\/v2\/product_tag?post=34130"}],"curies":[{"name":"wp","href":"https:\/\/api.w.org\/{rel}","templated":true}]}}