{"id":33844,"date":"2023-03-02T12:57:53","date_gmt":"2023-03-02T11:57:53","guid":{"rendered":"https:\/\/www.hml-fetish.de\/shop\/?post_type=product&#038;p=33844"},"modified":"2023-03-02T13:04:56","modified_gmt":"2023-03-02T12:04:56","slug":"catheter-en-silicone","status":"publish","type":"product","link":"https:\/\/www.hml-fetish.de\/shop\/fr\/catheter-en-silicone\/","title":{"rendered":"Cath\u00e9ter en silicone"},"content":{"rendered":"<p><P>10 pi\u00e8ces emball\u00e9es individuellement de mani\u00e8re st\u00e9rile. Latex avec rev\u00eatement en silicone, st\u00e9rilis\u00e9. Taille 18 CH\/Fr et 26 CH\/Fr. D&#8217;autres tailles (CH 12 &#8211; 26 ; 1 CH = 0,33 mm) sont \u00e9galement disponibles \u00e0 court terme sur demande.<\/P><\/p>\n","protected":false},"excerpt":{"rendered":"<h4>Cath\u00e9ter en silicone<\/h4>\n<p><P>10 pi\u00e8ces emball\u00e9es individuellement de mani\u00e8re st\u00e9rile. Latex avec rev\u00eatement en silicone, st\u00e9rilis\u00e9. Taille 18 CH\/Fr et 26 CH\/Fr. D&#8217;autres tailles (CH 12 &#8211; 26 ; 1 CH = 0,33 mm) sont \u00e9galement disponibles \u00e0 court terme sur demande.<\/P><\/p>\n","protected":false},"featured_media":33828,"comment_status":"open","ping_status":"closed","template":"","meta":[],"product_brand":[],"product_cat":[694,752],"product_tag":[],"class_list":{"0":"post-33844","1":"product","2":"type-product","3":"status-publish","4":"has-post-thumbnail","6":"product_cat-medical","7":"product_cat-fin-de-serie","9":"first","10":"instock","11":"taxable","12":"shipping-taxable","13":"purchasable","14":"product-type-variable"},"_links":{"self":[{"href":"https:\/\/www.hml-fetish.de\/shop\/fr\/wp-json\/wp\/v2\/product\/33844","targetHints":{"allow":["GET"]}}],"collection":[{"href":"https:\/\/www.hml-fetish.de\/shop\/fr\/wp-json\/wp\/v2\/product"}],"about":[{"href":"https:\/\/www.hml-fetish.de\/shop\/fr\/wp-json\/wp\/v2\/types\/product"}],"replies":[{"embeddable":true,"href":"https:\/\/www.hml-fetish.de\/shop\/fr\/wp-json\/wp\/v2\/comments?post=33844"}],"version-history":[{"count":0,"href":"https:\/\/www.hml-fetish.de\/shop\/fr\/wp-json\/wp\/v2\/product\/33844\/revisions"}],"wp:featuredmedia":[{"embeddable":true,"href":"https:\/\/www.hml-fetish.de\/shop\/fr\/wp-json\/wp\/v2\/media\/33828"}],"wp:attachment":[{"href":"https:\/\/www.hml-fetish.de\/shop\/fr\/wp-json\/wp\/v2\/media?parent=33844"}],"wp:term":[{"taxonomy":"product_brand","embeddable":true,"href":"https:\/\/www.hml-fetish.de\/shop\/fr\/wp-json\/wp\/v2\/product_brand?post=33844"},{"taxonomy":"product_cat","embeddable":true,"href":"https:\/\/www.hml-fetish.de\/shop\/fr\/wp-json\/wp\/v2\/product_cat?post=33844"},{"taxonomy":"product_tag","embeddable":true,"href":"https:\/\/www.hml-fetish.de\/shop\/fr\/wp-json\/wp\/v2\/product_tag?post=33844"}],"curies":[{"name":"wp","href":"https:\/\/api.w.org\/{rel}","templated":true}]}}