{"id":33767,"date":"2023-02-22T17:34:44","date_gmt":"2023-02-22T16:34:44","guid":{"rendered":"https:\/\/www.hml-fetish.de\/shop\/?post_type=product&#038;p=33767"},"modified":"2023-02-23T16:33:14","modified_gmt":"2023-02-23T15:33:14","slug":"nouveau-harnais-de-bouledogue","status":"publish","type":"product","link":"https:\/\/www.hml-fetish.de\/shop\/fr\/nouveau-harnais-de-bouledogue\/","title":{"rendered":"nouveau Harnais de bouledogue"},"content":{"rendered":"<p><P>Un harnais pour le haut de ton corps, si robuste qu&#8217;un bouledogue pourrait le porter sans avoir l&#8217;air de rien. C&#8217;est pourquoi nous avons baptis\u00e9 ce harnais de notre propre fabrication &#8220;Bulldog-Harness&#8221;. Il se compose de sangles en cuir de 4,0 cm de large, repli\u00e9es et surpiqu\u00e9es. Chacune d&#8217;entre elles est cousue et rivet\u00e9e \u00e0 la main et se ferme et se r\u00e8gle avec de grosses boucles \u00e0 rouleaux.<\/P><br \/>\n<P>Tu peux aussi utiliser l&#8217;anneau en D sur le devant de la poitrine avec un mousqueton et une cha\u00eene comme anneau de guidage &#8211; comme pour un vrai bouledogue. Porte-le \u00e0 la prochaine f\u00eate de rue et profite des regards lubriques des autres hommes\u2026<br \/>\n<BR><img decoding=\"async\" src=\"\/GIF\/sizefr_unisex_up.gif\" alt=\"tableau des tailles\" title=\"tableau des tailles\" border=\"0\" height=\"194\" width=\"114\"><\/P><\/p>\n","protected":false},"excerpt":{"rendered":"<h4>nouveau Harnais de bouledogue avec boucles<\/h4>\n<p><P>Un harnais pour le haut de ton corps, si robuste qu&#8217;un bouledogue pourrait le porter sans avoir l&#8217;air de rien. C&#8217;est pourquoi nous avons baptis\u00e9 ce harnais de notre propre fabrication &#8220;Bulldog-Harness&#8221;. Il se compose de sangles en cuir de 4,0 cm de large, repli\u00e9es et surpiqu\u00e9es. Chacune d&#8217;entre elles est cousue et rivet\u00e9e \u00e0 la main et se ferme et se r\u00e8gle avec de grosses boucles \u00e0 rouleaux.<\/P><\/p>\n","protected":false},"featured_media":33774,"comment_status":"open","ping_status":"closed","template":"","meta":[],"product_brand":[],"product_cat":[732,597,736,712],"product_tag":[4397,4400],"class_list":{"0":"post-33767","1":"product","2":"type-product","3":"status-publish","4":"has-post-thumbnail","6":"product_cat-best-seller","7":"product_cat-harnais","8":"product_cat-nouveau-hml","9":"product_cat-pet-play-fr","10":"product_tag-best-seller-cuir","11":"product_tag-hml-fetish-original-fr","12":"product_shipping_class-colis-fr","14":"first","15":"instock","16":"featured","17":"taxable","18":"shipping-taxable","19":"purchasable","20":"product-type-variable"},"_links":{"self":[{"href":"https:\/\/www.hml-fetish.de\/shop\/fr\/wp-json\/wp\/v2\/product\/33767","targetHints":{"allow":["GET"]}}],"collection":[{"href":"https:\/\/www.hml-fetish.de\/shop\/fr\/wp-json\/wp\/v2\/product"}],"about":[{"href":"https:\/\/www.hml-fetish.de\/shop\/fr\/wp-json\/wp\/v2\/types\/product"}],"replies":[{"embeddable":true,"href":"https:\/\/www.hml-fetish.de\/shop\/fr\/wp-json\/wp\/v2\/comments?post=33767"}],"version-history":[{"count":0,"href":"https:\/\/www.hml-fetish.de\/shop\/fr\/wp-json\/wp\/v2\/product\/33767\/revisions"}],"wp:featuredmedia":[{"embeddable":true,"href":"https:\/\/www.hml-fetish.de\/shop\/fr\/wp-json\/wp\/v2\/media\/33774"}],"wp:attachment":[{"href":"https:\/\/www.hml-fetish.de\/shop\/fr\/wp-json\/wp\/v2\/media?parent=33767"}],"wp:term":[{"taxonomy":"product_brand","embeddable":true,"href":"https:\/\/www.hml-fetish.de\/shop\/fr\/wp-json\/wp\/v2\/product_brand?post=33767"},{"taxonomy":"product_cat","embeddable":true,"href":"https:\/\/www.hml-fetish.de\/shop\/fr\/wp-json\/wp\/v2\/product_cat?post=33767"},{"taxonomy":"product_tag","embeddable":true,"href":"https:\/\/www.hml-fetish.de\/shop\/fr\/wp-json\/wp\/v2\/product_tag?post=33767"}],"curies":[{"name":"wp","href":"https:\/\/api.w.org\/{rel}","templated":true}]}}