{"id":33725,"date":"2023-02-16T14:30:03","date_gmt":"2023-02-16T13:30:03","guid":{"rendered":"https:\/\/www.hml-fetish.de\/shop\/?post_type=product&#038;p=33725"},"modified":"2023-02-16T15:33:44","modified_gmt":"2023-02-16T14:33:44","slug":"boxer-en-caoutchouc-avec-renflement","status":"publish","type":"product","link":"https:\/\/www.hml-fetish.de\/shop\/fr\/boxer-en-caoutchouc-avec-renflement\/","title":{"rendered":"Boxer en caoutchouc avec renflement 0,4 mm (Fetisso)"},"content":{"rendered":"<p><P>Ce cale\u00e7on chaud est en caoutchouc moul\u00e9 de 0,4 mm d&#8217;\u00e9paisseur. C&#8217;est fin et fid\u00e8le au toucher, mais toujours un peu plus r\u00e9sistant que les sous-v\u00eatements en latex habituels. Le renflement frontal est superbe lorsqu&#8217;il est port\u00e9 sous des chaps. Certains gars pourraient \u00eatre tent\u00e9s de l&#8217;attraper ! Disponible dans les tailles S \u00e0 XL (correspondant aux tailles de culottes 4 \u00e0 7). Vous ne voudrez pas d\u00e9shabiller ce shorty en caoutchouc tr\u00e8s chaud si vite.<br \/>\n<BR><img decoding=\"async\" src=\"\/GIF\/sizefr_unisex_sp.gif\" alt=\"tableau des tailles\" title=\"tableau des tailles\" border=\"0\" height=\"194\" width=\"114\"><BR>(traduit avec DeepL)<\/P><\/p>\n","protected":false},"excerpt":{"rendered":"<h4>Boxer en caoutchouc avec renflement 0,4 mm (Fetisso)<\/h4>\n<p><P>Ce cale\u00e7on chaud est en caoutchouc moul\u00e9 de 0,4 mm d&#8217;\u00e9paisseur. C&#8217;est fin et fid\u00e8le au toucher, mais toujours un peu plus r\u00e9sistant que les sous-v\u00eatements en latex habituels. Le renflement frontal est superbe lorsqu&#8217;il est port\u00e9 sous des chaps.<\/P><\/p>\n","protected":false},"featured_media":33697,"comment_status":"open","ping_status":"closed","template":"","meta":[],"product_brand":[],"product_cat":[622],"product_tag":[4378],"class_list":{"0":"post-33725","1":"product","2":"type-product","3":"status-publish","4":"has-post-thumbnail","6":"product_cat-dessous-en-latex","7":"product_tag-fetisso-fr","8":"product_shipping_class-lettre","10":"first","11":"instock","12":"taxable","13":"shipping-taxable","14":"purchasable","15":"product-type-variable"},"_links":{"self":[{"href":"https:\/\/www.hml-fetish.de\/shop\/fr\/wp-json\/wp\/v2\/product\/33725","targetHints":{"allow":["GET"]}}],"collection":[{"href":"https:\/\/www.hml-fetish.de\/shop\/fr\/wp-json\/wp\/v2\/product"}],"about":[{"href":"https:\/\/www.hml-fetish.de\/shop\/fr\/wp-json\/wp\/v2\/types\/product"}],"replies":[{"embeddable":true,"href":"https:\/\/www.hml-fetish.de\/shop\/fr\/wp-json\/wp\/v2\/comments?post=33725"}],"version-history":[{"count":0,"href":"https:\/\/www.hml-fetish.de\/shop\/fr\/wp-json\/wp\/v2\/product\/33725\/revisions"}],"wp:featuredmedia":[{"embeddable":true,"href":"https:\/\/www.hml-fetish.de\/shop\/fr\/wp-json\/wp\/v2\/media\/33697"}],"wp:attachment":[{"href":"https:\/\/www.hml-fetish.de\/shop\/fr\/wp-json\/wp\/v2\/media?parent=33725"}],"wp:term":[{"taxonomy":"product_brand","embeddable":true,"href":"https:\/\/www.hml-fetish.de\/shop\/fr\/wp-json\/wp\/v2\/product_brand?post=33725"},{"taxonomy":"product_cat","embeddable":true,"href":"https:\/\/www.hml-fetish.de\/shop\/fr\/wp-json\/wp\/v2\/product_cat?post=33725"},{"taxonomy":"product_tag","embeddable":true,"href":"https:\/\/www.hml-fetish.de\/shop\/fr\/wp-json\/wp\/v2\/product_tag?post=33725"}],"curies":[{"name":"wp","href":"https:\/\/api.w.org\/{rel}","templated":true}]}}