{"id":33642,"date":"2023-02-11T14:08:36","date_gmt":"2023-02-11T13:08:36","guid":{"rendered":"https:\/\/www.hml-fetish.de\/shop\/?post_type=product&#038;p=33642"},"modified":"2023-02-11T14:40:00","modified_gmt":"2023-02-11T13:40:00","slug":"kit-de-menottes-en-cuir","status":"publish","type":"product","link":"https:\/\/www.hml-fetish.de\/shop\/fr\/kit-de-menottes-en-cuir\/","title":{"rendered":"Kit de menottes en cuir"},"content":{"rendered":"<p><P>Le Kit de menottes en cuir est en finition solide, durable et bon march\u00e9. Menottes en cuir pour les mains et les pieds, ici dans le kit id\u00e9al pour les d\u00e9butants, cousues \u00e0 la main dans notre propre atelier. Chaque bracelet est compos\u00e9 de deux sangles rivet\u00e9es ensemble avec des boucles m\u00e9talliques int\u00e9gr\u00e9es. En nappa de vachette doublement cousu. De ce fait, <B>aussi souple que solide<\/b>. R\u00e9glable en taille par des boucles. Deux mousquetons de connexion sont inclus.<\/P><br \/>\n<P>Il existe deux versions de ce set de menottes aussi pointues qu&#8217;\u00e9conomiques : en largeur de 5 cm pour seulement 99,90 euros et la version plus lourde avec des sangles de 6 cm de large et des rivets \u00e0 double rang\u00e9e pour 139,90 euros.<\/P><br \/>\n<P>Traduit avec DeepL.<\/P><\/p>\n","protected":false},"excerpt":{"rendered":"<h4>Kit de menottes en cuir<\/h4>\n<p><P>Finition solide, durable et bon march\u00e9. Menottes en cuir pour les mains et les pieds, ici dans le kit id\u00e9al pour les d\u00e9butants, cousues \u00e0 la main dans notre propre atelier. Chaque bracelet est compos\u00e9 de deux sangles rivet\u00e9es ensemble avec des boucles m\u00e9talliques int\u00e9gr\u00e9es. En nappa de vachette doublement cousu. De ce fait, <B>aussi souple que solide<\/b>. R\u00e9glable en taille par des boucles. Deux mousquetons de connexion sont inclus.<\/P><\/p>\n","protected":false},"featured_media":22200,"comment_status":"open","ping_status":"closed","template":"","meta":[],"product_brand":[],"product_cat":[599,732,690,734],"product_tag":[4400],"class_list":{"0":"post-33642","1":"product","2":"type-product","3":"status-publish","4":"has-post-thumbnail","6":"product_cat-attaches-en-cuir","7":"product_cat-best-seller","8":"product_cat-bondage-fr","9":"product_cat-promotion","10":"product_tag-hml-fetish-original-fr","12":"first","13":"instock","14":"taxable","15":"shipping-taxable","16":"purchasable","17":"product-type-variable"},"_links":{"self":[{"href":"https:\/\/www.hml-fetish.de\/shop\/fr\/wp-json\/wp\/v2\/product\/33642","targetHints":{"allow":["GET"]}}],"collection":[{"href":"https:\/\/www.hml-fetish.de\/shop\/fr\/wp-json\/wp\/v2\/product"}],"about":[{"href":"https:\/\/www.hml-fetish.de\/shop\/fr\/wp-json\/wp\/v2\/types\/product"}],"replies":[{"embeddable":true,"href":"https:\/\/www.hml-fetish.de\/shop\/fr\/wp-json\/wp\/v2\/comments?post=33642"}],"version-history":[{"count":0,"href":"https:\/\/www.hml-fetish.de\/shop\/fr\/wp-json\/wp\/v2\/product\/33642\/revisions"}],"wp:featuredmedia":[{"embeddable":true,"href":"https:\/\/www.hml-fetish.de\/shop\/fr\/wp-json\/wp\/v2\/media\/22200"}],"wp:attachment":[{"href":"https:\/\/www.hml-fetish.de\/shop\/fr\/wp-json\/wp\/v2\/media?parent=33642"}],"wp:term":[{"taxonomy":"product_brand","embeddable":true,"href":"https:\/\/www.hml-fetish.de\/shop\/fr\/wp-json\/wp\/v2\/product_brand?post=33642"},{"taxonomy":"product_cat","embeddable":true,"href":"https:\/\/www.hml-fetish.de\/shop\/fr\/wp-json\/wp\/v2\/product_cat?post=33642"},{"taxonomy":"product_tag","embeddable":true,"href":"https:\/\/www.hml-fetish.de\/shop\/fr\/wp-json\/wp\/v2\/product_tag?post=33642"}],"curies":[{"name":"wp","href":"https:\/\/api.w.org\/{rel}","templated":true}]}}