{"id":33595,"date":"2023-02-07T15:33:45","date_gmt":"2023-02-07T14:33:45","guid":{"rendered":"https:\/\/www.hml-fetish.de\/shop\/?post_type=product&#038;p=33595"},"modified":"2023-02-07T15:47:11","modified_gmt":"2023-02-07T14:47:11","slug":"manchette-de-testicule-lourde","status":"publish","type":"product","link":"https:\/\/www.hml-fetish.de\/shop\/fr\/manchette-de-testicule-lourde\/","title":{"rendered":"Manchette de testicule lourde"},"content":{"rendered":"<p><P>Sangles en cuir souple, remplies \u00e0 ras bord de billes m\u00e9talliques et ferm\u00e9es par des boutons-pression. Environ 35 mm de diam\u00e8tre int\u00e9rieur. En deux versions : Environ 40 mm de haut et environ 140 g, et environ 65 mm de haut et environ 190 g.<BR>Traduction avec DeepL.<\/P><\/p>\n","protected":false},"excerpt":{"rendered":"<p><H4>Manchette de testicule lourde<\/H4><br \/>\n<P>Sangles en cuir souple, remplies \u00e0 ras bord de billes m\u00e9talliques et ferm\u00e9es par des boutons-pression. Environ 35 mm de diam\u00e8tre int\u00e9rieur. En deux versions : Environ 40 mm de haut et environ 140 g, et environ 65 mm de haut et environ 190 g.<\/P><\/p>\n","protected":false},"featured_media":33575,"comment_status":"open","ping_status":"closed","template":"","meta":[],"product_brand":[],"product_cat":[676,697,752],"product_tag":[],"class_list":{"0":"post-33595","1":"product","2":"type-product","3":"status-publish","4":"has-post-thumbnail","6":"product_cat-cock-straps-fr","7":"product_cat-cbt-fr","8":"product_cat-fin-de-serie","9":"product_shipping_class-lettre","11":"first","12":"instock","13":"taxable","14":"shipping-taxable","15":"purchasable","16":"product-type-variable"},"_links":{"self":[{"href":"https:\/\/www.hml-fetish.de\/shop\/fr\/wp-json\/wp\/v2\/product\/33595","targetHints":{"allow":["GET"]}}],"collection":[{"href":"https:\/\/www.hml-fetish.de\/shop\/fr\/wp-json\/wp\/v2\/product"}],"about":[{"href":"https:\/\/www.hml-fetish.de\/shop\/fr\/wp-json\/wp\/v2\/types\/product"}],"replies":[{"embeddable":true,"href":"https:\/\/www.hml-fetish.de\/shop\/fr\/wp-json\/wp\/v2\/comments?post=33595"}],"version-history":[{"count":0,"href":"https:\/\/www.hml-fetish.de\/shop\/fr\/wp-json\/wp\/v2\/product\/33595\/revisions"}],"wp:featuredmedia":[{"embeddable":true,"href":"https:\/\/www.hml-fetish.de\/shop\/fr\/wp-json\/wp\/v2\/media\/33575"}],"wp:attachment":[{"href":"https:\/\/www.hml-fetish.de\/shop\/fr\/wp-json\/wp\/v2\/media?parent=33595"}],"wp:term":[{"taxonomy":"product_brand","embeddable":true,"href":"https:\/\/www.hml-fetish.de\/shop\/fr\/wp-json\/wp\/v2\/product_brand?post=33595"},{"taxonomy":"product_cat","embeddable":true,"href":"https:\/\/www.hml-fetish.de\/shop\/fr\/wp-json\/wp\/v2\/product_cat?post=33595"},{"taxonomy":"product_tag","embeddable":true,"href":"https:\/\/www.hml-fetish.de\/shop\/fr\/wp-json\/wp\/v2\/product_tag?post=33595"}],"curies":[{"name":"wp","href":"https:\/\/api.w.org\/{rel}","templated":true}]}}