{"id":33526,"date":"2023-01-31T15:51:57","date_gmt":"2023-01-31T14:51:57","guid":{"rendered":"https:\/\/www.hml-fetish.de\/shop\/inhalateur-pour-bouteilles-de-poppers\/"},"modified":"2023-02-15T09:27:06","modified_gmt":"2023-02-15T08:27:06","slug":"inhalateur-pour-bouteilles-de-poppers","status":"publish","type":"product","link":"https:\/\/www.hml-fetish.de\/shop\/fr\/inhalateur-pour-bouteilles-de-poppers\/","title":{"rendered":"Embout inhalateur pour bouteilles de poppers"},"content":{"rendered":"<p><P>L&#8217;embout de bouteille \u00e0 visser de XTRM-SNFFR pour une utilisation rapide du poppers : il suffit de le visser sur la bouteille et tu peux te tirer une bouff\u00e9e de poppers sans que tes muqueuses d\u00e9licates n&#8217;entrent en contact avec le liquide agressif. Apr\u00e8s le jeu, tu revisseras le bouchon original du fabricant pour stocker la bouteille en toute s\u00e9curit\u00e9.<\/P><br \/>\n<P>Il existe un embout simple et un embout double pour une ou deux narines, ainsi qu&#8217;un bouchon \u00e0 vis pour les petites bouteilles (10 ml) et un autre pour les grandes (24-30 ml).<\/P><\/p>\n","protected":false},"excerpt":{"rendered":"<p><H4>Embout inhalateur pour bouteilles de poppers<\/H4><br \/>\n<P>L&#8217;embout de bouteille \u00e0 visser de XTRM-SNFFR pour une utilisation rapide du poppers : il suffit de le visser sur la bouteille et tu peux te tirer une bouff\u00e9e de poppers sans que tes muqueuses d\u00e9licates n&#8217;entrent en contact avec le liquide agressif. Apr\u00e8s le jeu, tu revisseras le bouchon original du fabricant pour stocker la bouteille en toute s\u00e9curit\u00e9.<\/P><br \/>\n<P>Traduction par DeepL<\/P><\/p>\n","protected":false},"featured_media":33505,"comment_status":"open","ping_status":"closed","template":"","meta":[],"product_brand":[],"product_cat":[608,728,714,752,734],"product_tag":[4421,4451],"class_list":{"0":"post-33526","1":"product","2":"type-product","3":"status-publish","4":"has-post-thumbnail","6":"product_cat-soins-du-cuir","7":"product_cat-adultes","8":"product_cat-dungeon-fr","9":"product_cat-fin-de-serie","10":"product_cat-promotion","11":"product_tag-breath-control-fr","12":"product_tag-poppers-fr","13":"product_shipping_class-lettre","15":"first","16":"instock","17":"sale","18":"taxable","19":"shipping-taxable","20":"purchasable","21":"product-type-variable"},"_links":{"self":[{"href":"https:\/\/www.hml-fetish.de\/shop\/fr\/wp-json\/wp\/v2\/product\/33526","targetHints":{"allow":["GET"]}}],"collection":[{"href":"https:\/\/www.hml-fetish.de\/shop\/fr\/wp-json\/wp\/v2\/product"}],"about":[{"href":"https:\/\/www.hml-fetish.de\/shop\/fr\/wp-json\/wp\/v2\/types\/product"}],"replies":[{"embeddable":true,"href":"https:\/\/www.hml-fetish.de\/shop\/fr\/wp-json\/wp\/v2\/comments?post=33526"}],"version-history":[{"count":0,"href":"https:\/\/www.hml-fetish.de\/shop\/fr\/wp-json\/wp\/v2\/product\/33526\/revisions"}],"wp:featuredmedia":[{"embeddable":true,"href":"https:\/\/www.hml-fetish.de\/shop\/fr\/wp-json\/wp\/v2\/media\/33505"}],"wp:attachment":[{"href":"https:\/\/www.hml-fetish.de\/shop\/fr\/wp-json\/wp\/v2\/media?parent=33526"}],"wp:term":[{"taxonomy":"product_brand","embeddable":true,"href":"https:\/\/www.hml-fetish.de\/shop\/fr\/wp-json\/wp\/v2\/product_brand?post=33526"},{"taxonomy":"product_cat","embeddable":true,"href":"https:\/\/www.hml-fetish.de\/shop\/fr\/wp-json\/wp\/v2\/product_cat?post=33526"},{"taxonomy":"product_tag","embeddable":true,"href":"https:\/\/www.hml-fetish.de\/shop\/fr\/wp-json\/wp\/v2\/product_tag?post=33526"}],"curies":[{"name":"wp","href":"https:\/\/api.w.org\/{rel}","templated":true}]}}