{"id":33493,"date":"2023-01-30T15:58:30","date_gmt":"2023-01-30T14:58:30","guid":{"rendered":"https:\/\/www.hml-fetish.de\/shop\/masque-a-gaz-de-larmee\/"},"modified":"2025-12-03T17:39:41","modified_gmt":"2025-12-03T16:39:41","slug":"masque-a-gaz-de-larmee","status":"publish","type":"product","link":"https:\/\/www.hml-fetish.de\/shop\/fr\/masque-a-gaz-de-larmee\/","title":{"rendered":"Masque \u00e0 gaz de l&#8217;arm\u00e9e"},"content":{"rendered":"<p>Un masque \u00e0 gaz similaire au S10\/FM12 britannique avec une entr\u00e9e d&#8217;air lat\u00e9rale. Ce masque de protection ABC est fabriqu\u00e9 en caoutchouc noir. Il est r\u00e9glable \u00e0 l&#8217;arri\u00e8re de la t\u00eate gr\u00e2ce \u00e0 des sangles \u00e9lastiques. Tu peux commander le tuyau \u00e0 plis et le filtre en plus. Le masque est neuf et n&#8217;a pas \u00e9t\u00e9 utilis\u00e9. Bien entendu, nous vendons ce masque uniquement comme objet de d\u00e9coration. Il ne convient pas pour la protection civile ! Taille universelle.<\/p>\n","protected":false},"excerpt":{"rendered":"<h4>Masque \u00e0 gaz de l&#8217;arm\u00e9e<\/h4>\n<p>Un masque \u00e0 gaz similaire au S10\/FM12 britannique avec une entr\u00e9e d&#8217;air lat\u00e9rale. Ce masque-de-protection ABC est fabriqu\u00e9 en caoutchouc noir. Il est r\u00e9glable \u00e0 l&#8217;arri\u00e8re de la t\u00eate gr\u00e2ce \u00e0 des sangles \u00e9lastiques.<\/p>\n","protected":false},"featured_media":39022,"comment_status":"open","ping_status":"closed","template":"","meta":[],"product_brand":[],"product_cat":[700],"product_tag":[4421],"class_list":{"0":"post-33493","1":"product","2":"type-product","3":"status-publish","4":"has-post-thumbnail","6":"product_cat-cagoules-etc","7":"product_tag-breath-control-fr","8":"product_shipping_class-colis-fr","10":"first","11":"instock","12":"taxable","13":"shipping-taxable","14":"purchasable","15":"product-type-simple"},"_links":{"self":[{"href":"https:\/\/www.hml-fetish.de\/shop\/fr\/wp-json\/wp\/v2\/product\/33493","targetHints":{"allow":["GET"]}}],"collection":[{"href":"https:\/\/www.hml-fetish.de\/shop\/fr\/wp-json\/wp\/v2\/product"}],"about":[{"href":"https:\/\/www.hml-fetish.de\/shop\/fr\/wp-json\/wp\/v2\/types\/product"}],"replies":[{"embeddable":true,"href":"https:\/\/www.hml-fetish.de\/shop\/fr\/wp-json\/wp\/v2\/comments?post=33493"}],"version-history":[{"count":0,"href":"https:\/\/www.hml-fetish.de\/shop\/fr\/wp-json\/wp\/v2\/product\/33493\/revisions"}],"wp:featuredmedia":[{"embeddable":true,"href":"https:\/\/www.hml-fetish.de\/shop\/fr\/wp-json\/wp\/v2\/media\/39022"}],"wp:attachment":[{"href":"https:\/\/www.hml-fetish.de\/shop\/fr\/wp-json\/wp\/v2\/media?parent=33493"}],"wp:term":[{"taxonomy":"product_brand","embeddable":true,"href":"https:\/\/www.hml-fetish.de\/shop\/fr\/wp-json\/wp\/v2\/product_brand?post=33493"},{"taxonomy":"product_cat","embeddable":true,"href":"https:\/\/www.hml-fetish.de\/shop\/fr\/wp-json\/wp\/v2\/product_cat?post=33493"},{"taxonomy":"product_tag","embeddable":true,"href":"https:\/\/www.hml-fetish.de\/shop\/fr\/wp-json\/wp\/v2\/product_tag?post=33493"}],"curies":[{"name":"wp","href":"https:\/\/api.w.org\/{rel}","templated":true}]}}