{"id":33336,"date":"2023-01-05T16:33:28","date_gmt":"2023-01-05T15:33:28","guid":{"rendered":"https:\/\/www.hml-fetish.de\/shop\/?post_type=product&#038;p=33336"},"modified":"2023-01-05T16:46:43","modified_gmt":"2023-01-05T15:46:43","slug":"cockring-de-13-mm-de-large-avec-rainure","status":"publish","type":"product","link":"https:\/\/www.hml-fetish.de\/shop\/fr\/cockring-de-13-mm-de-large-avec-rainure\/","title":{"rendered":"Cockring de 13 mm de large avec rainure"},"content":{"rendered":"<p><P>Ce Cockring en acier noble tourn\u00e9 et brillament poli p\u00e8se entre 100 et 120 g et a une largeur de 13 mm pour une \u00e9paisseur de 5 mm. Un mod\u00e8le pour vrais mecs. Une rainure d\u00e9corative est frais\u00e9e dans la face ext\u00e9rieure.<br \/>\n<BR><img decoding=\"async\" src=\"\/GIF\/sizefr_ID.gif\" alt=\"taille = diam\u00e8tre int\u00e9rieur\" title=\"taille = diam\u00e8tre int\u00e9rieur\" border=\"0\" height=\"67\" width=\"183\"><\/P><\/p>\n","protected":false},"excerpt":{"rendered":"<h4>Cockring de 13 mm de large avec rainure<\/h4>\n<p><P>Ce Cockring en acier noble tourn\u00e9 et brillament poli p\u00e8se entre 100 et 120 g et a une largeur de 13 mm pour une \u00e9paisseur de 5 mm. Un mod\u00e8le pour vrais mecs. Une rainure d\u00e9corative est frais\u00e9e dans la face ext\u00e9rieure.<\/P><\/p>\n","protected":false},"featured_media":33312,"comment_status":"open","ping_status":"closed","template":"","meta":[],"product_brand":[],"product_cat":[674,752],"product_tag":[],"class_list":{"0":"post-33336","1":"product","2":"type-product","3":"status-publish","4":"has-post-thumbnail","6":"product_cat-cock-rings-fr","7":"product_cat-fin-de-serie","8":"product_shipping_class-lettre","10":"first","11":"instock","12":"sale","13":"taxable","14":"shipping-taxable","15":"purchasable","16":"product-type-variable"},"_links":{"self":[{"href":"https:\/\/www.hml-fetish.de\/shop\/fr\/wp-json\/wp\/v2\/product\/33336","targetHints":{"allow":["GET"]}}],"collection":[{"href":"https:\/\/www.hml-fetish.de\/shop\/fr\/wp-json\/wp\/v2\/product"}],"about":[{"href":"https:\/\/www.hml-fetish.de\/shop\/fr\/wp-json\/wp\/v2\/types\/product"}],"replies":[{"embeddable":true,"href":"https:\/\/www.hml-fetish.de\/shop\/fr\/wp-json\/wp\/v2\/comments?post=33336"}],"version-history":[{"count":0,"href":"https:\/\/www.hml-fetish.de\/shop\/fr\/wp-json\/wp\/v2\/product\/33336\/revisions"}],"wp:featuredmedia":[{"embeddable":true,"href":"https:\/\/www.hml-fetish.de\/shop\/fr\/wp-json\/wp\/v2\/media\/33312"}],"wp:attachment":[{"href":"https:\/\/www.hml-fetish.de\/shop\/fr\/wp-json\/wp\/v2\/media?parent=33336"}],"wp:term":[{"taxonomy":"product_brand","embeddable":true,"href":"https:\/\/www.hml-fetish.de\/shop\/fr\/wp-json\/wp\/v2\/product_brand?post=33336"},{"taxonomy":"product_cat","embeddable":true,"href":"https:\/\/www.hml-fetish.de\/shop\/fr\/wp-json\/wp\/v2\/product_cat?post=33336"},{"taxonomy":"product_tag","embeddable":true,"href":"https:\/\/www.hml-fetish.de\/shop\/fr\/wp-json\/wp\/v2\/product_tag?post=33336"}],"curies":[{"name":"wp","href":"https:\/\/api.w.org\/{rel}","templated":true}]}}