{"id":31342,"date":"2022-08-27T14:20:22","date_gmt":"2022-08-27T12:20:22","guid":{"rendered":"https:\/\/www.hml-fetish.de\/shop\/?post_type=product&#038;p=31342"},"modified":"2022-08-27T15:27:05","modified_gmt":"2022-08-27T13:27:05","slug":"insufflateur-de-reanimation","status":"publish","type":"product","link":"https:\/\/www.hml-fetish.de\/shop\/fr\/insufflateur-de-reanimation\/","title":{"rendered":"Insufflateur de r\u00e9animation"},"content":{"rendered":"<p><P>Un outil passionnant pour des jeux pointus : avec ce sac respiratoire de 3 litres avec sortie et robinet d&#8217;arr\u00eat, vous pouvez vous ventiler avec votre propre air us\u00e9. C&#8217;est utile si vous voulez augmenter le temps pendant lequel vous pouvez retenir l&#8217;air. C&#8217;est \u00e9galement excitant lorsque vous \u00eates attach\u00e9 et que votre partenaire vous donne l&#8217;air.<\/P><br \/>\n<P>Il est pr\u00e9f\u00e9rable pour vous de ne pas jouer seul \u00e0 ces jeux. M\u00eame si vous \u00eates deux, ne laissez surtout pas votre partenaire seul. M\u00eame pas pour une minute!<\/P><\/p>\n","protected":false},"excerpt":{"rendered":"<p><H4>Insufflateur de r\u00e9animation<\/H4><br \/>\n<P>Un outil passionnant pour des jeux pointus : avec ce sac respiratoire de 3 litres avec sortie et robinet d&#8217;arr\u00eat, vous pouvez vous ventiler avec votre propre air us\u00e9. C&#8217;est utile si vous voulez augmenter le temps pendant lequel vous pouvez retenir l&#8217;air. C&#8217;est \u00e9galement excitant lorsque vous \u00eates attach\u00e9 et que votre partenaire vous donne l&#8217;air.<\/P><\/p>\n","protected":false},"featured_media":31345,"comment_status":"open","ping_status":"closed","template":"","meta":[],"product_brand":[],"product_cat":[700,624,714,736],"product_tag":[4421],"class_list":{"0":"post-31342","1":"product","2":"type-product","3":"status-publish","4":"has-post-thumbnail","6":"product_cat-cagoules-etc","7":"product_cat-accessoires-en-latex","8":"product_cat-dungeon-fr","9":"product_cat-nouveau-hml","10":"product_tag-breath-control-fr","11":"product_shipping_class-colis-fr","13":"first","14":"instock","15":"taxable","16":"shipping-taxable","17":"purchasable","18":"product-type-simple"},"_links":{"self":[{"href":"https:\/\/www.hml-fetish.de\/shop\/fr\/wp-json\/wp\/v2\/product\/31342","targetHints":{"allow":["GET"]}}],"collection":[{"href":"https:\/\/www.hml-fetish.de\/shop\/fr\/wp-json\/wp\/v2\/product"}],"about":[{"href":"https:\/\/www.hml-fetish.de\/shop\/fr\/wp-json\/wp\/v2\/types\/product"}],"replies":[{"embeddable":true,"href":"https:\/\/www.hml-fetish.de\/shop\/fr\/wp-json\/wp\/v2\/comments?post=31342"}],"version-history":[{"count":0,"href":"https:\/\/www.hml-fetish.de\/shop\/fr\/wp-json\/wp\/v2\/product\/31342\/revisions"}],"wp:featuredmedia":[{"embeddable":true,"href":"https:\/\/www.hml-fetish.de\/shop\/fr\/wp-json\/wp\/v2\/media\/31345"}],"wp:attachment":[{"href":"https:\/\/www.hml-fetish.de\/shop\/fr\/wp-json\/wp\/v2\/media?parent=31342"}],"wp:term":[{"taxonomy":"product_brand","embeddable":true,"href":"https:\/\/www.hml-fetish.de\/shop\/fr\/wp-json\/wp\/v2\/product_brand?post=31342"},{"taxonomy":"product_cat","embeddable":true,"href":"https:\/\/www.hml-fetish.de\/shop\/fr\/wp-json\/wp\/v2\/product_cat?post=31342"},{"taxonomy":"product_tag","embeddable":true,"href":"https:\/\/www.hml-fetish.de\/shop\/fr\/wp-json\/wp\/v2\/product_tag?post=31342"}],"curies":[{"name":"wp","href":"https:\/\/api.w.org\/{rel}","templated":true}]}}