{"id":31333,"date":"2022-08-27T14:07:12","date_gmt":"2022-08-27T12:07:12","guid":{"rendered":"https:\/\/www.hml-fetish.de\/shop\/?post_type=product&#038;p=31333"},"modified":"2022-08-27T14:16:18","modified_gmt":"2022-08-27T12:16:18","slug":"connecteur-pour-masque-a-gaz-i","status":"publish","type":"product","link":"https:\/\/www.hml-fetish.de\/shop\/fr\/connecteur-pour-masque-a-gaz-i\/","title":{"rendered":"Connecteur pour masque \u00e0 gaz I"},"content":{"rendered":"<p><P>Un outil tr\u00e8s sympa pour les jeux \u00e9pic\u00e9s \u00e0 deux : avec ce connecteur, vous pouvez connecter deux masques \u00e0 gaz ensemble \u00e0 un filtre via des tuyaux pliss\u00e9s. Au lieu du filtre, vous pouvez bien s\u00fbr utiliser un chiffon avec quelques gouttes d'&#8221;huile parfum\u00e9e&#8221;. S&#8217;il y a un troisi\u00e8me homme, vous pouvez aussi faire du Breath Control et d&#8217;autres choses stimulantes ensemble. Il n&#8217;y a pas de limite \u00e0 votre imagination.<\/P><\/p>\n","protected":false},"excerpt":{"rendered":"<p><H4>Connecteur pour masque \u00e0 gaz I<\/H4><br \/>\n<P>Un outil tr\u00e8s sympa pour les jeux \u00e9pic\u00e9s \u00e0 deux : avec ce connecteur, vous pouvez connecter deux masques \u00e0 gaz ensemble \u00e0 un filtre via des tuyaux pliss\u00e9s.<\/P><\/p>\n","protected":false},"featured_media":31336,"comment_status":"open","ping_status":"closed","template":"","meta":[],"product_brand":[],"product_cat":[700,714],"product_tag":[4421],"class_list":{"0":"post-31333","1":"product","2":"type-product","3":"status-publish","4":"has-post-thumbnail","6":"product_cat-cagoules-etc","7":"product_cat-dungeon-fr","8":"product_tag-breath-control-fr","9":"product_shipping_class-colis-fr","11":"first","12":"instock","13":"taxable","14":"shipping-taxable","15":"purchasable","16":"product-type-simple"},"_links":{"self":[{"href":"https:\/\/www.hml-fetish.de\/shop\/fr\/wp-json\/wp\/v2\/product\/31333","targetHints":{"allow":["GET"]}}],"collection":[{"href":"https:\/\/www.hml-fetish.de\/shop\/fr\/wp-json\/wp\/v2\/product"}],"about":[{"href":"https:\/\/www.hml-fetish.de\/shop\/fr\/wp-json\/wp\/v2\/types\/product"}],"replies":[{"embeddable":true,"href":"https:\/\/www.hml-fetish.de\/shop\/fr\/wp-json\/wp\/v2\/comments?post=31333"}],"version-history":[{"count":0,"href":"https:\/\/www.hml-fetish.de\/shop\/fr\/wp-json\/wp\/v2\/product\/31333\/revisions"}],"wp:featuredmedia":[{"embeddable":true,"href":"https:\/\/www.hml-fetish.de\/shop\/fr\/wp-json\/wp\/v2\/media\/31336"}],"wp:attachment":[{"href":"https:\/\/www.hml-fetish.de\/shop\/fr\/wp-json\/wp\/v2\/media?parent=31333"}],"wp:term":[{"taxonomy":"product_brand","embeddable":true,"href":"https:\/\/www.hml-fetish.de\/shop\/fr\/wp-json\/wp\/v2\/product_brand?post=31333"},{"taxonomy":"product_cat","embeddable":true,"href":"https:\/\/www.hml-fetish.de\/shop\/fr\/wp-json\/wp\/v2\/product_cat?post=31333"},{"taxonomy":"product_tag","embeddable":true,"href":"https:\/\/www.hml-fetish.de\/shop\/fr\/wp-json\/wp\/v2\/product_tag?post=31333"}],"curies":[{"name":"wp","href":"https:\/\/api.w.org\/{rel}","templated":true}]}}