{"id":31330,"date":"2022-08-27T13:58:15","date_gmt":"2022-08-27T11:58:15","guid":{"rendered":"https:\/\/www.hml-fetish.de\/shop\/connecteur-pour-masque-a-gaz-ii\/"},"modified":"2022-08-27T13:58:15","modified_gmt":"2022-08-27T11:58:15","slug":"connecteur-pour-masque-a-gaz-ii","status":"publish","type":"product","link":"https:\/\/www.hml-fetish.de\/shop\/fr\/connecteur-pour-masque-a-gaz-ii\/","title":{"rendered":"Connecteur pour masque \u00e0 gaz II"},"content":{"rendered":"<p><P>Un outil tr\u00e8s excitant pour les jeux \u00e9pic\u00e9s : avec ce connecteur, vous pouvez connecter un filtre, un sac respiratoire ou un autre tuyau \u00e0 l&#8217;entr\u00e9e de votre masque \u00e0 gaz. Si vous \u00eates sous le masque et que vous \u00eates attach\u00e9, votre partenaire peut vous faire de vilaines choses, car le connecteur est \u00e9quip\u00e9 d&#8217;un robinet d&#8217;arr\u00eat ! Si un troisi\u00e8me homme est pr\u00e9sent, vous pouvez aussi faire du breath control et d&#8217;autres choses excitantes ensemble. Il n&#8217;y a pas de limites \u00e0 votre imagination.<\/P><\/p>\n","protected":false},"excerpt":{"rendered":"<p><H4>Connecteur pour masque \u00e0 gaz II<\/H4><br \/>\n<P>Un outil tr\u00e8s excitant pour les jeux \u00e9pic\u00e9s : avec ce connecteur, vous pouvez connecter un filtre, un sac respiratoire ou un autre tuyau \u00e0 l&#8217;entr\u00e9e de votre masque \u00e0 gaz.<\/P><\/p>\n","protected":false},"featured_media":31327,"comment_status":"open","ping_status":"closed","template":"","meta":[],"product_brand":[],"product_cat":[700,714],"product_tag":[4421],"class_list":{"0":"post-31330","1":"product","2":"type-product","3":"status-publish","4":"has-post-thumbnail","6":"product_cat-cagoules-etc","7":"product_cat-dungeon-fr","8":"product_tag-breath-control-fr","9":"product_shipping_class-colis-fr","11":"first","12":"instock","13":"taxable","14":"shipping-taxable","15":"purchasable","16":"product-type-simple"},"_links":{"self":[{"href":"https:\/\/www.hml-fetish.de\/shop\/fr\/wp-json\/wp\/v2\/product\/31330","targetHints":{"allow":["GET"]}}],"collection":[{"href":"https:\/\/www.hml-fetish.de\/shop\/fr\/wp-json\/wp\/v2\/product"}],"about":[{"href":"https:\/\/www.hml-fetish.de\/shop\/fr\/wp-json\/wp\/v2\/types\/product"}],"replies":[{"embeddable":true,"href":"https:\/\/www.hml-fetish.de\/shop\/fr\/wp-json\/wp\/v2\/comments?post=31330"}],"version-history":[{"count":0,"href":"https:\/\/www.hml-fetish.de\/shop\/fr\/wp-json\/wp\/v2\/product\/31330\/revisions"}],"wp:featuredmedia":[{"embeddable":true,"href":"https:\/\/www.hml-fetish.de\/shop\/fr\/wp-json\/wp\/v2\/media\/31327"}],"wp:attachment":[{"href":"https:\/\/www.hml-fetish.de\/shop\/fr\/wp-json\/wp\/v2\/media?parent=31330"}],"wp:term":[{"taxonomy":"product_brand","embeddable":true,"href":"https:\/\/www.hml-fetish.de\/shop\/fr\/wp-json\/wp\/v2\/product_brand?post=31330"},{"taxonomy":"product_cat","embeddable":true,"href":"https:\/\/www.hml-fetish.de\/shop\/fr\/wp-json\/wp\/v2\/product_cat?post=31330"},{"taxonomy":"product_tag","embeddable":true,"href":"https:\/\/www.hml-fetish.de\/shop\/fr\/wp-json\/wp\/v2\/product_tag?post=31330"}],"curies":[{"name":"wp","href":"https:\/\/api.w.org\/{rel}","templated":true}]}}