{"id":31323,"date":"2022-08-27T13:33:20","date_gmt":"2022-08-27T11:33:20","guid":{"rendered":"https:\/\/www.hml-fetish.de\/shop\/filtre-pour-masques-a-gaz\/"},"modified":"2024-07-03T18:17:03","modified_gmt":"2024-07-03T16:17:03","slug":"filtre-pour-masques-a-gaz","status":"publish","type":"product","link":"https:\/\/www.hml-fetish.de\/shop\/fr\/filtre-pour-masques-a-gaz\/","title":{"rendered":"Filtre pour Masques \u00e0 gaz"},"content":{"rendered":"<p><P>Une cartouche filtrante avec un raccord pour les masques \u00e0 gaz du commerce en trois versions. La nouvelle cartouche est vide, les deux usag\u00e9es contiennent des cartouches filtrantes.<\/P><br \/>\n<P>Vous la remplissez avec le contenu de votre choix, par exemple un morceau d&#8217;essuie-tout sur lequel vous r\u00e9partissez quelques gouttes de poppers. Il s&#8217;agit d&#8217;un article de d\u00e9coration qui n&#8217;est pas destin\u00e9 \u00e0 la protection civile, mais \u00e0 des jeux excitants entre partenaires qui savent ce qu&#8217;ils veulent!<\/P><\/p>\n","protected":false},"excerpt":{"rendered":"<h4>Filtre pour Masques \u00e0 gaz<\/h4>\n<p><P>Une cartouche filtrante avec un raccord pour les masques \u00e0 gaz du commerce.<\/P><\/p>\n","protected":false},"featured_media":31320,"comment_status":"open","ping_status":"closed","template":"","meta":[],"product_brand":[],"product_cat":[700,634],"product_tag":[4421],"class_list":{"0":"post-31323","1":"product","2":"type-product","3":"status-publish","4":"has-post-thumbnail","6":"product_cat-cagoules-etc","7":"product_cat-accessoires-army","8":"product_tag-breath-control-fr","9":"product_shipping_class-colis-fr","11":"first","12":"instock","13":"taxable","14":"shipping-taxable","15":"purchasable","16":"product-type-variable"},"_links":{"self":[{"href":"https:\/\/www.hml-fetish.de\/shop\/fr\/wp-json\/wp\/v2\/product\/31323","targetHints":{"allow":["GET"]}}],"collection":[{"href":"https:\/\/www.hml-fetish.de\/shop\/fr\/wp-json\/wp\/v2\/product"}],"about":[{"href":"https:\/\/www.hml-fetish.de\/shop\/fr\/wp-json\/wp\/v2\/types\/product"}],"replies":[{"embeddable":true,"href":"https:\/\/www.hml-fetish.de\/shop\/fr\/wp-json\/wp\/v2\/comments?post=31323"}],"version-history":[{"count":0,"href":"https:\/\/www.hml-fetish.de\/shop\/fr\/wp-json\/wp\/v2\/product\/31323\/revisions"}],"wp:featuredmedia":[{"embeddable":true,"href":"https:\/\/www.hml-fetish.de\/shop\/fr\/wp-json\/wp\/v2\/media\/31320"}],"wp:attachment":[{"href":"https:\/\/www.hml-fetish.de\/shop\/fr\/wp-json\/wp\/v2\/media?parent=31323"}],"wp:term":[{"taxonomy":"product_brand","embeddable":true,"href":"https:\/\/www.hml-fetish.de\/shop\/fr\/wp-json\/wp\/v2\/product_brand?post=31323"},{"taxonomy":"product_cat","embeddable":true,"href":"https:\/\/www.hml-fetish.de\/shop\/fr\/wp-json\/wp\/v2\/product_cat?post=31323"},{"taxonomy":"product_tag","embeddable":true,"href":"https:\/\/www.hml-fetish.de\/shop\/fr\/wp-json\/wp\/v2\/product_tag?post=31323"}],"curies":[{"name":"wp","href":"https:\/\/api.w.org\/{rel}","templated":true}]}}