{"id":31316,"date":"2022-08-27T13:02:53","date_gmt":"2022-08-27T11:02:53","guid":{"rendered":"https:\/\/www.hml-fetish.de\/shop\/tuyau\/"},"modified":"2026-05-08T17:48:06","modified_gmt":"2026-05-08T15:48:06","slug":"tuyau-pour-masques-a-gaz","status":"publish","type":"product","link":"https:\/\/www.hml-fetish.de\/shop\/fr\/tuyau-pour-masques-a-gaz\/","title":{"rendered":"Tuyau pour Masques \u00e0 gaz"},"content":{"rendered":"<p><P>Ce tuyau s&#8217;adapte \u00e0 tous les masques \u00e0 gaz disponibles dans le commerce. Il s&#8217;agit d&#8217;un produit propre et neuf, et en 50 cm ou 100 cm longueur. Vous pouvez y brancher un filtre, un Pi\u00e8ce en T ou un ballon de respiration. Les professionnels y ins\u00e8rent un morceau d&#8217;essuie-tout avec quelques gouttes de poppers pour jouer. Pour les jeux de breath control ou de rebreathing, vous pouvez \u00e9galement faire respirer le porteur du masque \u00e0 travers le tuyau.<\/P><\/p>\n","protected":false},"excerpt":{"rendered":"<h4>Tuyau pour Masques \u00e0 gaz<\/h4>\n<p><P>Ce tuyau s&#8217;adapte \u00e0 tous les masques \u00e0 gaz disponibles dans le commerce. Il s&#8217;agit d&#8217;un produit propre et neuf. Vous pouvez y brancher un filtre, un Pi\u00e8ce en T ou un ballon de respiration. Les professionnels y ins\u00e8rent un morceau d&#8217;essuie-tout avec quelques gouttes de poppers pour jouer.<\/P><\/p>\n","protected":false},"featured_media":31301,"comment_status":"open","ping_status":"closed","template":"","meta":[],"product_brand":[],"product_cat":[700,732,714],"product_tag":[4421],"class_list":{"0":"post-31316","1":"product","2":"type-product","3":"status-publish","4":"has-post-thumbnail","6":"product_cat-cagoules-etc","7":"product_cat-best-seller","8":"product_cat-dungeon-fr","9":"product_tag-breath-control-fr","10":"product_shipping_class-colis-fr","12":"first","13":"instock","14":"taxable","15":"shipping-taxable","16":"purchasable","17":"product-type-variable"},"_links":{"self":[{"href":"https:\/\/www.hml-fetish.de\/shop\/fr\/wp-json\/wp\/v2\/product\/31316","targetHints":{"allow":["GET"]}}],"collection":[{"href":"https:\/\/www.hml-fetish.de\/shop\/fr\/wp-json\/wp\/v2\/product"}],"about":[{"href":"https:\/\/www.hml-fetish.de\/shop\/fr\/wp-json\/wp\/v2\/types\/product"}],"replies":[{"embeddable":true,"href":"https:\/\/www.hml-fetish.de\/shop\/fr\/wp-json\/wp\/v2\/comments?post=31316"}],"version-history":[{"count":3,"href":"https:\/\/www.hml-fetish.de\/shop\/fr\/wp-json\/wp\/v2\/product\/31316\/revisions"}],"predecessor-version":[{"id":39911,"href":"https:\/\/www.hml-fetish.de\/shop\/fr\/wp-json\/wp\/v2\/product\/31316\/revisions\/39911"}],"wp:featuredmedia":[{"embeddable":true,"href":"https:\/\/www.hml-fetish.de\/shop\/fr\/wp-json\/wp\/v2\/media\/31301"}],"wp:attachment":[{"href":"https:\/\/www.hml-fetish.de\/shop\/fr\/wp-json\/wp\/v2\/media?parent=31316"}],"wp:term":[{"taxonomy":"product_brand","embeddable":true,"href":"https:\/\/www.hml-fetish.de\/shop\/fr\/wp-json\/wp\/v2\/product_brand?post=31316"},{"taxonomy":"product_cat","embeddable":true,"href":"https:\/\/www.hml-fetish.de\/shop\/fr\/wp-json\/wp\/v2\/product_cat?post=31316"},{"taxonomy":"product_tag","embeddable":true,"href":"https:\/\/www.hml-fetish.de\/shop\/fr\/wp-json\/wp\/v2\/product_tag?post=31316"}],"curies":[{"name":"wp","href":"https:\/\/api.w.org\/{rel}","templated":true}]}}