{"id":31280,"date":"2022-08-26T17:29:01","date_gmt":"2022-08-26T15:29:01","guid":{"rendered":"https:\/\/www.hml-fetish.de\/shop\/?post_type=product&#038;p=31280"},"modified":"2023-02-03T16:47:18","modified_gmt":"2023-02-03T15:47:18","slug":"masque-a-gaz-russse","status":"publish","type":"product","link":"https:\/\/www.hml-fetish.de\/shop\/fr\/masque-a-gaz-russse\/","title":{"rendered":"Masque \u00e0 gaz russe (nouveau)"},"content":{"rendered":"<p><P>Nous les avons de nouveau, ces masques de l&#8217;arm\u00e9e russe qui font fureur. Il s&#8217;agit de produits neufs ! Bien entendu, nous ne les vendons que comme objets de d\u00e9coration. Ils ne sont pas adapt\u00e9s \u00e0 la protection civile ! Ce masque est disponible dans une taille universelle. Le tuyau et le filtre doivent \u00eatre achet\u00e9s s\u00e9par\u00e9ment pour profiter pleinement du masque !<\/P><\/p>\n","protected":false},"excerpt":{"rendered":"<h4>Masque \u00e0 gaz russe (nouveau)<\/h4>\n<p><P>Nous les avons de nouveau, ces masques de l&#8217;arm\u00e9e russe qui font fureur. Il s&#8217;agit de produits neufs ! Bien entendu, nous ne les vendons que comme objets de d\u00e9coration. Ils ne sont pas adapt\u00e9s \u00e0 la protection civile ! Ce masque est disponible dans une taille universelle. Le tuyau et le filtre doivent \u00eatre achet\u00e9s s\u00e9par\u00e9ment pour profiter pleinement du masque !<\/P><\/p>\n","protected":false},"featured_media":31293,"comment_status":"open","ping_status":"closed","template":"","meta":[],"product_brand":[],"product_cat":[700,736],"product_tag":[4421],"class_list":{"0":"post-31280","1":"product","2":"type-product","3":"status-publish","4":"has-post-thumbnail","6":"product_cat-cagoules-etc","7":"product_cat-nouveau-hml","8":"product_tag-breath-control-fr","9":"product_shipping_class-colis-fr","11":"first","12":"instock","13":"taxable","14":"shipping-taxable","15":"purchasable","16":"product-type-simple"},"_links":{"self":[{"href":"https:\/\/www.hml-fetish.de\/shop\/fr\/wp-json\/wp\/v2\/product\/31280","targetHints":{"allow":["GET"]}}],"collection":[{"href":"https:\/\/www.hml-fetish.de\/shop\/fr\/wp-json\/wp\/v2\/product"}],"about":[{"href":"https:\/\/www.hml-fetish.de\/shop\/fr\/wp-json\/wp\/v2\/types\/product"}],"replies":[{"embeddable":true,"href":"https:\/\/www.hml-fetish.de\/shop\/fr\/wp-json\/wp\/v2\/comments?post=31280"}],"version-history":[{"count":0,"href":"https:\/\/www.hml-fetish.de\/shop\/fr\/wp-json\/wp\/v2\/product\/31280\/revisions"}],"wp:featuredmedia":[{"embeddable":true,"href":"https:\/\/www.hml-fetish.de\/shop\/fr\/wp-json\/wp\/v2\/media\/31293"}],"wp:attachment":[{"href":"https:\/\/www.hml-fetish.de\/shop\/fr\/wp-json\/wp\/v2\/media?parent=31280"}],"wp:term":[{"taxonomy":"product_brand","embeddable":true,"href":"https:\/\/www.hml-fetish.de\/shop\/fr\/wp-json\/wp\/v2\/product_brand?post=31280"},{"taxonomy":"product_cat","embeddable":true,"href":"https:\/\/www.hml-fetish.de\/shop\/fr\/wp-json\/wp\/v2\/product_cat?post=31280"},{"taxonomy":"product_tag","embeddable":true,"href":"https:\/\/www.hml-fetish.de\/shop\/fr\/wp-json\/wp\/v2\/product_tag?post=31280"}],"curies":[{"name":"wp","href":"https:\/\/api.w.org\/{rel}","templated":true}]}}