{"id":29420,"date":"2022-01-23T22:43:54","date_gmt":"2022-01-23T21:43:54","guid":{"rendered":"https:\/\/www.hml-fetish.de\/shop\/russe-tee-shirt-marine\/"},"modified":"2022-01-23T22:43:54","modified_gmt":"2022-01-23T21:43:54","slug":"russe-tee-shirt-marine","status":"publish","type":"product","link":"https:\/\/www.hml-fetish.de\/shop\/fr\/russe-tee-shirt-marine\/","title":{"rendered":"Russe Tee-shirt Marine, manche courte"},"content":{"rendered":"<p><P>Chic et rayures noires et blanches. Les gar\u00e7ons russes ont toujours su ce qui \u00e9tait beau ! Fabriqu\u00e9 en 100% coton. Le mat\u00e9riau est du jersey simple teint en fil.<br \/>\n<BR><img decoding=\"async\" src=\"\/GIF\/sizefr_unisex_sp.gif\" alt=\"tableau des tailles\" title=\"tableau des tailles\" border=\"0\" height=\"194\" width=\"114\"><\/P><\/p>\n","protected":false},"excerpt":{"rendered":"<h4>Russe Tee-shirt Marine, manche courte<\/h4>\n<p><P>Chic et rayures noires et blanches. Les gar\u00e7ons russes ont toujours su ce qui \u00e9tait beau ! Fabriqu\u00e9 en 100% coton. Le mat\u00e9riau est du jersey simple teint en fil.<\/P><\/p>\n","protected":false},"featured_media":29399,"comment_status":"open","ping_status":"closed","template":"","meta":[],"product_brand":[],"product_cat":[736,658,630],"product_tag":[],"class_list":{"0":"post-29420","1":"product","2":"type-product","3":"status-publish","4":"has-post-thumbnail","6":"product_cat-nouveau-hml","7":"product_cat-t-shirts-debardeurs","8":"product_cat-vetements-army","9":"product_shipping_class-lettre","11":"first","12":"instock","13":"taxable","14":"shipping-taxable","15":"purchasable","16":"product-type-variable"},"_links":{"self":[{"href":"https:\/\/www.hml-fetish.de\/shop\/fr\/wp-json\/wp\/v2\/product\/29420","targetHints":{"allow":["GET"]}}],"collection":[{"href":"https:\/\/www.hml-fetish.de\/shop\/fr\/wp-json\/wp\/v2\/product"}],"about":[{"href":"https:\/\/www.hml-fetish.de\/shop\/fr\/wp-json\/wp\/v2\/types\/product"}],"replies":[{"embeddable":true,"href":"https:\/\/www.hml-fetish.de\/shop\/fr\/wp-json\/wp\/v2\/comments?post=29420"}],"version-history":[{"count":0,"href":"https:\/\/www.hml-fetish.de\/shop\/fr\/wp-json\/wp\/v2\/product\/29420\/revisions"}],"wp:featuredmedia":[{"embeddable":true,"href":"https:\/\/www.hml-fetish.de\/shop\/fr\/wp-json\/wp\/v2\/media\/29399"}],"wp:attachment":[{"href":"https:\/\/www.hml-fetish.de\/shop\/fr\/wp-json\/wp\/v2\/media?parent=29420"}],"wp:term":[{"taxonomy":"product_brand","embeddable":true,"href":"https:\/\/www.hml-fetish.de\/shop\/fr\/wp-json\/wp\/v2\/product_brand?post=29420"},{"taxonomy":"product_cat","embeddable":true,"href":"https:\/\/www.hml-fetish.de\/shop\/fr\/wp-json\/wp\/v2\/product_cat?post=29420"},{"taxonomy":"product_tag","embeddable":true,"href":"https:\/\/www.hml-fetish.de\/shop\/fr\/wp-json\/wp\/v2\/product_tag?post=29420"}],"curies":[{"name":"wp","href":"https:\/\/api.w.org\/{rel}","templated":true}]}}