{"id":29372,"date":"2022-01-23T22:43:54","date_gmt":"2022-01-23T21:43:54","guid":{"rendered":"https:\/\/www.hml-fetish.de\/shop\/sonde-prince-albert\/"},"modified":"2022-10-08T11:44:22","modified_gmt":"2022-10-08T09:44:22","slug":"sonde-prince-albert","status":"publish","type":"product","link":"https:\/\/www.hml-fetish.de\/shop\/fr\/sonde-prince-albert\/","title":{"rendered":"Sonde Prince Albert"},"content":{"rendered":"<p>Diabolo ur\u00e9tral pour tous les porteurs du Prince Albert : ins\u00e9rer la tige en acier inox dans l&#8217;ur\u00e8tre et la visser avec la petite tige de fixation. La tige principale est creuse. Cette pi\u00e8ce excitante existe d\u00e9sormais en diff\u00e9rentes versions. Avec une longueur de tige d&#8217;environ 70 mm et une \u00e9paisseur de tige de 8 mm. Astuce : pour faire pipi, il suffit de d\u00e9visser la boule sur la pointe. C&#8217;est tr\u00e8s excitant!<\/p>\n","protected":false},"excerpt":{"rendered":"<h4>Sonde Prince Albert<\/h4>\n<p>Diabolo ur\u00e9tral pour tous les porteurs du Prince Albert : ins\u00e9rer la tige en acier inox dans l&#8217;ur\u00e8tre et la visser avec la petite tige de fixation. La tige principale est creuse. Cette pi\u00e8ce excitante existe d\u00e9sormais en diff\u00e9rentes versions. Avec une longueur de tige d&#8217;environ 70 mm et une \u00e9paisseur de tige de 8 mm.<\/p>\n","protected":false},"featured_media":29356,"comment_status":"open","ping_status":"closed","template":"","meta":[],"product_brand":[],"product_cat":[697,694,734],"product_tag":[],"class_list":{"0":"post-29372","1":"product","2":"type-product","3":"status-publish","4":"has-post-thumbnail","6":"product_cat-cbt-fr","7":"product_cat-medical","8":"product_cat-promotion","9":"product_shipping_class-lettre","11":"first","12":"instock","13":"taxable","14":"shipping-taxable","15":"product-type-variable"},"_links":{"self":[{"href":"https:\/\/www.hml-fetish.de\/shop\/fr\/wp-json\/wp\/v2\/product\/29372","targetHints":{"allow":["GET"]}}],"collection":[{"href":"https:\/\/www.hml-fetish.de\/shop\/fr\/wp-json\/wp\/v2\/product"}],"about":[{"href":"https:\/\/www.hml-fetish.de\/shop\/fr\/wp-json\/wp\/v2\/types\/product"}],"replies":[{"embeddable":true,"href":"https:\/\/www.hml-fetish.de\/shop\/fr\/wp-json\/wp\/v2\/comments?post=29372"}],"version-history":[{"count":0,"href":"https:\/\/www.hml-fetish.de\/shop\/fr\/wp-json\/wp\/v2\/product\/29372\/revisions"}],"wp:featuredmedia":[{"embeddable":true,"href":"https:\/\/www.hml-fetish.de\/shop\/fr\/wp-json\/wp\/v2\/media\/29356"}],"wp:attachment":[{"href":"https:\/\/www.hml-fetish.de\/shop\/fr\/wp-json\/wp\/v2\/media?parent=29372"}],"wp:term":[{"taxonomy":"product_brand","embeddable":true,"href":"https:\/\/www.hml-fetish.de\/shop\/fr\/wp-json\/wp\/v2\/product_brand?post=29372"},{"taxonomy":"product_cat","embeddable":true,"href":"https:\/\/www.hml-fetish.de\/shop\/fr\/wp-json\/wp\/v2\/product_cat?post=29372"},{"taxonomy":"product_tag","embeddable":true,"href":"https:\/\/www.hml-fetish.de\/shop\/fr\/wp-json\/wp\/v2\/product_tag?post=29372"}],"curies":[{"name":"wp","href":"https:\/\/api.w.org\/{rel}","templated":true}]}}