{"id":29352,"date":"2022-01-23T22:43:55","date_gmt":"2022-01-23T21:43:55","guid":{"rendered":"https:\/\/www.hml-fetish.de\/shop\/baillon-avec-boule-silicone\/"},"modified":"2022-01-23T22:43:55","modified_gmt":"2022-01-23T21:43:55","slug":"baillon-avec-boule-silicone","status":"publish","type":"product","link":"https:\/\/www.hml-fetish.de\/shop\/fr\/baillon-avec-boule-silicone\/","title":{"rendered":"B\u00e2illon avec boule silicone"},"content":{"rendered":"<p><P>Ce b\u00e2illon de t&#8217;emp\u00eachera pas de hurler mais mais tu ne t&#8217;articuleras plus d&#8217;un \u00bbMMMPHH!\u00ab: Une boule massive en silicone noir r\u00e9sistant et hygi\u00e9nique fait son effet. Un accessoire \u00e0 conseiller aussi pour le harnais de pony!<\/P><\/p>\n","protected":false},"excerpt":{"rendered":"<h4>B\u00e2illon avec boule silicone<\/h4>\n<p><P>Ce b\u00e2illon de t&#8217;emp\u00eachera pas de hurler mais mais tu ne t&#8217;articuleras plus d&#8217;un \u00bbMMMPHH!\u00ab: Une boule massive en silicone noir r\u00e9sistant et hygi\u00e9nique fait son effet. Un accessoire \u00e0 conseiller aussi pour le harnais de pony!<\/P><\/p>\n","protected":false},"featured_media":29337,"comment_status":"open","ping_status":"closed","template":"","meta":[],"product_brand":[],"product_cat":[690,714],"product_tag":[],"class_list":{"0":"post-29352","1":"product","2":"type-product","3":"status-publish","4":"has-post-thumbnail","6":"product_cat-bondage-fr","7":"product_cat-dungeon-fr","8":"product_shipping_class-colis-fr","10":"first","11":"instock","12":"taxable","13":"shipping-taxable","14":"purchasable","15":"product-type-variable"},"_links":{"self":[{"href":"https:\/\/www.hml-fetish.de\/shop\/fr\/wp-json\/wp\/v2\/product\/29352","targetHints":{"allow":["GET"]}}],"collection":[{"href":"https:\/\/www.hml-fetish.de\/shop\/fr\/wp-json\/wp\/v2\/product"}],"about":[{"href":"https:\/\/www.hml-fetish.de\/shop\/fr\/wp-json\/wp\/v2\/types\/product"}],"replies":[{"embeddable":true,"href":"https:\/\/www.hml-fetish.de\/shop\/fr\/wp-json\/wp\/v2\/comments?post=29352"}],"version-history":[{"count":0,"href":"https:\/\/www.hml-fetish.de\/shop\/fr\/wp-json\/wp\/v2\/product\/29352\/revisions"}],"wp:featuredmedia":[{"embeddable":true,"href":"https:\/\/www.hml-fetish.de\/shop\/fr\/wp-json\/wp\/v2\/media\/29337"}],"wp:attachment":[{"href":"https:\/\/www.hml-fetish.de\/shop\/fr\/wp-json\/wp\/v2\/media?parent=29352"}],"wp:term":[{"taxonomy":"product_brand","embeddable":true,"href":"https:\/\/www.hml-fetish.de\/shop\/fr\/wp-json\/wp\/v2\/product_brand?post=29352"},{"taxonomy":"product_cat","embeddable":true,"href":"https:\/\/www.hml-fetish.de\/shop\/fr\/wp-json\/wp\/v2\/product_cat?post=29352"},{"taxonomy":"product_tag","embeddable":true,"href":"https:\/\/www.hml-fetish.de\/shop\/fr\/wp-json\/wp\/v2\/product_tag?post=29352"}],"curies":[{"name":"wp","href":"https:\/\/api.w.org\/{rel}","templated":true}]}}