{"id":29313,"date":"2022-01-23T22:43:55","date_gmt":"2022-01-23T21:43:55","guid":{"rendered":"https:\/\/www.hml-fetish.de\/shop\/attache-mains-rembourre\/"},"modified":"2022-01-23T22:43:55","modified_gmt":"2022-01-23T21:43:55","slug":"attache-mains-rembourre","status":"publish","type":"product","link":"https:\/\/www.hml-fetish.de\/shop\/fr\/attache-mains-rembourre\/","title":{"rendered":"Attache-mains rembourr\u00e9"},"content":{"rendered":"<p><P>90 mm de large. Sangles en nappa de b\u0153uf d&#8217;environ 2,7 mm d&#8217;\u00e9paisseur, 40 mm de large, sur une plaque rembourr\u00e9e souple et recouverte de cuir sur tout le pourtour. Respirantes et souples. Se mettent encore plus serr\u00e9es que les sangles non rembourr\u00e9es, donc exactement ce qu&#8217;il faut pour les professionnels du bondage. Une fois mises en place, les parties m\u00e9talliques de ces menottes n&#8217;entrent pas en contact avec la peau, elles conviennent donc aussi aux personnes allergiques au nickel. <\/P><\/p>\n","protected":false},"excerpt":{"rendered":"<h4>Attache-mains rembourr\u00e9<\/h4>\n<p><P>90 mm de large. Sangles en nappa de b\u0153uf d&#8217;environ 2,7 mm d&#8217;\u00e9paisseur, 40 mm de large, sur une plaque rembourr\u00e9e souple et recouverte de cuir sur tout le pourtour. Respirantes et souples. Se mettent encore plus serr\u00e9es que les sangles non rembourr\u00e9es, donc exactement ce qu&#8217;il faut pour les professionnels du bondage. Une fois mises en place, les parties m\u00e9talliques de ces menottes n&#8217;entrent pas en contact avec la peau, elles conviennent donc aussi aux personnes allergiques au nickel. <\/P><\/p>\n","protected":false},"featured_media":29297,"comment_status":"open","ping_status":"closed","template":"","meta":[],"product_brand":[],"product_cat":[599,690],"product_tag":[],"class_list":{"0":"post-29313","1":"product","2":"type-product","3":"status-publish","4":"has-post-thumbnail","6":"product_cat-attaches-en-cuir","7":"product_cat-bondage-fr","8":"product_shipping_class-colis-fr","10":"first","11":"instock","12":"taxable","13":"shipping-taxable","14":"purchasable","15":"product-type-simple"},"_links":{"self":[{"href":"https:\/\/www.hml-fetish.de\/shop\/fr\/wp-json\/wp\/v2\/product\/29313","targetHints":{"allow":["GET"]}}],"collection":[{"href":"https:\/\/www.hml-fetish.de\/shop\/fr\/wp-json\/wp\/v2\/product"}],"about":[{"href":"https:\/\/www.hml-fetish.de\/shop\/fr\/wp-json\/wp\/v2\/types\/product"}],"replies":[{"embeddable":true,"href":"https:\/\/www.hml-fetish.de\/shop\/fr\/wp-json\/wp\/v2\/comments?post=29313"}],"version-history":[{"count":0,"href":"https:\/\/www.hml-fetish.de\/shop\/fr\/wp-json\/wp\/v2\/product\/29313\/revisions"}],"wp:featuredmedia":[{"embeddable":true,"href":"https:\/\/www.hml-fetish.de\/shop\/fr\/wp-json\/wp\/v2\/media\/29297"}],"wp:attachment":[{"href":"https:\/\/www.hml-fetish.de\/shop\/fr\/wp-json\/wp\/v2\/media?parent=29313"}],"wp:term":[{"taxonomy":"product_brand","embeddable":true,"href":"https:\/\/www.hml-fetish.de\/shop\/fr\/wp-json\/wp\/v2\/product_brand?post=29313"},{"taxonomy":"product_cat","embeddable":true,"href":"https:\/\/www.hml-fetish.de\/shop\/fr\/wp-json\/wp\/v2\/product_cat?post=29313"},{"taxonomy":"product_tag","embeddable":true,"href":"https:\/\/www.hml-fetish.de\/shop\/fr\/wp-json\/wp\/v2\/product_tag?post=29313"}],"curies":[{"name":"wp","href":"https:\/\/api.w.org\/{rel}","templated":true}]}}