{"id":29229,"date":"2022-01-23T22:43:56","date_gmt":"2022-01-23T21:43:56","guid":{"rendered":"https:\/\/www.hml-fetish.de\/shop\/martinet-genitale\/"},"modified":"2022-01-23T22:43:56","modified_gmt":"2022-01-23T21:43:56","slug":"martinet-genitale","status":"publish","type":"product","link":"https:\/\/www.hml-fetish.de\/shop\/fr\/martinet-genitale\/","title":{"rendered":"Martinet g\u00e9nitale"},"content":{"rendered":"<p><P>Petite et discr\u00e8te, mais une vraie b\u00eate si tu l&#8217;utilises comme pr\u00e9vu. Avec une longueur totale de 27 cm, elle se glisse dans n&#8217;importe quelle poche de pantalon. Mais les dix bandes de cuir de 2 mm d&#8217;\u00e9paisseur peuvent vraiment mordre. La poign\u00e9e est recouverte d&#8217;un cuir fin et souple et porte un petit mousqueton pour le porte-cl\u00e9s ou le passant de ceinture.<\/P><\/p>\n","protected":false},"excerpt":{"rendered":"<h4>Martinet g\u00e9nitale<\/h4>\n<p><P>Petite et discr\u00e8te, mais une vraie b\u00eate si tu l&#8217;utilises comme pr\u00e9vu. Avec une longueur totale de 27 cm, elle se glisse dans n&#8217;importe quelle poche de pantalon. Mais les dix bandes de cuir de 2 mm d&#8217;\u00e9paisseur peuvent vraiment mordre. La poign\u00e9e est recouverte d&#8217;un cuir fin et souple et porte un petit mousqueton pour le porte-cl\u00e9s ou le passant de ceinture.<\/P><\/p>\n","protected":false},"featured_media":29225,"comment_status":"open","ping_status":"closed","template":"","meta":[],"product_brand":[],"product_cat":[706],"product_tag":[],"class_list":{"0":"post-29229","1":"product","2":"type-product","3":"status-publish","4":"has-post-thumbnail","6":"product_cat-flag-fr","7":"product_shipping_class-lettre","9":"first","10":"instock","11":"taxable","12":"shipping-taxable","13":"purchasable","14":"product-type-simple"},"_links":{"self":[{"href":"https:\/\/www.hml-fetish.de\/shop\/fr\/wp-json\/wp\/v2\/product\/29229","targetHints":{"allow":["GET"]}}],"collection":[{"href":"https:\/\/www.hml-fetish.de\/shop\/fr\/wp-json\/wp\/v2\/product"}],"about":[{"href":"https:\/\/www.hml-fetish.de\/shop\/fr\/wp-json\/wp\/v2\/types\/product"}],"replies":[{"embeddable":true,"href":"https:\/\/www.hml-fetish.de\/shop\/fr\/wp-json\/wp\/v2\/comments?post=29229"}],"version-history":[{"count":0,"href":"https:\/\/www.hml-fetish.de\/shop\/fr\/wp-json\/wp\/v2\/product\/29229\/revisions"}],"wp:featuredmedia":[{"embeddable":true,"href":"https:\/\/www.hml-fetish.de\/shop\/fr\/wp-json\/wp\/v2\/media\/29225"}],"wp:attachment":[{"href":"https:\/\/www.hml-fetish.de\/shop\/fr\/wp-json\/wp\/v2\/media?parent=29229"}],"wp:term":[{"taxonomy":"product_brand","embeddable":true,"href":"https:\/\/www.hml-fetish.de\/shop\/fr\/wp-json\/wp\/v2\/product_brand?post=29229"},{"taxonomy":"product_cat","embeddable":true,"href":"https:\/\/www.hml-fetish.de\/shop\/fr\/wp-json\/wp\/v2\/product_cat?post=29229"},{"taxonomy":"product_tag","embeddable":true,"href":"https:\/\/www.hml-fetish.de\/shop\/fr\/wp-json\/wp\/v2\/product_tag?post=29229"}],"curies":[{"name":"wp","href":"https:\/\/api.w.org\/{rel}","templated":true}]}}