{"id":29221,"date":"2022-01-23T22:43:57","date_gmt":"2022-01-23T21:43:57","guid":{"rendered":"https:\/\/www.hml-fetish.de\/shop\/fouet-en-cuir-avec-poignee-en-bois\/"},"modified":"2022-01-23T22:43:57","modified_gmt":"2022-01-23T21:43:57","slug":"fouet-en-cuir-avec-poignee-en-bois","status":"publish","type":"product","link":"https:\/\/www.hml-fetish.de\/shop\/fr\/fouet-en-cuir-avec-poignee-en-bois\/","title":{"rendered":"Fouet en cuir avec poign\u00e9e en bois"},"content":{"rendered":"<p><P>Environ 15 queues, chacune d&#8217;environ 6 mm de large et 45 cm de long (longueur totale d&#8217;environ 60 cm). Les lani\u00e8res sont en cuir vierge de 2 mm d&#8217;\u00e9paisseur et sont vraiment solides. Dans l&#8217;ensemble, c&#8217;est un fouet plut\u00f4t l\u00e9ger pour le pr\u00e9chauffage et qui laisse peu de traces. La poign\u00e9e est tourn\u00e9e de mani\u00e8re propre et lisse et soigneusement peinte en noir. Cet appareil ne s&#8217;adapte pas seulement \u00e0 ton cul, mais aussi parfaitement \u00e0 l&#8217;int\u00e9rieur ! Une boucle de maintien avec mousqueton est incluse.<\/P><br \/>\n<P>Au Moyen-\u00c2ge, les flagellants parcouraient les rues avec de tels fouets (enfin, peut-\u00eatre pas exactement ce mod\u00e8le, qui convient aussi \u00e0 d&#8217;autres applications) pour se rendre \u00e0 leur cath\u00e9drale et se frapper le dos avec l&#8217;instrument de Dieu dans l&#8217;espoir d&#8217;obtenir l&#8217;absolution de leurs p\u00e9ch\u00e9s. Aujourd&#8217;hui, on souhaiterait que certains cercles aient conserv\u00e9 cette tradition b\u00e9n\u00e9fique.<\/P><\/p>\n","protected":false},"excerpt":{"rendered":"<h4>Fouet en cuir avec poign\u00e9e en bois<\/h4>\n<p><P>Environ 15 queues, chacune d&#8217;environ 6 mm de large et 45 cm de long (longueur totale d&#8217;environ 60 cm). Les lani\u00e8res sont en cuir vierge de 2 mm d&#8217;\u00e9paisseur et sont vraiment solides. Dans l&#8217;ensemble, c&#8217;est un fouet plut\u00f4t l\u00e9ger pour le pr\u00e9chauffage et qui laisse peu de traces. La poign\u00e9e est tourn\u00e9e de mani\u00e8re propre et lisse et soigneusement peinte en noir. Cet appareil ne s&#8217;adapte pas seulement \u00e0 ton cul, mais aussi parfaitement \u00e0 l&#8217;int\u00e9rieur ! Une boucle de maintien avec mousqueton est incluse.<\/P><\/p>\n","protected":false},"featured_media":29212,"comment_status":"open","ping_status":"closed","template":"","meta":[],"product_brand":[],"product_cat":[706,712,686],"product_tag":[],"class_list":{"0":"post-29221","1":"product","2":"type-product","3":"status-publish","4":"has-post-thumbnail","6":"product_cat-flag-fr","7":"product_cat-pet-play-fr","8":"product_cat-plugs-fr","9":"product_shipping_class-colis-fr","11":"first","12":"instock","13":"taxable","14":"shipping-taxable","15":"purchasable","16":"product-type-simple"},"_links":{"self":[{"href":"https:\/\/www.hml-fetish.de\/shop\/fr\/wp-json\/wp\/v2\/product\/29221","targetHints":{"allow":["GET"]}}],"collection":[{"href":"https:\/\/www.hml-fetish.de\/shop\/fr\/wp-json\/wp\/v2\/product"}],"about":[{"href":"https:\/\/www.hml-fetish.de\/shop\/fr\/wp-json\/wp\/v2\/types\/product"}],"replies":[{"embeddable":true,"href":"https:\/\/www.hml-fetish.de\/shop\/fr\/wp-json\/wp\/v2\/comments?post=29221"}],"version-history":[{"count":0,"href":"https:\/\/www.hml-fetish.de\/shop\/fr\/wp-json\/wp\/v2\/product\/29221\/revisions"}],"wp:featuredmedia":[{"embeddable":true,"href":"https:\/\/www.hml-fetish.de\/shop\/fr\/wp-json\/wp\/v2\/media\/29212"}],"wp:attachment":[{"href":"https:\/\/www.hml-fetish.de\/shop\/fr\/wp-json\/wp\/v2\/media?parent=29221"}],"wp:term":[{"taxonomy":"product_brand","embeddable":true,"href":"https:\/\/www.hml-fetish.de\/shop\/fr\/wp-json\/wp\/v2\/product_brand?post=29221"},{"taxonomy":"product_cat","embeddable":true,"href":"https:\/\/www.hml-fetish.de\/shop\/fr\/wp-json\/wp\/v2\/product_cat?post=29221"},{"taxonomy":"product_tag","embeddable":true,"href":"https:\/\/www.hml-fetish.de\/shop\/fr\/wp-json\/wp\/v2\/product_tag?post=29221"}],"curies":[{"name":"wp","href":"https:\/\/api.w.org\/{rel}","templated":true}]}}