{"id":29208,"date":"2022-01-23T22:43:57","date_gmt":"2022-01-23T21:43:57","guid":{"rendered":"https:\/\/www.hml-fetish.de\/shop\/baton-en-cuir\/"},"modified":"2022-01-23T22:43:57","modified_gmt":"2022-01-23T21:43:57","slug":"baton-en-cuir","status":"publish","type":"product","link":"https:\/\/www.hml-fetish.de\/shop\/fr\/baton-en-cuir\/","title":{"rendered":"B\u00e2ton en cuir"},"content":{"rendered":"<p><P>L&#8217;outil assorti \u00e0 la tenue Leathercop : une matraque \u00e9lastique de plus de 60 cm de long, recouverte de cuir sur toute sa longueur. Lors de la prochaine <a HREF=\"https:\/\/www.bluf.com\/\" TARGET=\"nouveau\">party BLUF<\/A>, tu pourrais ainsi avoir plus d&#8217;admirateurs que tu ne le souhaiterais.<\/P><\/p>\n","protected":false},"excerpt":{"rendered":"<h4>B\u00e2ton en cuir<\/h4>\n<p><P>L&#8217;outil assorti \u00e0 la tenue Leathercop : une matraque \u00e9lastique de plus de 60 cm de long, recouverte de cuir sur toute sa longueur. Lors de la prochaine <a HREF=\"https:\/\/www.bluf.com\/\" TARGET=\"nouveau\">party BLUF<\/A>, tu pourrais ainsi avoir plus d&#8217;admirateurs que tu ne le souhaiterais.<\/P><\/p>\n","protected":false},"featured_media":29205,"comment_status":"open","ping_status":"closed","template":"","meta":[],"product_brand":[],"product_cat":[649,706],"product_tag":[],"class_list":{"0":"post-29208","1":"product","2":"type-product","3":"status-publish","4":"has-post-thumbnail","6":"product_cat-accessoires-fr","7":"product_cat-flag-fr","8":"product_shipping_class-colis-fr","10":"first","11":"instock","12":"taxable","13":"shipping-taxable","14":"purchasable","15":"product-type-simple"},"_links":{"self":[{"href":"https:\/\/www.hml-fetish.de\/shop\/fr\/wp-json\/wp\/v2\/product\/29208","targetHints":{"allow":["GET"]}}],"collection":[{"href":"https:\/\/www.hml-fetish.de\/shop\/fr\/wp-json\/wp\/v2\/product"}],"about":[{"href":"https:\/\/www.hml-fetish.de\/shop\/fr\/wp-json\/wp\/v2\/types\/product"}],"replies":[{"embeddable":true,"href":"https:\/\/www.hml-fetish.de\/shop\/fr\/wp-json\/wp\/v2\/comments?post=29208"}],"version-history":[{"count":0,"href":"https:\/\/www.hml-fetish.de\/shop\/fr\/wp-json\/wp\/v2\/product\/29208\/revisions"}],"wp:featuredmedia":[{"embeddable":true,"href":"https:\/\/www.hml-fetish.de\/shop\/fr\/wp-json\/wp\/v2\/media\/29205"}],"wp:attachment":[{"href":"https:\/\/www.hml-fetish.de\/shop\/fr\/wp-json\/wp\/v2\/media?parent=29208"}],"wp:term":[{"taxonomy":"product_brand","embeddable":true,"href":"https:\/\/www.hml-fetish.de\/shop\/fr\/wp-json\/wp\/v2\/product_brand?post=29208"},{"taxonomy":"product_cat","embeddable":true,"href":"https:\/\/www.hml-fetish.de\/shop\/fr\/wp-json\/wp\/v2\/product_cat?post=29208"},{"taxonomy":"product_tag","embeddable":true,"href":"https:\/\/www.hml-fetish.de\/shop\/fr\/wp-json\/wp\/v2\/product_tag?post=29208"}],"curies":[{"name":"wp","href":"https:\/\/api.w.org\/{rel}","templated":true}]}}