{"id":29201,"date":"2022-01-23T22:43:57","date_gmt":"2022-01-23T21:43:57","guid":{"rendered":"https:\/\/www.hml-fetish.de\/shop\/martinet-lourd-en-cuir\/"},"modified":"2022-01-23T22:43:57","modified_gmt":"2022-01-23T21:43:57","slug":"martinet-lourd-en-cuir","status":"publish","type":"product","link":"https:\/\/www.hml-fetish.de\/shop\/fr\/martinet-lourd-en-cuir\/","title":{"rendered":"Martinet lourd en cuir"},"content":{"rendered":"<p><P>Ce fouet a une poign\u00e9e en bois laqu\u00e9e et polie lisse, une boucle de maintien et mesure environ 80 cm de long. La particularit\u00e9 de ce fouet est le cuir \u00e9pais des lani\u00e8res. Elles ont une section carr\u00e9e d&#8217;environ 4 mm. Le fouet est ainsi particuli\u00e8rement lourd dans la main et tire bien. Tu peux ainsi faire des stries bien grasses, lorsque ton partenaire en a besoin et qu&#8217;il en redemande!<\/P><br \/>\n<P>Au Moyen-\u00c2ge, les flagellants parcouraient les rues jusqu&#8217;\u00e0 leur cath\u00e9drale avec de tels fl\u00e9aux et s&#8217;en servaient pour se battre le dos jusqu&#8217;au sang, dans l&#8217;espoir d&#8217;obtenir l&#8217;indulgence pour leurs p\u00e9ch\u00e9s. Aujourd&#8217;hui, on souhaiterait que certains cercles aient conserv\u00e9 cette tradition b\u00e9n\u00e9fique.<\/P><\/p>\n","protected":false},"excerpt":{"rendered":"<h4>Martinet lourd en cuir<\/h4>\n<p><P>Ce fouet a une poign\u00e9e en bois laqu\u00e9e et polie lisse, une boucle de maintien et mesure environ 80 cm de long. La particularit\u00e9 de ce fouet est le cuir \u00e9pais des lani\u00e8res. Elles ont une section carr\u00e9e d&#8217;environ 4 mm. Le fouet est ainsi particuli\u00e8rement lourd dans la main et tire bien. Tu peux ainsi faire des stries bien grasses, lorsque ton partenaire en a besoin et qu&#8217;il en redemande!<\/P><\/p>\n","protected":false},"featured_media":29191,"comment_status":"open","ping_status":"closed","template":"","meta":[],"product_brand":[],"product_cat":[732,706],"product_tag":[4372],"class_list":{"0":"post-29201","1":"product","2":"type-product","3":"status-publish","4":"has-post-thumbnail","6":"product_cat-best-seller","7":"product_cat-flag-fr","8":"product_tag-best-seller-toys-bdsm","9":"product_shipping_class-colis-fr","11":"first","12":"instock","13":"taxable","14":"shipping-taxable","15":"purchasable","16":"product-type-simple"},"_links":{"self":[{"href":"https:\/\/www.hml-fetish.de\/shop\/fr\/wp-json\/wp\/v2\/product\/29201","targetHints":{"allow":["GET"]}}],"collection":[{"href":"https:\/\/www.hml-fetish.de\/shop\/fr\/wp-json\/wp\/v2\/product"}],"about":[{"href":"https:\/\/www.hml-fetish.de\/shop\/fr\/wp-json\/wp\/v2\/types\/product"}],"replies":[{"embeddable":true,"href":"https:\/\/www.hml-fetish.de\/shop\/fr\/wp-json\/wp\/v2\/comments?post=29201"}],"version-history":[{"count":0,"href":"https:\/\/www.hml-fetish.de\/shop\/fr\/wp-json\/wp\/v2\/product\/29201\/revisions"}],"wp:featuredmedia":[{"embeddable":true,"href":"https:\/\/www.hml-fetish.de\/shop\/fr\/wp-json\/wp\/v2\/media\/29191"}],"wp:attachment":[{"href":"https:\/\/www.hml-fetish.de\/shop\/fr\/wp-json\/wp\/v2\/media?parent=29201"}],"wp:term":[{"taxonomy":"product_brand","embeddable":true,"href":"https:\/\/www.hml-fetish.de\/shop\/fr\/wp-json\/wp\/v2\/product_brand?post=29201"},{"taxonomy":"product_cat","embeddable":true,"href":"https:\/\/www.hml-fetish.de\/shop\/fr\/wp-json\/wp\/v2\/product_cat?post=29201"},{"taxonomy":"product_tag","embeddable":true,"href":"https:\/\/www.hml-fetish.de\/shop\/fr\/wp-json\/wp\/v2\/product_tag?post=29201"}],"curies":[{"name":"wp","href":"https:\/\/api.w.org\/{rel}","templated":true}]}}