{"id":29187,"date":"2022-01-23T22:43:57","date_gmt":"2022-01-23T21:43:57","guid":{"rendered":"https:\/\/www.hml-fetish.de\/shop\/butt-plug-crin-de-cheval\/"},"modified":"2022-01-23T22:43:57","modified_gmt":"2022-01-23T21:43:57","slug":"butt-plug-crin-de-cheval","status":"publish","type":"product","link":"https:\/\/www.hml-fetish.de\/shop\/fr\/butt-plug-crin-de-cheval\/","title":{"rendered":"Butt-plug crin de cheval"},"content":{"rendered":"<p><P>Voici le must pour le pony-play: un butt-plug en bois poli et verni noir qui comprend une queue en v\u00e9ritable crin de cheval. Pour les adeptes nous proposons donc cet accessoire qui rendra l&#8217;illusion parfaite. Ton \u00e9talon en sera ravi! Le bouchon a un diam\u00e8tre de 4,0 cm et la longueur totale, queue comprise, est d&#8217;environ 70 cm.<\/P><\/p>\n","protected":false},"excerpt":{"rendered":"<h4>Butt-plug crin de cheval<\/h4>\n<p><P>Voici le must pour le pony-play: un butt-plug en bois poli et verni noir qui comprend une queue en v\u00e9ritable crin de cheval. Pour les adeptes nous proposons donc cet accessoire qui rendra l&#8217;illusion parfaite. Ton \u00e9talon en sera ravi! Le bouchon a un diam\u00e8tre de 4,0 cm et la longueur totale, queue comprise, est d&#8217;environ 70 cm.<\/P><\/p>\n","protected":false},"featured_media":29181,"comment_status":"open","ping_status":"closed","template":"","meta":[],"product_brand":[],"product_cat":[712,686],"product_tag":[],"class_list":{"0":"post-29187","1":"product","2":"type-product","3":"status-publish","4":"has-post-thumbnail","6":"product_cat-pet-play-fr","7":"product_cat-plugs-fr","8":"product_shipping_class-colis-fr","10":"first","11":"instock","12":"taxable","13":"shipping-taxable","14":"purchasable","15":"product-type-simple"},"_links":{"self":[{"href":"https:\/\/www.hml-fetish.de\/shop\/fr\/wp-json\/wp\/v2\/product\/29187","targetHints":{"allow":["GET"]}}],"collection":[{"href":"https:\/\/www.hml-fetish.de\/shop\/fr\/wp-json\/wp\/v2\/product"}],"about":[{"href":"https:\/\/www.hml-fetish.de\/shop\/fr\/wp-json\/wp\/v2\/types\/product"}],"replies":[{"embeddable":true,"href":"https:\/\/www.hml-fetish.de\/shop\/fr\/wp-json\/wp\/v2\/comments?post=29187"}],"version-history":[{"count":0,"href":"https:\/\/www.hml-fetish.de\/shop\/fr\/wp-json\/wp\/v2\/product\/29187\/revisions"}],"wp:featuredmedia":[{"embeddable":true,"href":"https:\/\/www.hml-fetish.de\/shop\/fr\/wp-json\/wp\/v2\/media\/29181"}],"wp:attachment":[{"href":"https:\/\/www.hml-fetish.de\/shop\/fr\/wp-json\/wp\/v2\/media?parent=29187"}],"wp:term":[{"taxonomy":"product_brand","embeddable":true,"href":"https:\/\/www.hml-fetish.de\/shop\/fr\/wp-json\/wp\/v2\/product_brand?post=29187"},{"taxonomy":"product_cat","embeddable":true,"href":"https:\/\/www.hml-fetish.de\/shop\/fr\/wp-json\/wp\/v2\/product_cat?post=29187"},{"taxonomy":"product_tag","embeddable":true,"href":"https:\/\/www.hml-fetish.de\/shop\/fr\/wp-json\/wp\/v2\/product_tag?post=29187"}],"curies":[{"name":"wp","href":"https:\/\/api.w.org\/{rel}","templated":true}]}}