{"id":29177,"date":"2022-01-23T22:43:58","date_gmt":"2022-01-23T21:43:58","guid":{"rendered":"https:\/\/www.hml-fetish.de\/shop\/cravache-pointe\/"},"modified":"2022-01-23T22:43:58","modified_gmt":"2022-01-23T21:43:58","slug":"cravache-pointe","status":"publish","type":"product","link":"https:\/\/www.hml-fetish.de\/shop\/fr\/cravache-pointe\/","title":{"rendered":"Cravache pointe"},"content":{"rendered":"<p><P>Cette lourde cravache d&#8217;\u00e9quitation a un manche en bois laqu\u00e9 et poli lisse, une dragonne de maintien et mesure environ 50 cm de long. La particularit\u00e9 de ce heurtoir r\u00e9side dans les petites \u00e9pines qui y sont int\u00e9gr\u00e9es. Elles s&#8217;\u00e9l\u00e8vent \u00e0 peine au-dessus de la surface du cuir, mais elles se tordent correctement lorsqu&#8217;on les frappe. Selon l&#8217;intensit\u00e9 et la direction du coup, elles laissent \u00e9galement des rayures sur la peau. Il vaut donc mieux s&#8217;entra\u00eener sur soi-m\u00eame pour apprendre \u00e0 \u00e9valuer leur effet!<\/P><\/p>\n","protected":false},"excerpt":{"rendered":"<h4>Cravache pointe<\/h4>\n<p><P>Cette lourde cravache d&#8217;\u00e9quitation a un manche en bois laqu\u00e9 et poli lisse, une dragonne de maintien et mesure environ 50 cm de long. La particularit\u00e9 de ce heurtoir r\u00e9side dans les petites \u00e9pines qui y sont int\u00e9gr\u00e9es. Elles s&#8217;\u00e9l\u00e8vent \u00e0 peine au-dessus de la surface du cuir, mais elles se tordent correctement lorsqu&#8217;on les frappe. Selon l&#8217;intensit\u00e9 et la direction du coup, elles laissent \u00e9galement des rayures sur la peau. Il vaut donc mieux s&#8217;entra\u00eener sur soi-m\u00eame pour apprendre \u00e0 \u00e9valuer leur effet!<\/P><\/p>\n","protected":false},"featured_media":37715,"comment_status":"open","ping_status":"closed","template":"","meta":[],"product_brand":[],"product_cat":[706,736],"product_tag":[],"class_list":{"0":"post-29177","1":"product","2":"type-product","3":"status-publish","4":"has-post-thumbnail","6":"product_cat-flag-fr","7":"product_cat-nouveau-hml","8":"product_shipping_class-colis-fr","10":"first","11":"instock","12":"taxable","13":"shipping-taxable","14":"purchasable","15":"product-type-simple"},"_links":{"self":[{"href":"https:\/\/www.hml-fetish.de\/shop\/fr\/wp-json\/wp\/v2\/product\/29177","targetHints":{"allow":["GET"]}}],"collection":[{"href":"https:\/\/www.hml-fetish.de\/shop\/fr\/wp-json\/wp\/v2\/product"}],"about":[{"href":"https:\/\/www.hml-fetish.de\/shop\/fr\/wp-json\/wp\/v2\/types\/product"}],"replies":[{"embeddable":true,"href":"https:\/\/www.hml-fetish.de\/shop\/fr\/wp-json\/wp\/v2\/comments?post=29177"}],"version-history":[{"count":0,"href":"https:\/\/www.hml-fetish.de\/shop\/fr\/wp-json\/wp\/v2\/product\/29177\/revisions"}],"wp:featuredmedia":[{"embeddable":true,"href":"https:\/\/www.hml-fetish.de\/shop\/fr\/wp-json\/wp\/v2\/media\/37715"}],"wp:attachment":[{"href":"https:\/\/www.hml-fetish.de\/shop\/fr\/wp-json\/wp\/v2\/media?parent=29177"}],"wp:term":[{"taxonomy":"product_brand","embeddable":true,"href":"https:\/\/www.hml-fetish.de\/shop\/fr\/wp-json\/wp\/v2\/product_brand?post=29177"},{"taxonomy":"product_cat","embeddable":true,"href":"https:\/\/www.hml-fetish.de\/shop\/fr\/wp-json\/wp\/v2\/product_cat?post=29177"},{"taxonomy":"product_tag","embeddable":true,"href":"https:\/\/www.hml-fetish.de\/shop\/fr\/wp-json\/wp\/v2\/product_tag?post=29177"}],"curies":[{"name":"wp","href":"https:\/\/api.w.org\/{rel}","templated":true}]}}